{"id":8814,"date":"2018-10-14T16:16:04","date_gmt":"2018-10-14T14:16:04","guid":{"rendered":"https:\/\/physik.nawi.at\/?page_id=8814"},"modified":"2022-10-05T17:35:45","modified_gmt":"2022-10-05T15:35:45","slug":"was-ist-ein-erstitut","status":"publish","type":"page","link":"https:\/\/physik.nawi.at\/index.php\/informationen\/vor-dem-studium\/erstitut\/was-ist-ein-erstitut\/","title":{"rendered":"Was ist ein (Qu)Erstitut?"},"content":{"rendered":"<p>Das Erstsemestrigen-Tutorium (kurz: Erstitut) ist dazu da, Erstsemestrige am Studienanfang zu begleiten und ihnen die M\u00f6glichkeit zu geben, sich untereinander zu vernetzen, studienbezogene Fragen zu kl\u00e4ren und zus\u00e4tzlich auch noch Studierende aus h\u00f6heren Semestern kennenzulernen.<\/p>\n<p>W\u00e4hrend die Erstituts im Wintersemester stattfinden, werden die Quereinsteiger-Tutorien im Sommersemester abgehalten. Das Prinzip bleibt aber das Gleiche.<\/p>\n<p>Die Gruppentreffen sind geblockt, w\u00f6chentlich oder zu besonderen Terminen in Kleingruppen und genie\u00dfen gemeinsam das Programm des betreffenden Tutoriums. Die Programme der einzelnen Tutorien unterscheiden sich stark. Sie bieten Programmpunkte, wie zum Beispiel:<\/p>\n<ul>\n<li>Labore\u00a0 besuchen<\/li>\n<li>den Uni-Alltag und die Fakult\u00e4t bzw. Wien kennenzulernen<\/li>\n<li>sich mit Leuten, die schon l\u00e4nger studieren austauschen<\/li>\n<li>ungezwungen und gem\u00fctlich bei einem oder mehreren Getr\u00e4nken zu plaudern<\/li>\n<li>der\/die\/das eine oder andere gemeinsame Projekt\/Workshop\/Diskussionsrunde.<\/li>\n<\/ul>\n<p><b>Wie kommst du also zu einem Erstitut?<\/b> Es wird eine Online-Vorstellung (\u21e8 <a href=\"https:\/\/physik.nawi.at\/index.php\/vor-dem-studium\/erstitut\/ersti-tutorien-2022\/\">Ersti-Tutorien 2022<\/a>) am 07.10.2022 geben. Au\u00dferdem haben wir einen Discord Server, auf dem sich alle Erstis vernetzen k\u00f6nnen: <a href=\"https:\/\/discord.gg\/9UWj9TD\">https:\/\/discord.gg\/9UWj9TD<\/a><\/p>\n<p>Du kannst dich jederzeit einem der Erstituts anschlie\u00dfen. Wie das geht, erf\u00e4hrst du im <a href=\"https:\/\/physik.nawi.at\/index.php\/kontakt\/\">Journaldienst<\/a> oder einfach selbstst\u00e4ndig \u00fcber den Erstitut-Verteiler \u00fcber den Link unten.<\/p>\n<p>Wenn du w\u00f6chentlich \u00fcber die Programme der Erstituts in der kommenden Woche informiert werden m\u00f6chtest, kannst du dich auch in den Verteiler eintragen, welcher <a href=\"https:\/\/survey.nawi.at\/index.php?r=survey\/index&amp;sid=216927&amp;lang=de-informal&amp;encode=\">hier<\/a> und auf\u00a0<a href=\"https:\/\/physik.nawi.at\/index.php\/vor-dem-studium\/erstitut\/ersti-tutorien-2022\/\">Ersti-Tutorien 2022<\/a> zu finden ist<\/p>\n<div id=\"gtx-trans\" style=\"position: absolute; left: 40px; top: 896px;\">\n<div class=\"gtx-trans-icon\"><\/div>\n<\/div>\n","protected":false},"excerpt":{"rendered":"<p>Das Erstsemestrigen-Tutorium (kurz: Erstitut) ist dazu da, Erstsemestrige am Studienanfang zu begleiten und ihnen die M\u00f6glichkeit zu geben, sich untereinander zu vernetzen, studienbezogene Fragen zu kl\u00e4ren und zus\u00e4tzlich auch noch Studierende aus h\u00f6heren Semestern kennenzulernen. W\u00e4hrend die Erstituts im Wintersemester stattfinden, werden die Quereinsteiger-Tutorien im Sommersemester abgehalten. Das Prinzip bleibt aber das Gleiche. Die Gruppentreffen [&hellip;]<\/p>\n","protected":false},"author":48,"featured_media":0,"parent":6763,"menu_order":2,"comment_status":"closed","ping_status":"closed","template":"","meta":[],"_links":{"self":[{"href":"https:\/\/physik.nawi.at\/index.php\/wp-json\/wp\/v2\/pages\/8814"}],"collection":[{"href":"https:\/\/physik.nawi.at\/index.php\/wp-json\/wp\/v2\/pages"}],"about":[{"href":"https:\/\/physik.nawi.at\/index.php\/wp-json\/wp\/v2\/types\/page"}],"author":[{"embeddable":true,"href":"https:\/\/physik.nawi.at\/index.php\/wp-json\/wp\/v2\/users\/48"}],"replies":[{"embeddable":true,"href":"https:\/\/physik.nawi.at\/index.php\/wp-json\/wp\/v2\/comments?post=8814"}],"version-history":[{"count":0,"href":"https:\/\/physik.nawi.at\/index.php\/wp-json\/wp\/v2\/pages\/8814\/revisions"}],"up":[{"embeddable":true,"href":"https:\/\/physik.nawi.at\/index.php\/wp-json\/wp\/v2\/pages\/6763"}],"wp:attachment":[{"href":"https:\/\/physik.nawi.at\/index.php\/wp-json\/wp\/v2\/media?parent=8814"}],"curies":[{"name":"wp","href":"https:\/\/api.w.org\/{rel}","templated":true}]}}