{"id":852,"date":"2013-09-06T04:59:49","date_gmt":"2013-09-06T02:59:49","guid":{"rendered":"https:\/\/physik.nawi.at\/?page_id=852"},"modified":"2022-12-13T13:34:56","modified_gmt":"2022-12-13T12:34:56","slug":"frauen-projekte","status":"publish","type":"page","link":"https:\/\/physik.nawi.at\/index.php\/uni-politik\/frauen-projekte\/","title":{"rendered":"Frauen Projekte"},"content":{"rendered":"<div align=\"left\">\n<p><span style=\"color: #000000; font-family: Arial;\">Auch dieses Semester bieten die Frauen*projekte wieder <strong>Schreibwerkst\u00e4tten<\/strong> und <strong>Masterarbeitscoachings<\/strong> f\u00fcr Frauen* an.<br \/>\n<\/span><\/p>\n<\/div>\n<div align=\"left\"><span style=\"color: #000000; font-family: Arial;\">Falls ihr euch generell \u00fcber das Projekt, Frauen*projekte informieren wollt dann folgt dem <strong><a href=\"http:\/\/frauenprojekte.bagru.at\/\">Link<\/a>.<\/strong><\/span><\/div>\n<div align=\"left\"><\/div>\n<div align=\"left\">\n<div align=\"left\">\n<p>Wir haben uns in den letzten Semestern immer dazu entschlossen, die Frauenprojekte unseren Grunds\u00e4tzen entsprechend mittels\u00a0unserem STV\/FV-Budget zu unterst\u00fctzen.<\/p>\n<p>Das gab nat\u00fcrlich immer Diskussionen bei der Entscheidungsfindung\u00a0&#8211; falls du auch daran teilnehmen m\u00f6chtest bist du herzlich eingeladen aufs <strong><a title=\"Plenum!\" href=\"https:\/\/physik.nawi.at\/index.php\/wir\/plenum\/\">Plenum<\/a><\/strong> zu kommen \ud83d\ude42<\/p>\n<\/div>\n<hr \/>\n<p>Die Frauen*projekte sind\u00a0eine von der \u00d6H personell und inhaltlich\/politisch unabh\u00e4ngige Gruppierung\/Organisation, wird jedoch von vielen Gruppierungen (unter anderem der HUS, Gewi, Uns und anderen Studienvertretungen\/Fakult\u00e4tsvertretungen ) finanziell unterst\u00fctz.<\/p>\n<\/div>\n","protected":false},"excerpt":{"rendered":"<p>Auch dieses Semester bieten die Frauen*projekte wieder Schreibwerkst\u00e4tten und Masterarbeitscoachings f\u00fcr Frauen* an. Falls ihr euch generell \u00fcber das Projekt, Frauen*projekte informieren wollt dann folgt dem Link. Wir haben uns in den letzten Semestern immer dazu entschlossen, die Frauenprojekte unseren Grunds\u00e4tzen entsprechend mittels\u00a0unserem STV\/FV-Budget zu unterst\u00fctzen. Das gab nat\u00fcrlich immer Diskussionen bei der Entscheidungsfindung\u00a0&#8211; falls [&hellip;]<\/p>\n","protected":false},"author":3,"featured_media":0,"parent":6812,"menu_order":4,"comment_status":"open","ping_status":"closed","template":"","meta":[],"_links":{"self":[{"href":"https:\/\/physik.nawi.at\/index.php\/wp-json\/wp\/v2\/pages\/852"}],"collection":[{"href":"https:\/\/physik.nawi.at\/index.php\/wp-json\/wp\/v2\/pages"}],"about":[{"href":"https:\/\/physik.nawi.at\/index.php\/wp-json\/wp\/v2\/types\/page"}],"author":[{"embeddable":true,"href":"https:\/\/physik.nawi.at\/index.php\/wp-json\/wp\/v2\/users\/3"}],"replies":[{"embeddable":true,"href":"https:\/\/physik.nawi.at\/index.php\/wp-json\/wp\/v2\/comments?post=852"}],"version-history":[{"count":0,"href":"https:\/\/physik.nawi.at\/index.php\/wp-json\/wp\/v2\/pages\/852\/revisions"}],"up":[{"embeddable":true,"href":"https:\/\/physik.nawi.at\/index.php\/wp-json\/wp\/v2\/pages\/6812"}],"wp:attachment":[{"href":"https:\/\/physik.nawi.at\/index.php\/wp-json\/wp\/v2\/media?parent=852"}],"curies":[{"name":"wp","href":"https:\/\/api.w.org\/{rel}","templated":true}]}}