{"id":6803,"date":"2017-09-26T15:26:42","date_gmt":"2017-09-26T13:26:42","guid":{"rendered":"https:\/\/physik.nawi.at\/?page_id=6803"},"modified":"2023-08-18T13:55:22","modified_gmt":"2023-08-18T11:55:22","slug":"nach-dem-studium","status":"publish","type":"page","link":"https:\/\/physik.nawi.at\/index.php\/informationen\/nach-dem-studium\/","title":{"rendered":"Nach dem Bachelor"},"content":{"rendered":"<div id=\"pl-6803\"  class=\"panel-layout\" ><div id=\"pg-6803-0\"  class=\"panel-grid panel-no-style\" ><div id=\"pgc-6803-0-0\"  class=\"panel-grid-cell\" ><div id=\"panel-6803-0-0-0\" class=\"so-panel widget widget_sow-editor panel-first-child\" data-index=\"0\" ><div\n\t\t\t\n\t\t\tclass=\"so-widget-sow-editor so-widget-sow-editor-base\"\n\t\t\t\n\t\t>\n<div class=\"siteorigin-widget-tinymce textwidget\">\n\t<p>Hier gibt es einige n\u00fctzliche Informationen f\u00fcr alle, die Ihr Studium abschie\u00dfen, abgeschlossen habe, oder kurz davor sind:<\/p>\n<\/div>\n<\/div><\/div><\/div><\/div><\/div>","protected":false},"excerpt":{"rendered":"<p>Hier gibt es einige n\u00fctzliche Informationen f\u00fcr alle, die Ihr Studium abschie\u00dfen, abgeschlossen habe, oder kurz davor sind:<\/p>\n","protected":false},"author":48,"featured_media":0,"parent":13806,"menu_order":2,"comment_status":"closed","ping_status":"closed","template":"","meta":[],"_links":{"self":[{"href":"https:\/\/physik.nawi.at\/index.php\/wp-json\/wp\/v2\/pages\/6803"}],"collection":[{"href":"https:\/\/physik.nawi.at\/index.php\/wp-json\/wp\/v2\/pages"}],"about":[{"href":"https:\/\/physik.nawi.at\/index.php\/wp-json\/wp\/v2\/types\/page"}],"author":[{"embeddable":true,"href":"https:\/\/physik.nawi.at\/index.php\/wp-json\/wp\/v2\/users\/48"}],"replies":[{"embeddable":true,"href":"https:\/\/physik.nawi.at\/index.php\/wp-json\/wp\/v2\/comments?post=6803"}],"version-history":[{"count":0,"href":"https:\/\/physik.nawi.at\/index.php\/wp-json\/wp\/v2\/pages\/6803\/revisions"}],"up":[{"embeddable":true,"href":"https:\/\/physik.nawi.at\/index.php\/wp-json\/wp\/v2\/pages\/13806"}],"wp:attachment":[{"href":"https:\/\/physik.nawi.at\/index.php\/wp-json\/wp\/v2\/media?parent=6803"}],"curies":[{"name":"wp","href":"https:\/\/api.w.org\/{rel}","templated":true}]}}