{"id":6792,"date":"2017-09-26T15:07:43","date_gmt":"2017-09-26T13:07:43","guid":{"rendered":"https:\/\/physik.nawi.at\/?page_id=6792"},"modified":"2023-07-19T15:28:35","modified_gmt":"2023-07-19T13:28:35","slug":"gestreamte-vorlesungen","status":"publish","type":"page","link":"https:\/\/physik.nawi.at\/index.php\/informationen\/im-studium\/gestreamte-vorlesungen\/","title":{"rendered":"DIY-VO Streams"},"content":{"rendered":"<p>Bereits in einer Zeit vor U:Stream hat sich auf unserer Fakult\u00e4t ein Projekt etabliert, im Zuge dessen manche Lehrveranstaltungen freundlicherweise von motivierten Studierenden gefilmt werden, um sie dann per Streaming\u00a0 verf\u00fcgbar zu machen und so unser aller Leben zu erleichtern.<\/p>\n<p>Ihr findet die Videos unter stream.nawi.at. Infos dazu, wie ihr auf die Inhalte zugreifen k\u00f6nnt, findet ihr <a href=\"https:\/\/physik.nawi.at\/index.php\/im-studium\/nawi-server\/\"><strong>HIER<\/strong><\/a>.<\/p>\n<p>Du fragst dich jetzt vielleicht, wie du auch etwas dazu beisteuern kannst? Prinzipiell sind alle herzlich dazu eingeladen, die Vorlesungen, die sie sowieso besuchen, mit unserem Equipment aufzuzeichnen.<\/p>\n<p>Hier findet ihr die aktuellen Equipment-Belegungszeiten und wissenswerte Dinge zum Ablauf des ganzen.<\/p>\n<h1>Verf\u00fcgbares Equipment:<\/h1>\n<ul>\n<li><span style=\"color: #ff0000;\">Camcorder Rot<\/span><\/li>\n<li><span style=\"color: #808080;\">Camcorder\u00a0Grau ( Besserer Raumklang, \u00a0SD-Karte wird aber schnell voll )<\/span><\/li>\n<li>4-Kanal Sound Aufnahmeger\u00e4t (Raumklang + H\u00f6rsaal Mikrofon(e))<\/li>\n<\/ul>\n<h1>Aufnahme:<\/h1>\n<p>Wenn ihr Interesse daran habt alleine oder gemeinsam eine LV aufzuzeichnen, kommt einfach im Journaldienst vorbei und lasst euch das Equipment und den Modus Operandi erkl\u00e4ren<\/p>\n<p>Die Kamera (\u00a0 plus Stativ und am Strom angesteckt )\u00a0 zu Beginn einer LV mit gutem Blick auf die Tafel aufzustellen macht wenig Arbeit und reicht meist aus<\/p>\n<p>Wenn ihr die Kamera\u00a0f\u00fchrt denkt bitte daran, dass eine ruhige Kameraf\u00fchrung besser wirkt als hektische Spr\u00fcnge von\u00a0 Nahaufnahme zu\u00a0 Nahaufnahme<\/p>\n<p>Nachdem ihr Vorlesungen aufgenommen habt, w\u00e4re es toll wenn ihr die frische Aufnahme m\u00f6glichst bald\u00a0zum sichern\/einsortieren\/rendern\/hochladen im Kammerl vorbeibringen k\u00f6nntet.\u00a0Gerade bei der \u201cgrauen Kamera\u201d ist regelm\u00e4\u00dfiges leeren der SD-Karte notwendig.<\/p>\n<h1>Rendern:<\/h1>\n<p>Wir verwenden\u00a0zum Streamen das\u00a0<a href=\"https:\/\/de.wikipedia.org\/wiki\/WebM\">Webm-Format<\/a>.<br \/>\nRendern k\u00f6nnt ihr entweder auf euren eigenen Ger\u00e4ten oder ihr nutzt den automatisierten Render- und Hochladeprozess auf unserem Journaldienst-PC.<br \/>\nAchtet wenn ihr selber schneidet und rendet bitte darauf, dass die Video-Datenraten in einem auch f\u00fcr schw\u00e4chere Internetverbindungen akzeptablen Bereich ( &gt;1.5 MB\/s ) bleiben.<\/p>\n<p><em>(F\u00fcr batch-render-jobs gibt es \u00fcbrigens ein Linux Skript, das auf dem Desktop des &#8220;KammerlPC&#8221; liegen sollte und mit der Software <a href=\"https:\/\/ffmpeg.org\/\">https:\/\/ffmpeg.org\/<\/a> Bitrate uvm. festlegen kann.)<br \/>\n<\/em><\/p>\n<p>Hochladen:<\/p>\n<p>Das hochladen der von euch gerenderten Videos erledigt ihr entweder mittels eigenem Nawi-Account \u00fcber\u00a0<a href=\"https:\/\/data.nawi.at\/\">data.nawi.at<\/a>\u00a0oder indem ihr die fertigen Files ins JD-Kammerl bringt.<\/p>\n<p>Kontakt:<\/p>\n<p>Bei Interesse oder Fragen meldet euch am Besten entweder bei stv.physik@nawi.at oder michi@nawi.at.<\/p>\n","protected":false},"excerpt":{"rendered":"<p>Bereits in einer Zeit vor U:Stream hat sich auf unserer Fakult\u00e4t ein Projekt etabliert, im Zuge dessen manche Lehrveranstaltungen freundlicherweise von motivierten Studierenden gefilmt werden, um sie dann per Streaming\u00a0 verf\u00fcgbar zu machen und so unser aller Leben zu erleichtern. Ihr findet die Videos unter stream.nawi.at. Infos dazu, wie ihr auf die Inhalte zugreifen k\u00f6nnt, [&hellip;]<\/p>\n","protected":false},"author":48,"featured_media":0,"parent":6773,"menu_order":5,"comment_status":"closed","ping_status":"closed","template":"","meta":[],"_links":{"self":[{"href":"https:\/\/physik.nawi.at\/index.php\/wp-json\/wp\/v2\/pages\/6792"}],"collection":[{"href":"https:\/\/physik.nawi.at\/index.php\/wp-json\/wp\/v2\/pages"}],"about":[{"href":"https:\/\/physik.nawi.at\/index.php\/wp-json\/wp\/v2\/types\/page"}],"author":[{"embeddable":true,"href":"https:\/\/physik.nawi.at\/index.php\/wp-json\/wp\/v2\/users\/48"}],"replies":[{"embeddable":true,"href":"https:\/\/physik.nawi.at\/index.php\/wp-json\/wp\/v2\/comments?post=6792"}],"version-history":[{"count":0,"href":"https:\/\/physik.nawi.at\/index.php\/wp-json\/wp\/v2\/pages\/6792\/revisions"}],"up":[{"embeddable":true,"href":"https:\/\/physik.nawi.at\/index.php\/wp-json\/wp\/v2\/pages\/6773"}],"wp:attachment":[{"href":"https:\/\/physik.nawi.at\/index.php\/wp-json\/wp\/v2\/media?parent=6792"}],"curies":[{"name":"wp","href":"https:\/\/api.w.org\/{rel}","templated":true}]}}