{"id":6779,"date":"2017-09-26T14:44:43","date_gmt":"2017-09-26T12:44:43","guid":{"rendered":"https:\/\/physik.nawi.at\/?page_id=6779"},"modified":"2018-01-26T12:30:07","modified_gmt":"2018-01-26T11:30:07","slug":"bucher-druckservice","status":"publish","type":"page","link":"https:\/\/physik.nawi.at\/index.php\/informationen\/im-studium\/bucher-druckservice\/","title":{"rendered":"B\u00fccher &#038; Druckservice"},"content":{"rendered":"<p>In vielen Lehrveranstaltungen werden dir bestimmte Lehrb\u00fccher als Zusatzliteratur vorgeschlagen. Es ist\u00a0oft hilfreich den Stoff noch einmal in einer anderen Form aufbereitet zu sehen. Bevor du jetzt jedoch\u00a0dein ganzes Geld f\u00fcr B\u00fccher ausgibst, bedenke, dass du viele B\u00fccher nur f\u00fcr genau eine LV nutzen\u00a0wirst. Am g\u00fcnstigten ist es also, sich die B\u00fccher auszuborgen. Die zur Uni Wien geh\u00f6rigen Bibliotheken\u00a0haben eine Leihfrist von 4 Wochen, zweimaliges verl\u00e4ngern ist m\u00f6glich. Um die B\u00fccher auszuleihen ist ein\u00a0Studierendenausweis mit Bibliothekspickerl notwenig. Das Pickerl kannst du gratis in allen Zweigstellen\u00a0mit einer Kopie des Meldezettels abholen.<\/p>\n<p><a href=\"http:\/\/bibliothek.univie.ac.at\/zb-physik-fb-chemie\">Zentralbibliothek f\u00fcr Physik und Chemie<\/a><\/p>\n<p style=\"padding-left: 30px;\">Viele B\u00fccher kannst du hier entweder als Pr\u00e4senzexemplar lesen oder aus dem Magazin ausheben\u00a0lassen. Der Vorteil ist nat\u00fcrlich, dass es direkt im Haus ist.<\/p>\n<p><a href=\"http:\/\/bibliothek.univie.ac.at\/hauptbibliothek\/lehrbuchsammlung.html\">Lehrbuchsammlung der Bibliothek<\/a><\/p>\n<p style=\"padding-left: 30px;\">Die Lehrbuchsammlung befindet sich im Hauptgeb\u00e4ude der Universit\u00e4t Wien. Ein Vorbestellen der\u00a0B\u00fccher ist nicht notwendig. Du kannst sie dir vor Ort selbst ausborgen.<\/p>\n<p>&#8212;&#8212;&#8212;&#8212;&#8212;&#8212;&#8212;&#8212;&#8212;&#8212;&#8212;&#8212;&#8212;&#8212;&#8212;&#8212;&#8212;&#8212;&#8212;&#8212;&#8212;&#8212;&#8212;&#8212;&#8212;&#8212;-<\/p>\n<p style=\"padding-left: 30px;\">Viele von uns k\u00f6nnen immernoch besser auf Papier lernen als am Computer\/Tablet. Bevor du jedoch zum\u00a0n\u00e4chsten Copy-Shop gehst, solltest du wissen, dass dir an der Uni wesentlich g\u00fcnstigere M\u00f6glichkeiten\u00a0zur Verf\u00fcgung stehen.<\/p>\n<p><a href=\"http:\/\/www.facultas.at\">Facultas<\/a><\/p>\n<p style=\"padding-left: 30px;\">\u00dcberall auf der Uni Wien stehen Facultas Drucker bereit, auch in den Studierendenzentren. Um diese zu benutzen, brauchst du eine Kopierkarte. Diese ist in allen Facultas-Shops erh\u00e4ltlich. Falls du ein Kopierpickerl im Studiausweis hast (erh\u00e4ltlich im Kammerl bei uns oder bei der Allgemeinen Beratung der \u00d6H Uni Wien), bekommst du diese nochmals g\u00fcnstiger.<\/p>\n<p><a href=\"http:\/\/chemie.nawi.at\">Kammerl der IG Chemie<\/a><\/p>\n<p style=\"padding-left: 30px;\">Zu deren Journaldienstzeiten kannst du bei ihnen drucken, auch in Farbe. Sie achten nur darauf, wie viel Toner und Papier du ca. verbrauchst. Du kannst dein Skript auch (mit Plastikspirale) binden lassen, wenn du willst.<\/p>\n","protected":false},"excerpt":{"rendered":"<p>In vielen Lehrveranstaltungen werden dir bestimmte Lehrb\u00fccher als Zusatzliteratur vorgeschlagen. Es ist\u00a0oft hilfreich den Stoff noch einmal in einer anderen Form aufbereitet zu sehen. Bevor du jetzt jedoch\u00a0dein ganzes Geld f\u00fcr B\u00fccher ausgibst, bedenke, dass du viele B\u00fccher nur f\u00fcr genau eine LV nutzen\u00a0wirst. Am g\u00fcnstigten ist es also, sich die B\u00fccher auszuborgen. Die zur [&hellip;]<\/p>\n","protected":false},"author":48,"featured_media":0,"parent":6773,"menu_order":3,"comment_status":"closed","ping_status":"closed","template":"","meta":[],"_links":{"self":[{"href":"https:\/\/physik.nawi.at\/index.php\/wp-json\/wp\/v2\/pages\/6779"}],"collection":[{"href":"https:\/\/physik.nawi.at\/index.php\/wp-json\/wp\/v2\/pages"}],"about":[{"href":"https:\/\/physik.nawi.at\/index.php\/wp-json\/wp\/v2\/types\/page"}],"author":[{"embeddable":true,"href":"https:\/\/physik.nawi.at\/index.php\/wp-json\/wp\/v2\/users\/48"}],"replies":[{"embeddable":true,"href":"https:\/\/physik.nawi.at\/index.php\/wp-json\/wp\/v2\/comments?post=6779"}],"version-history":[{"count":0,"href":"https:\/\/physik.nawi.at\/index.php\/wp-json\/wp\/v2\/pages\/6779\/revisions"}],"up":[{"embeddable":true,"href":"https:\/\/physik.nawi.at\/index.php\/wp-json\/wp\/v2\/pages\/6773"}],"wp:attachment":[{"href":"https:\/\/physik.nawi.at\/index.php\/wp-json\/wp\/v2\/media?parent=6779"}],"curies":[{"name":"wp","href":"https:\/\/api.w.org\/{rel}","templated":true}]}}