{"id":6773,"date":"2017-09-26T14:11:16","date_gmt":"2017-09-26T12:11:16","guid":{"rendered":"https:\/\/physik.nawi.at\/?page_id=6773"},"modified":"2023-08-18T13:54:29","modified_gmt":"2023-08-18T11:54:29","slug":"im-studium","status":"publish","type":"page","link":"https:\/\/physik.nawi.at\/index.php\/informationen\/im-studium\/","title":{"rendered":"Im Studium"},"content":{"rendered":"<div id=\"pl-6773\"  class=\"panel-layout\" ><div id=\"pg-6773-0\"  class=\"panel-grid panel-no-style\" ><div id=\"pgc-6773-0-0\"  class=\"panel-grid-cell\" ><div id=\"panel-6773-0-0-0\" class=\"so-panel widget widget_sow-editor panel-first-child\" data-index=\"0\" ><div\n\t\t\t\n\t\t\tclass=\"so-widget-sow-editor so-widget-sow-editor-base\"\n\t\t\t\n\t\t>\n<div class=\"siteorigin-widget-tinymce textwidget\">\n\t<p>Hier findest du vieles n\u00fctzliches f\u00fcr dein und rund um dein Studium:<\/p>\n<p><a href=\"https:\/\/www.oeh.ac.at\/downloads\">Hier gehts noch zu den verschiedenen Beratungsbrosch\u00fcren der \u00d6H.<\/a><\/p>\n<\/div>\n<\/div><\/div><\/div><\/div><\/div>","protected":false},"excerpt":{"rendered":"<p>Hier findest du vieles n\u00fctzliches f\u00fcr dein und rund um dein Studium: Hier gehts noch zu den verschiedenen Beratungsbrosch\u00fcren der \u00d6H.<\/p>\n","protected":false},"author":48,"featured_media":0,"parent":13806,"menu_order":1,"comment_status":"closed","ping_status":"closed","template":"","meta":[],"_links":{"self":[{"href":"https:\/\/physik.nawi.at\/index.php\/wp-json\/wp\/v2\/pages\/6773"}],"collection":[{"href":"https:\/\/physik.nawi.at\/index.php\/wp-json\/wp\/v2\/pages"}],"about":[{"href":"https:\/\/physik.nawi.at\/index.php\/wp-json\/wp\/v2\/types\/page"}],"author":[{"embeddable":true,"href":"https:\/\/physik.nawi.at\/index.php\/wp-json\/wp\/v2\/users\/48"}],"replies":[{"embeddable":true,"href":"https:\/\/physik.nawi.at\/index.php\/wp-json\/wp\/v2\/comments?post=6773"}],"version-history":[{"count":0,"href":"https:\/\/physik.nawi.at\/index.php\/wp-json\/wp\/v2\/pages\/6773\/revisions"}],"up":[{"embeddable":true,"href":"https:\/\/physik.nawi.at\/index.php\/wp-json\/wp\/v2\/pages\/13806"}],"wp:attachment":[{"href":"https:\/\/physik.nawi.at\/index.php\/wp-json\/wp\/v2\/media?parent=6773"}],"curies":[{"name":"wp","href":"https:\/\/api.w.org\/{rel}","templated":true}]}}