{"id":6763,"date":"2017-09-26T13:15:28","date_gmt":"2017-09-26T11:15:28","guid":{"rendered":"https:\/\/physik.nawi.at\/?page_id=6763"},"modified":"2023-09-27T08:14:31","modified_gmt":"2023-09-27T06:14:31","slug":"erstitut","status":"publish","type":"page","link":"https:\/\/physik.nawi.at\/index.php\/informationen\/vor-dem-studium\/erstitut\/","title":{"rendered":"Erstsemestrigen-Tutorien"},"content":{"rendered":"<div id=\"pl-6763\"  class=\"panel-layout\" ><div id=\"pg-6763-0\"  class=\"panel-grid panel-no-style\" ><div id=\"pgc-6763-0-0\"  class=\"panel-grid-cell\" ><div id=\"panel-6763-0-0-0\" class=\"so-panel widget widget_sow-editor panel-first-child\" data-index=\"0\" ><div\n\t\t\t\n\t\t\tclass=\"so-widget-sow-editor so-widget-sow-editor-base\"\n\t\t\t\n\t\t>\n<div class=\"siteorigin-widget-tinymce textwidget\">\n\t<p>Hier findet ihr Informationen zu unseren Erstituts:<\/p>\n<p><a href=\"https:\/\/physik.nawi.at\/index.php\/informationen\/vor-dem-studium\/erstitut\/ersti-tutorien-2023\/\">Ersti-Tutorien 2023<\/a><\/p>\n<hr \/>\n<p><a href=\"https:\/\/physik.nawi.at\/index.php\/erstitutorien-furs-wintersemester-2022\/\">Erstituts 2022<\/a><br \/>\n<a href=\"https:\/\/physik.nawi.at\/index.php\/informationen\/vor-dem-studium\/erstitut\/fruhere-tutorien\/ersti-tutorien-2021\/\">Erstituts 2021<\/a><br \/>\n<a href=\"https:\/\/physik.nawi.at\/index.php\/informationen\/vor-dem-studium\/erstitut\/fruhere-tutorien\/ersti-tutorien-2020\/\">Erstituts 2020<\/a><br \/>\n<a href=\"https:\/\/physik.nawi.at\/index.php\/informationen\/vor-dem-studium\/erstitut\/fruhere-tutorien\/ersti-tutorien-2019\/\">Erstituts 2019<\/a><br \/>\n<a href=\"https:\/\/physik.nawi.at\/index.php\/informationen\/vor-dem-studium\/erstitut\/fruhere-tutorien\/ersti-tutorien-2018\/\">Erstituts 2018<\/a><\/p>\n<p><!-- wp:paragraph --><\/p>\n<p>&nbsp;<\/p>\n<p><!-- \/wp:paragraph --><\/p>\n<\/div>\n<\/div><\/div><div id=\"panel-6763-0-0-1\" class=\"so-panel widget widget_sow-editor panel-last-child\" data-index=\"1\" ><div\n\t\t\t\n\t\t\tclass=\"so-widget-sow-editor so-widget-sow-editor-base\"\n\t\t\t\n\t\t>\n<div class=\"siteorigin-widget-tinymce textwidget\">\n\t<p>Das Erstsemestrigen-Tutorium (kurz: Erstitut) ist dazu da, Erstsemestrige am Studienanfang zu begleiten und ihnen die M\u00f6glichkeit zu geben, sich untereinander zu vernetzen, studienbezogene Fragen zu kl\u00e4ren und zus\u00e4tzlich auch noch Studierende aus h\u00f6heren Semestern kennenzulernen. Es hat sich gezeigt, dass dieses Angebot im ersten Semester dazu beitr\u00e4gt, das Studium zu meistern und dabei zu lernen, auch auf sich selbst zu schauen. Darum sind auch die Programme so divers, damit m\u00f6glichst alle Studierende in einem Tutorium einen Platz finden k\u00f6nnen!<\/p>\n<p>W\u00e4hrend die Erstituts im Wintersemester stattfinden, werden die Quereinsteiger-Tutorien im Sommersemester abgehalten. Das Prinzip bleibt aber das Gleiche. Studierende, welche im Sommer beginnen, werden liebevoll Quereinsteigende genannt, weil im B.Sc. doch oft direkt nach der Matura oder Zivildienst\/Bundesheer im Wintersemester begonnen wird - daher der Name.<\/p>\n<p>Die Gruppentreffen selbst sind geblockt, w\u00f6chentlich oder zu besonderen Terminen in Kleingruppen und genie\u00dfen gemeinsam das Programm des betreffenden Tutoriums. Die Programme der einzelnen Tutorien unterscheiden sich stark. Sie bieten Programmpunkte, wie zum Beispiel:<\/p>\n<ul>\n<li>Labore\u00a0 besuchen<\/li>\n<li>den Uni-Alltag und die Fakult\u00e4t bzw. Wien kennenzulernen<\/li>\n<li>sich mit Leuten, die schon l\u00e4nger studieren austauschen<\/li>\n<li>ungezwungen und gem\u00fctlich bei einem oder mehreren Getr\u00e4nken zu plaudern<\/li>\n<li>Spieleabende<\/li>\n<li>Eislaufen<\/li>\n<li>Klettern<\/li>\n<li>Ausfl\u00fcge in und um Wien<\/li>\n<li>Gemeinsam Lernen und danach noch etwas lustiges veranstalten<\/li>\n<li>der\/die\/das eine oder andere gemeinsame Projekt\/Workshop\/Diskussionsrunde.<\/li>\n<li>Buchclubs<\/li>\n<li>Vernetzungen mit anderen Fakult\u00e4ten<\/li>\n<li>vieles mehr!<\/li>\n<\/ul>\n<p><b>Wie kommst du also zu einem Erstitut?<\/b> Es wird eine Vorstellung (<a href=\"https:\/\/physik.nawi.at\/index.php\/informationen\/vor-dem-studium\/erstitut\/ersti-tutorien-2023\/\">Ersti-Tutorien 2023<\/a>) im Rahmen der Orientierungsveranstaltung. Dort werden alle Erstitute vorgestellt und ihr k\u00f6nnt euch schonmal mit den Tutor*innen austauschen.<\/p>\n<p>Du kannst dich aber jederzeit einem der Erstituts anschlie\u00dfen. Wie das geht, erf\u00e4hrst du im <a href=\"https:\/\/physik.nawi.at\/index.php\/kontakt\/\">Journaldienst<\/a> oder einfach selbstst\u00e4ndig \u00fcber den Erstitut-Verteiler, welcher dann auch ab dem Tag der Orientierungsveranstaltung online gehen wird.<\/p>\n<p>PS: Dieses Angebot ist gedacht f\u00fcr absolut jede*n !<\/p>\n<p>Oftmals wei\u00df man allerdings als Tutor*in nicht, wenn man Programme macht, welche f\u00fcr bestimmte Gruppen unzug\u00e4nglich sind. Solltest du also spezielle Hilfe ben\u00f6tigen (finanziell, oder auch k\u00f6rperlich und mental), so komm gerne zu einem Journaldienst vorbei und wir koordinieren f\u00fcr dich mit den Tutor*innen, damit du genauso teilhaben und Spa\u00df haben kannst. Alle Tutor*innen sind stets bem\u00fcht die Programme so inklusiv wie m\u00f6glich zu gestalten und freuen sich \u00fcber Input!<\/p>\n<\/div>\n<\/div><\/div><\/div><\/div><\/div>","protected":false},"excerpt":{"rendered":"<p>Hier findet ihr Informationen zu unseren Erstituts: Ersti-Tutorien 2023 Erstituts 2022 Erstituts 2021 Erstituts 2020 Erstituts 2019 Erstituts 2018 &nbsp; Das Erstsemestrigen-Tutorium (kurz: Erstitut) ist dazu da, Erstsemestrige am Studienanfang zu begleiten und ihnen die M\u00f6glichkeit zu geben, sich untereinander zu vernetzen, studienbezogene Fragen zu kl\u00e4ren und zus\u00e4tzlich auch noch Studierende aus h\u00f6heren Semestern kennenzulernen. [&hellip;]<\/p>\n","protected":false},"author":48,"featured_media":0,"parent":6746,"menu_order":1,"comment_status":"closed","ping_status":"closed","template":"","meta":[],"_links":{"self":[{"href":"https:\/\/physik.nawi.at\/index.php\/wp-json\/wp\/v2\/pages\/6763"}],"collection":[{"href":"https:\/\/physik.nawi.at\/index.php\/wp-json\/wp\/v2\/pages"}],"about":[{"href":"https:\/\/physik.nawi.at\/index.php\/wp-json\/wp\/v2\/types\/page"}],"author":[{"embeddable":true,"href":"https:\/\/physik.nawi.at\/index.php\/wp-json\/wp\/v2\/users\/48"}],"replies":[{"embeddable":true,"href":"https:\/\/physik.nawi.at\/index.php\/wp-json\/wp\/v2\/comments?post=6763"}],"version-history":[{"count":0,"href":"https:\/\/physik.nawi.at\/index.php\/wp-json\/wp\/v2\/pages\/6763\/revisions"}],"up":[{"embeddable":true,"href":"https:\/\/physik.nawi.at\/index.php\/wp-json\/wp\/v2\/pages\/6746"}],"wp:attachment":[{"href":"https:\/\/physik.nawi.at\/index.php\/wp-json\/wp\/v2\/media?parent=6763"}],"curies":[{"name":"wp","href":"https:\/\/api.w.org\/{rel}","templated":true}]}}