{"id":6757,"date":"2017-09-26T13:11:54","date_gmt":"2017-09-26T11:11:54","guid":{"rendered":"https:\/\/physik.nawi.at\/?page_id=6757"},"modified":"2023-10-11T14:29:08","modified_gmt":"2023-10-11T12:29:08","slug":"prufungen","status":"publish","type":"page","link":"https:\/\/physik.nawi.at\/index.php\/informationen\/vor-dem-studium\/prufungen\/","title":{"rendered":"Pr\u00fcfungen"},"content":{"rendered":"<p>Was ist eigentlich ECTS? ECTS hei\u00dft European Credit Transfer System und ist die Ma\u00dfeinheit f\u00fcr den\u00a0Arbeitsaufwand einer LV. Dabei entspricht ein ECTS insgesamt 25 Stunden, die du aufwendest, um eine LV zu absolvieren.<\/p>\n<p>F\u00fcr alle Pr\u00fcfungen musst du dich <b>vorher im u:space<\/b> (uspace.univie.ac.at)<b> anmelden<\/b>, wobei die Anmeldung zur VO dabei keine Voraussetzung ist! Die An- und Abmeldefrist legt jede*r Lehrveranstaltungsleiter*in selbst fest &#8211; also am besten einfach nachfragen oder im u:space nachschauen. Die Pr\u00fcfungstermine sind \u00fcblicherweise am Ende des Semesters sowie am Anfang, in der Mitte und am Ende des Folgesemesters.<\/p>\n<p>Jede <b>negativ beurteilte Pr\u00fcfung<\/b> darf dreimal wiederholt (also viermal gemacht) werden. Ist das <b>Pr\u00fcfungsergebnis positiv<\/b>, darfst du die Pr\u00fcfung bis 12 Monate danach nochmal machen. Die positiv beurteilte Pr\u00fcfung wird mit dem Antreten zur Wiederholungspr\u00fcfung nichtig (Genaueres findest du in der <a href=\"https:\/\/satzung.univie.ac.at\/studienrecht\/\">Satzung der Uni Wien<\/a>).<\/p>\n<p>Nach jeder Pr\u00fcfung muss es einen <b>Pr\u00fcfungseinsichtstermin<\/b> geben. Dabei bist du dazu berechtigt, die\u00a0Pr\u00fcfung zu kopieren &#8211; abgesehen von MultipleChoice-Fragen und -Antworten (Satzung Uni Wien).<\/p>\n<p>Die Pr\u00fcfungen von deiner StEOP sind Voraussetzung daf\u00fcr, alle LVs ab dem 2. Semester zu absolvieren (Ausnahmen findest du bei <a href=\"https:\/\/physik.nawi.at\/index.php\/vor-dem-studium\/lehrveranstaltungen\/\">LEHRVERANSTALTUNGEN<\/a>).<\/p>\n","protected":false},"excerpt":{"rendered":"<p>Was ist eigentlich ECTS? ECTS hei\u00dft European Credit Transfer System und ist die Ma\u00dfeinheit f\u00fcr den\u00a0Arbeitsaufwand einer LV. Dabei entspricht ein ECTS insgesamt 25 Stunden, die du aufwendest, um eine LV zu absolvieren. F\u00fcr alle Pr\u00fcfungen musst du dich vorher im u:space (uspace.univie.ac.at) anmelden, wobei die Anmeldung zur VO dabei keine Voraussetzung ist! Die An- [&hellip;]<\/p>\n","protected":false},"author":48,"featured_media":0,"parent":6746,"menu_order":4,"comment_status":"closed","ping_status":"closed","template":"","meta":[],"_links":{"self":[{"href":"https:\/\/physik.nawi.at\/index.php\/wp-json\/wp\/v2\/pages\/6757"}],"collection":[{"href":"https:\/\/physik.nawi.at\/index.php\/wp-json\/wp\/v2\/pages"}],"about":[{"href":"https:\/\/physik.nawi.at\/index.php\/wp-json\/wp\/v2\/types\/page"}],"author":[{"embeddable":true,"href":"https:\/\/physik.nawi.at\/index.php\/wp-json\/wp\/v2\/users\/48"}],"replies":[{"embeddable":true,"href":"https:\/\/physik.nawi.at\/index.php\/wp-json\/wp\/v2\/comments?post=6757"}],"version-history":[{"count":0,"href":"https:\/\/physik.nawi.at\/index.php\/wp-json\/wp\/v2\/pages\/6757\/revisions"}],"up":[{"embeddable":true,"href":"https:\/\/physik.nawi.at\/index.php\/wp-json\/wp\/v2\/pages\/6746"}],"wp:attachment":[{"href":"https:\/\/physik.nawi.at\/index.php\/wp-json\/wp\/v2\/media?parent=6757"}],"curies":[{"name":"wp","href":"https:\/\/api.w.org\/{rel}","templated":true}]}}