{"id":6751,"date":"2017-09-26T13:09:03","date_gmt":"2017-09-26T11:09:03","guid":{"rendered":"https:\/\/physik.nawi.at\/?page_id=6751"},"modified":"2019-03-09T16:02:53","modified_gmt":"2019-03-09T15:02:53","slug":"steop","status":"publish","type":"page","link":"https:\/\/physik.nawi.at\/index.php\/informationen\/vor-dem-studium\/steop\/","title":{"rendered":"StEOP"},"content":{"rendered":"<p>Die Studieneingangs- und Orientierungsphase soll dazu dienen, im ersten Semester einen Einblick in\u00a0das Studium und dessen Anforderungen zu kriegen. F\u00fcr das Unterrichtsfach muss auch die StEOP der\u00a0allgemeinen p\u00e4dagogischen Ausbildung absolviert werden.<\/p>\n<p><b>Zur StEOP im BSc Physik geh\u00f6ren:<\/b><\/p>\n<ul>\n<li>das Modul Experimentalphysik I und<\/li>\n<li>das Modul Einf\u00fchrung in die physikalischen Rechenmethoden<\/li>\n<\/ul>\n<p><b>Zur StEOP im BEd Physik (Teilcurriculum) geh\u00f6rt:<\/b><\/p>\n<ul>\n<li>das Modul Experimentalphysik I.<\/li>\n<\/ul>\n<p>Das Bestehen der StEOP ist Voraussetzung f\u00fcr das Absolvieren weiterer Kurse. Ausgenommen davon sind im <b>BSc Physik<\/b> die \u00dcbungen und die Vorlesungen Analysis f\u00fcr PhysikerInnen I, Lineare Algebra\u00a0f\u00fcr PhysikerInnen, Experimentalphysik II und au\u00dferdem die Einf\u00fchrung ins experimentelle Arbeiten.<\/p>\n<p>Im <b>BEd Physik<\/b> kannst du vor Abschluss der StEOP auch schon die PUE Einf\u00fchrung in die physikalischen Rechenmethoden, das PPR Experimentelle Methoden zur Einf\u00fchrung in die Physik I, das PR Experimentelle Methoden zur Einf\u00fchrung in die Physik II, die UE Einf\u00fchrung in die Physik II und das PR Praktikum I f\u00fcr das Unterrichtsfach Physik absolvieren.<\/p>\n<p>Laut Satzung der Universit\u00e4t Wien bist du dazu berechtigt, jede Pr\u00fcfung der StEOP viermal zu versuchen. Ist auch der vierte Antritt negativ, erlischt die Zulassung f\u00fcr das Studium. Das Studium kann dann erst wieder im drittfolgenden Semester erneut aufgenommen werden.<\/p>\n","protected":false},"excerpt":{"rendered":"<p>Die Studieneingangs- und Orientierungsphase soll dazu dienen, im ersten Semester einen Einblick in\u00a0das Studium und dessen Anforderungen zu kriegen. F\u00fcr das Unterrichtsfach muss auch die StEOP der\u00a0allgemeinen p\u00e4dagogischen Ausbildung absolviert werden. Zur StEOP im BSc Physik geh\u00f6ren: das Modul Experimentalphysik I und das Modul Einf\u00fchrung in die physikalischen Rechenmethoden Zur StEOP im BEd Physik (Teilcurriculum) [&hellip;]<\/p>\n","protected":false},"author":48,"featured_media":0,"parent":6746,"menu_order":2,"comment_status":"closed","ping_status":"closed","template":"","meta":[],"_links":{"self":[{"href":"https:\/\/physik.nawi.at\/index.php\/wp-json\/wp\/v2\/pages\/6751"}],"collection":[{"href":"https:\/\/physik.nawi.at\/index.php\/wp-json\/wp\/v2\/pages"}],"about":[{"href":"https:\/\/physik.nawi.at\/index.php\/wp-json\/wp\/v2\/types\/page"}],"author":[{"embeddable":true,"href":"https:\/\/physik.nawi.at\/index.php\/wp-json\/wp\/v2\/users\/48"}],"replies":[{"embeddable":true,"href":"https:\/\/physik.nawi.at\/index.php\/wp-json\/wp\/v2\/comments?post=6751"}],"version-history":[{"count":0,"href":"https:\/\/physik.nawi.at\/index.php\/wp-json\/wp\/v2\/pages\/6751\/revisions"}],"up":[{"embeddable":true,"href":"https:\/\/physik.nawi.at\/index.php\/wp-json\/wp\/v2\/pages\/6746"}],"wp:attachment":[{"href":"https:\/\/physik.nawi.at\/index.php\/wp-json\/wp\/v2\/media?parent=6751"}],"curies":[{"name":"wp","href":"https:\/\/api.w.org\/{rel}","templated":true}]}}