{"id":6748,"date":"2017-09-26T13:07:56","date_gmt":"2017-09-26T11:07:56","guid":{"rendered":"https:\/\/physik.nawi.at\/?page_id=6748"},"modified":"2022-12-13T12:57:53","modified_gmt":"2022-12-13T11:57:53","slug":"studienrichtungen","status":"publish","type":"page","link":"https:\/\/physik.nawi.at\/index.php\/informationen\/vor-dem-studium\/studienrichtungen\/","title":{"rendered":"Studienrichtungen"},"content":{"rendered":"<p>Auf der Fakult\u00e4t f\u00fcr Physik gibt es verschiedene Studienrichtungen. Eine genaue \u00dcbersicht findest du auf der Seite vom StudienServiceCenter (<a href=\"http:\/\/ssc-physik.univie.ac.at\/studium\/\">http:\/\/ssc-physik.univie.ac.at\/studium\/<\/a>). F\u00fcr folgende Studien wirst du von uns, dem Roten Vektor Physik, vertreten:<\/p>\n<ul>\n<li>Bachelorstudium Physik (033\u00a0676)<\/li>\n<li>Masterstudium Physik (066\u00a0876)<\/li>\n<li>Masterstudium Computational Science (066\u00a0910)<\/li>\n<li>Unterrichtsfach Physik, Bachelor (058)<\/li>\n<li>Unterrichtsfach Physik, Master<\/li>\n<li>Unterrichtsfach Physik, Diplom (412), auslaufend<\/li>\n<\/ul>\n<p>Wenn du das Unterrichtsfach Physik studierst, hast du noch zwei weitere Vertretungen: einerseits die Vertretung deines zweiten Fachs, andererseits die Basisgruppe Lehramt (<a href=\"https:\/\/stv-lehrerinnenbildung.univie.ac.at\/basisgruppe-lehramt\/\">https:\/\/stv-lehrerinnenbildung.univie.ac.at\/basisgruppe-lehramt\/<\/a>).<\/p>\n<p>F\u00fcr die Doktoratsstudien<\/p>\n<ul>\n<li>Doktoratsstudium alt (091\u00a0411)<\/li>\n<li>Doktoratsstudium neu (791\u00a0411 oder 796\u00a0605\u00a0411)<\/li>\n<\/ul>\n<p>ist die Studienvertretung Doktorat NaWi zust\u00e4ndig.<br \/>\nInformationen \u00fcber die Gruppe gibt es unter <a href=\"https:\/\/dok.nawi.at\/\">https:\/\/dok.nawi.at\/<\/a>.<\/p>\n","protected":false},"excerpt":{"rendered":"<p>Auf der Fakult\u00e4t f\u00fcr Physik gibt es verschiedene Studienrichtungen. Eine genaue \u00dcbersicht findest du auf der Seite vom StudienServiceCenter (http:\/\/ssc-physik.univie.ac.at\/studium\/). F\u00fcr folgende Studien wirst du von uns, dem Roten Vektor Physik, vertreten: Bachelorstudium Physik (033\u00a0676) Masterstudium Physik (066\u00a0876) Masterstudium Computational Science (066\u00a0910) Unterrichtsfach Physik, Bachelor (058) Unterrichtsfach Physik, Master Unterrichtsfach Physik, Diplom (412), auslaufend Wenn [&hellip;]<\/p>\n","protected":false},"author":48,"featured_media":0,"parent":6746,"menu_order":1,"comment_status":"closed","ping_status":"closed","template":"","meta":[],"_links":{"self":[{"href":"https:\/\/physik.nawi.at\/index.php\/wp-json\/wp\/v2\/pages\/6748"}],"collection":[{"href":"https:\/\/physik.nawi.at\/index.php\/wp-json\/wp\/v2\/pages"}],"about":[{"href":"https:\/\/physik.nawi.at\/index.php\/wp-json\/wp\/v2\/types\/page"}],"author":[{"embeddable":true,"href":"https:\/\/physik.nawi.at\/index.php\/wp-json\/wp\/v2\/users\/48"}],"replies":[{"embeddable":true,"href":"https:\/\/physik.nawi.at\/index.php\/wp-json\/wp\/v2\/comments?post=6748"}],"version-history":[{"count":0,"href":"https:\/\/physik.nawi.at\/index.php\/wp-json\/wp\/v2\/pages\/6748\/revisions"}],"up":[{"embeddable":true,"href":"https:\/\/physik.nawi.at\/index.php\/wp-json\/wp\/v2\/pages\/6746"}],"wp:attachment":[{"href":"https:\/\/physik.nawi.at\/index.php\/wp-json\/wp\/v2\/media?parent=6748"}],"curies":[{"name":"wp","href":"https:\/\/api.w.org\/{rel}","templated":true}]}}