{"id":6746,"date":"2017-09-26T13:07:13","date_gmt":"2017-09-26T11:07:13","guid":{"rendered":"https:\/\/physik.nawi.at\/?page_id=6746"},"modified":"2023-08-30T17:53:43","modified_gmt":"2023-08-30T15:53:43","slug":"vor-dem-studium","status":"publish","type":"page","link":"https:\/\/physik.nawi.at\/index.php\/informationen\/vor-dem-studium\/","title":{"rendered":"Studienbeginn"},"content":{"rendered":"<div id=\"pl-6746\"  class=\"panel-layout\" ><div id=\"pg-6746-0\"  class=\"panel-grid panel-no-style\" ><div id=\"pgc-6746-0-0\"  class=\"panel-grid-cell\" ><div id=\"panel-6746-0-0-0\" class=\"so-panel widget widget_sow-editor panel-first-child\" data-index=\"0\" ><div\n\t\t\t\n\t\t\tclass=\"so-widget-sow-editor so-widget-sow-editor-base\"\n\t\t\t\n\t\t>\n<div class=\"siteorigin-widget-tinymce textwidget\">\n\t<p>Vor dem Studium \u00fcberw\u00e4ltigen viele Berge von Fragen. Hier solltest du zu Vielem Antworten finden. Auch sind wir \u00fcber diverse Kan\u00e4le (oben und in der sidebar) f\u00fcr dich und deine Fragen erreichbar.<\/p>\n<p>F\u00fcr Erstis im Wintersemester 23 gibt es auch eine Orientierungs Veranstaltung, welche ihr hier finden k\u00f6nnt:<\/p>\n<p><a href=\"https:\/\/ufind.univie.ac.at\/en\/course.html?lv=260040&amp;semester=2023W\">https:\/\/ufind.univie.ac.at\/en\/course.html?lv=260040&amp;semester=2023W<\/a><\/p>\n<p>&nbsp;<\/p>\n<p><a href=\"https:\/\/www.oeh.ac.at\/catalog\">Hier gehts noch zu den verschiedenen Beratungsbrosch\u00fcren der \u00d6H.<\/a><\/p>\n<\/div>\n<\/div><\/div><div id=\"panel-6746-0-0-1\" class=\"so-panel widget widget_ccchildpages_widget panel-last-child\" data-index=\"1\"><ul><li class=\"page_item page-item-6763 page_item_has_children\"><a href=\"https:\/\/physik.nawi.at\/index.php\/informationen\/vor-dem-studium\/erstitut\/\">Erstsemestrigen-Tutorien<\/a>\n<ul class='children'>\n\t<li class=\"page_item page-item-13736\"><a href=\"https:\/\/physik.nawi.at\/index.php\/informationen\/vor-dem-studium\/erstitut\/ersti-tutorien-2023\/\">Ersti-Tutorien 2023<\/a><\/li>\n\t<li class=\"page_item page-item-11920 page_item_has_children\"><a href=\"https:\/\/physik.nawi.at\/index.php\/informationen\/vor-dem-studium\/erstitut\/fruhere-tutorien\/\">Fr\u00fchere Tutorien<\/a>\n\t<ul class='children'>\n\t\t<li class=\"page_item page-item-8679\"><a href=\"https:\/\/physik.nawi.at\/index.php\/informationen\/vor-dem-studium\/erstitut\/fruhere-tutorien\/ersti-tutorien-2018\/\">Ersti-Tutorien 2018<\/a><\/li>\n\t\t<li class=\"page_item page-item-11134\"><a href=\"https:\/\/physik.nawi.at\/index.php\/informationen\/vor-dem-studium\/erstitut\/fruhere-tutorien\/ersti-tutorien-2019\/\">Ersti-Tutorien 2019<\/a><\/li>\n\t\t<li class=\"page_item page-item-11916\"><a href=\"https:\/\/physik.nawi.at\/index.php\/informationen\/vor-dem-studium\/erstitut\/fruhere-tutorien\/ersti-tutorien-2020\/\">Ersti-Tutorien 2020<\/a><\/li>\n\t\t<li class=\"page_item page-item-12779\"><a href=\"https:\/\/physik.nawi.at\/index.php\/informationen\/vor-dem-studium\/erstitut\/fruhere-tutorien\/ersti-tutorien-2021\/\">Ersti-Tutorien 2021<\/a><\/li>\n\t\t<li class=\"page_item page-item-13118\"><a href=\"https:\/\/physik.nawi.at\/index.php\/informationen\/vor-dem-studium\/erstitut\/fruhere-tutorien\/ersti-tutorien-2022\/\">Ersti-Tutorien 2022<\/a><\/li>\n\t<\/ul>\n<\/li>\n\t<li class=\"page_item page-item-8814\"><a href=\"https:\/\/physik.nawi.at\/index.php\/informationen\/vor-dem-studium\/erstitut\/was-ist-ein-erstitut\/\">Was ist ein (Qu)Erstitut?<\/a><\/li>\n<\/ul>\n<\/li>\n<li class=\"page_item page-item-6759\"><a href=\"https:\/\/physik.nawi.at\/index.php\/informationen\/vor-dem-studium\/inskriptionsberatung\/\">Inskriptionsberatung<\/a><\/li>\n<li class=\"page_item page-item-6755\"><a href=\"https:\/\/physik.nawi.at\/index.php\/informationen\/vor-dem-studium\/lehrveranstaltungen\/\">Lehrveranstaltungen<\/a><\/li>\n<li class=\"page_item page-item-6757\"><a href=\"https:\/\/physik.nawi.at\/index.php\/informationen\/vor-dem-studium\/prufungen\/\">Pr\u00fcfungen<\/a><\/li>\n<li class=\"page_item page-item-6751\"><a href=\"https:\/\/physik.nawi.at\/index.php\/informationen\/vor-dem-studium\/steop\/\">StEOP<\/a><\/li>\n<li class=\"page_item page-item-6748\"><a href=\"https:\/\/physik.nawi.at\/index.php\/informationen\/vor-dem-studium\/studienrichtungen\/\">Studienrichtungen<\/a><\/li>\n<li class=\"page_item page-item-6761\"><a href=\"https:\/\/physik.nawi.at\/index.php\/informationen\/vor-dem-studium\/vorkurse\/\">Vorkurse<\/a><\/li>\n<\/ul><\/div><\/div><\/div><\/div>","protected":false},"excerpt":{"rendered":"<p>Vor dem Studium \u00fcberw\u00e4ltigen viele Berge von Fragen. Hier solltest du zu Vielem Antworten finden. Auch sind wir \u00fcber diverse Kan\u00e4le (oben und in der sidebar) f\u00fcr dich und deine Fragen erreichbar. F\u00fcr Erstis im Wintersemester 23 gibt es auch eine Orientierungs Veranstaltung, welche ihr hier finden k\u00f6nnt: https:\/\/ufind.univie.ac.at\/en\/course.html?lv=260040&amp;semester=2023W &nbsp; Hier gehts noch zu den [&hellip;]<\/p>\n","protected":false},"author":48,"featured_media":0,"parent":13806,"menu_order":0,"comment_status":"closed","ping_status":"closed","template":"","meta":[],"_links":{"self":[{"href":"https:\/\/physik.nawi.at\/index.php\/wp-json\/wp\/v2\/pages\/6746"}],"collection":[{"href":"https:\/\/physik.nawi.at\/index.php\/wp-json\/wp\/v2\/pages"}],"about":[{"href":"https:\/\/physik.nawi.at\/index.php\/wp-json\/wp\/v2\/types\/page"}],"author":[{"embeddable":true,"href":"https:\/\/physik.nawi.at\/index.php\/wp-json\/wp\/v2\/users\/48"}],"replies":[{"embeddable":true,"href":"https:\/\/physik.nawi.at\/index.php\/wp-json\/wp\/v2\/comments?post=6746"}],"version-history":[{"count":0,"href":"https:\/\/physik.nawi.at\/index.php\/wp-json\/wp\/v2\/pages\/6746\/revisions"}],"up":[{"embeddable":true,"href":"https:\/\/physik.nawi.at\/index.php\/wp-json\/wp\/v2\/pages\/13806"}],"wp:attachment":[{"href":"https:\/\/physik.nawi.at\/index.php\/wp-json\/wp\/v2\/media?parent=6746"}],"curies":[{"name":"wp","href":"https:\/\/api.w.org\/{rel}","templated":true}]}}