{"id":5823,"date":"2017-03-19T11:33:37","date_gmt":"2017-03-19T10:33:37","guid":{"rendered":"https:\/\/physik.nawi.at\/?page_id=5823"},"modified":"2023-07-19T15:42:57","modified_gmt":"2023-07-19T13:42:57","slug":"bachelor-und-dann","status":"publish","type":"page","link":"https:\/\/physik.nawi.at\/index.php\/informationen\/nach-dem-studium\/bachelor-und-dann\/","title":{"rendered":"Masterangebote national"},"content":{"rendered":"<p>Wenn du wissen willst, was du nach dem Bachelor in Physik alles studieren kannst, bist du hier genau richtig \ud83d\ude09<\/p>\n<p>Du kannst dich zum Beispiel beim <a href=\"https:\/\/slw.univie.ac.at\/studieren\/masterstudien\/master-access-guide\/\">Master Access Guide<\/a> vom studentpoint durchklicken, oder du schaust dir die Sachen an, die wir f\u00fcr euch zusammengestellt haben.<\/p>\n<p>Au\u00dferdem ohne Anspruch auf Vollst\u00e4ndigkeit und Aktualit\u00e4t:<\/p>\n<p>Die Auflagen\u00a0sind keine 100%ige Garantie, daran kann man sich aber orientieren (zur Sicherheit immer bei der jeweiligen Studienprogrammleitung\/Studienbeauftragte\/Studiendekane nachfragen!). Die Auflagen m\u00fcssen innerhalb des Masterstudiums absolviert\u00a0werden, k\u00f6nnen aber auch schon w\u00e4hrend des Bachelors als Wahlf\u00e4cher gemacht werden. Es gibt \u00f6sterreichweit mehrere M\u00f6glichkeiten (Stand 02.02.2017):<\/p>\n<ul>\n<li>Uni Wien:\n<ul>\n<li><strong>Master Physik<\/strong> (ohne Auflagen)<\/li>\n<li><strong>Master Computational Science<\/strong> (<a href=\"https:\/\/ssc-physik.univie.ac.at\/studieren\/erweiterungscurriculum\/\">Informationen dem aktuellem Erweiterungscurriculum zu entnehmen<\/a>)<\/li>\n<li><strong>Master Astronomie<\/strong> (Auflagen: Astrophysik 1 (8ECTS), Astrophysik 2 (8ECTS), Astronomische Instrumente 1 (7ECTS), Theoretische Astrophysik 1 (7ECTS))<\/li>\n<li><strong>Master Meteorologie<\/strong> (Auflagen: Meteorologie 1 (6ECTS), Dynamik der Atmosph\u00e4re 1 (8ECTS), Synoptisch-dynamische Meteorologie 1 (6ECTS), Synoptisch-dynamische Meteorologie 2 (6ECTS), Klimatologie VO (3ECTS))<\/li>\n<li><strong>Master Physics of Earth<\/strong> (ohne Auflagen)<\/li>\n<li><strong>Master Mathematics<\/strong> (Auflagen: Lineare Algebra und Geometrie 2 VO (3ECTS), H\u00f6here Analysis und elementare Differentialgeometrie VO (6ECTS), Wahrscheinlichkeitstheorie und Statistik VO (7ECTS), Algebra 1 VO (5 ECTS), Grundbegriffe der Topologie VO (3ECTS), Funktionalanalysis VO (5 ECTS))<\/li>\n<li><strong>Master History and Philosophy of Science <\/strong>(ohne Auflagen)<\/li>\n<li><strong>Master Environmental Sciences<\/strong> (Anmeldung bis 30.4., <a href=\"http:\/\/envsc.univie.ac.at\/application\/\">Auflagen<\/a>)<\/li>\n<li><strong>Master Science-Technology-Society<\/strong> (Anmeldung bis 30.4., \u00a0B2 Englisch-Zertifikat (Voraussetzung), 15-20 ECTS in <em>social science<\/em>\u00a0, <a href=\"https:\/\/sts.univie.ac.at\/en\/lehre\/master-in-sts\/\">Infos<\/a>)<\/li>\n<\/ul>\n<\/li>\n<\/ul>\n<ul>\n<li>TU Wien:\n<ul>\n<li><strong>Master Technische Physik<\/strong> (Auflagen: in Arbeit)<\/li>\n<li><strong>Master Physikalische Energie- und Messtechnik<\/strong> (Auflagen: in Arbeit)<\/li>\n<\/ul>\n<\/li>\n<\/ul>\n<ul>\n<li>FH Technikum Wien\n<ul>\n<li><strong>Master Erneuerbare urbane Energiesysteme<\/strong> (ohne Auflagen, mit Bewerbung, berufsbegleitend)<\/li>\n<\/ul>\n<\/li>\n<\/ul>\n<ul>\n<li>KFU Graz:\n<ul>\n<li><strong>Master Physics<\/strong> (ohne Auflagen)<\/li>\n<\/ul>\n<\/li>\n<\/ul>\n<ul>\n<li>TU Graz:\n<ul>\n<li><strong>Master Space Science and Earth from Space<\/strong> (Ansuchen um Zulassung stellen, prinzipiell m\u00f6glich)<\/li>\n<li><strong>Master Advanced Materials Science<\/strong> (Aufnahmeverfahren (ca 1,5 Jahr Vorlaufzeit))<\/li>\n<li><strong>Master Technische Physik<\/strong> (Aufnahmeverfahren (ca 1,5 Jahr Vorlaufzeit))<\/li>\n<\/ul>\n<\/li>\n<\/ul>\n<ul>\n<li>Uni Innsbruck\n<ul>\n<li><strong>Master Physik<\/strong> (ohne Auflagen)<\/li>\n<\/ul>\n<\/li>\n<\/ul>\n<ul>\n<li>JKU Linz\n<ul>\n<li><strong>Master Biophysik<\/strong> (ohne Auflagen)<\/li>\n<li><strong>Master Nanoscience and -Technology<\/strong> (ohne Auflagen)<\/li>\n<li><strong>Master Technische Physik<\/strong>\u00a0(Ansuchen um Zulassung stellen, prinzipiell m\u00f6glich)<\/li>\n<li><strong>Master Molekulare Biologie<\/strong> (Ansuchen um Zulassung stellen, prinzipiell m\u00f6glich)<\/li>\n<\/ul>\n<\/li>\n<\/ul>\n<p>&#8230;und noch viele, viele mehr. Falls du ein konkretes Beispiel hast, das da nicht aufgelistet ist, schreib uns einfach eine mail an stv.physik@gmail.com!<\/p>\n","protected":false},"excerpt":{"rendered":"<p>Wenn du wissen willst, was du nach dem Bachelor in Physik alles studieren kannst, bist du hier genau richtig \ud83d\ude09 Du kannst dich zum Beispiel beim Master Access Guide vom studentpoint durchklicken, oder du schaust dir die Sachen an, die wir f\u00fcr euch zusammengestellt haben. Au\u00dferdem ohne Anspruch auf Vollst\u00e4ndigkeit und Aktualit\u00e4t: Die Auflagen\u00a0sind keine [&hellip;]<\/p>\n","protected":false},"author":52,"featured_media":0,"parent":6803,"menu_order":1,"comment_status":"closed","ping_status":"closed","template":"","meta":[],"_links":{"self":[{"href":"https:\/\/physik.nawi.at\/index.php\/wp-json\/wp\/v2\/pages\/5823"}],"collection":[{"href":"https:\/\/physik.nawi.at\/index.php\/wp-json\/wp\/v2\/pages"}],"about":[{"href":"https:\/\/physik.nawi.at\/index.php\/wp-json\/wp\/v2\/types\/page"}],"author":[{"embeddable":true,"href":"https:\/\/physik.nawi.at\/index.php\/wp-json\/wp\/v2\/users\/52"}],"replies":[{"embeddable":true,"href":"https:\/\/physik.nawi.at\/index.php\/wp-json\/wp\/v2\/comments?post=5823"}],"version-history":[{"count":0,"href":"https:\/\/physik.nawi.at\/index.php\/wp-json\/wp\/v2\/pages\/5823\/revisions"}],"up":[{"embeddable":true,"href":"https:\/\/physik.nawi.at\/index.php\/wp-json\/wp\/v2\/pages\/6803"}],"wp:attachment":[{"href":"https:\/\/physik.nawi.at\/index.php\/wp-json\/wp\/v2\/media?parent=5823"}],"curies":[{"name":"wp","href":"https:\/\/api.w.org\/{rel}","templated":true}]}}