{"id":5686,"date":"2017-03-02T14:41:51","date_gmt":"2017-03-02T13:41:51","guid":{"rendered":"https:\/\/physik.nawi.at\/?page_id=5686"},"modified":"2017-09-26T15:32:00","modified_gmt":"2017-09-26T13:32:00","slug":"bezahlte-masterarbeiten","status":"publish","type":"page","link":"https:\/\/physik.nawi.at\/index.php\/informationen\/nach-dem-studium\/bezahlte-masterarbeiten\/","title":{"rendered":"Bezahlte Masterarbeiten"},"content":{"rendered":"<p>Du\u00a0hast sicher schon mitbekommen, dass viele Unternehmen Geld f\u00fcr ein Projekt anbieten \u00fcber das eine Masterarbeit geschrieben werden kann.<br \/>\nHier m\u00f6chten wir einige Themen und dazugeh\u00f6rige Fragen auflisten die du dir stellen solltest:<\/p>\n<ul>\n<li>Anrechnung<br \/>\nKl\u00e4re im Vorhinein mit deinem SPL ab ob und in welchem Modul du dir die Arbeit anrechnen lassen kannst. Ausserdem\u00a0muss ein Prof. der Fakult\u00e4t die Arbeit absegnen. Das kann mitunter ziemlichen b\u00fcrokratischen Aufwand bedeuten (Anerkennungen, Best\u00e4tigungen usw.).<\/li>\n<li>Vertrag<br \/>\nMeist handelt es sich um einen Werkvertrag. D.h. du hast nur f\u00fcr den erfolgreichen Abschluss des Projektes einen Anspruch auf das Entgeld.<\/li>\n<li>Arbeitszeit, Anwesenheit &amp; Betreuungsverh\u00e4ltnis<br \/>\nKl\u00e4re mit deinen Verantwortlichen\/Betreuern im Betrieb wie flexibel die Arbeitszeiten sind und wie es um das Betreuungsverh\u00e4ltnis aussieht. Gibt es Leute im Betrieb die sich mit der Thematik auskennen oder bist du auf dich alleine gestellt?<br \/>\nMeist handelt es sich um eine Art Vollzeitpraktikum (40h pro Woche). Kannst du dir das \u00fcber einen Zeitraum von 6-9 Monaten leisten?<br \/>\nKurzum: Ist die Bezahlung den Mehraufwand wert?<\/li>\n<\/ul>\n","protected":false},"excerpt":{"rendered":"<p>Du\u00a0hast sicher schon mitbekommen, dass viele Unternehmen Geld f\u00fcr ein Projekt anbieten \u00fcber das eine Masterarbeit geschrieben werden kann. Hier m\u00f6chten wir einige Themen und dazugeh\u00f6rige Fragen auflisten die du dir stellen solltest: Anrechnung Kl\u00e4re im Vorhinein mit deinem SPL ab ob und in welchem Modul du dir die Arbeit anrechnen lassen kannst. Ausserdem\u00a0muss ein [&hellip;]<\/p>\n","protected":false},"author":18,"featured_media":0,"parent":6803,"menu_order":2,"comment_status":"closed","ping_status":"closed","template":"","meta":[],"_links":{"self":[{"href":"https:\/\/physik.nawi.at\/index.php\/wp-json\/wp\/v2\/pages\/5686"}],"collection":[{"href":"https:\/\/physik.nawi.at\/index.php\/wp-json\/wp\/v2\/pages"}],"about":[{"href":"https:\/\/physik.nawi.at\/index.php\/wp-json\/wp\/v2\/types\/page"}],"author":[{"embeddable":true,"href":"https:\/\/physik.nawi.at\/index.php\/wp-json\/wp\/v2\/users\/18"}],"replies":[{"embeddable":true,"href":"https:\/\/physik.nawi.at\/index.php\/wp-json\/wp\/v2\/comments?post=5686"}],"version-history":[{"count":0,"href":"https:\/\/physik.nawi.at\/index.php\/wp-json\/wp\/v2\/pages\/5686\/revisions"}],"up":[{"embeddable":true,"href":"https:\/\/physik.nawi.at\/index.php\/wp-json\/wp\/v2\/pages\/6803"}],"wp:attachment":[{"href":"https:\/\/physik.nawi.at\/index.php\/wp-json\/wp\/v2\/media?parent=5686"}],"curies":[{"name":"wp","href":"https:\/\/api.w.org\/{rel}","templated":true}]}}