{"id":5544,"date":"2017-01-31T18:12:57","date_gmt":"2017-01-31T17:12:57","guid":{"rendered":"https:\/\/physik.nawi.at\/?page_id=5544"},"modified":"2023-08-18T14:08:55","modified_gmt":"2023-08-18T12:08:55","slug":"themaasyl","status":"publish","type":"page","link":"https:\/\/physik.nawi.at\/index.php\/uni-politik\/themaasyl\/","title":{"rendered":"Material zum Thema Asyl"},"content":{"rendered":"<div id=\"magicdomid61\" class=\"ace-line\">\n<blockquote>\n<h4>Du siehst eine veraltete Version der Seite an. Dieser Content wurde verschoben auf die Seiten unten:<\/p>\n<p>Wenn du von einer anderen Website weitergeleitet wurdest, lass es uns bitte wissen: <a href=\"mailto:stv.physik@oeh.univie.ac.at\">mail<\/a><\/h4>\n<\/blockquote>\n<p>Da das Thama Asyl in Medien und \u00f6ffentlichem Diskurs nicht abrei\u00dfen wollende Aufmerksamkeit erh\u00e4lt, haben wir begonnen Inhalte zum Thema zu sammeln:<\/p>\n<p><a href=\"https:\/\/physik.nawi.at\/index.php\/uni-politik\/themaasyl\/zum-thema-asyl\/\">Grundliegende Informationen zu Theme Asyl und Fl\u00fcchtlinge<\/a><\/p>\n<p><a href=\"https:\/\/physik.nawi.at\/index.php\/uni-politik\/themaasyl\/vorstellung-von-prosa-und-der-langen-nacht-der-menschenrechte\/\">Prosa und die lange Nacht der Menschenrechte<\/a><\/p>\n<\/div>\n","protected":false},"excerpt":{"rendered":"<p>Du siehst eine veraltete Version der Seite an. Dieser Content wurde verschoben auf die Seiten unten: Wenn du von einer anderen Website weitergeleitet wurdest, lass es uns bitte wissen: mail Da das Thama Asyl in Medien und \u00f6ffentlichem Diskurs nicht abrei\u00dfen wollende Aufmerksamkeit erh\u00e4lt, haben wir begonnen Inhalte zum Thema zu sammeln: Grundliegende Informationen zu [&hellip;]<\/p>\n","protected":false},"author":48,"featured_media":0,"parent":6812,"menu_order":6,"comment_status":"closed","ping_status":"closed","template":"","meta":[],"_links":{"self":[{"href":"https:\/\/physik.nawi.at\/index.php\/wp-json\/wp\/v2\/pages\/5544"}],"collection":[{"href":"https:\/\/physik.nawi.at\/index.php\/wp-json\/wp\/v2\/pages"}],"about":[{"href":"https:\/\/physik.nawi.at\/index.php\/wp-json\/wp\/v2\/types\/page"}],"author":[{"embeddable":true,"href":"https:\/\/physik.nawi.at\/index.php\/wp-json\/wp\/v2\/users\/48"}],"replies":[{"embeddable":true,"href":"https:\/\/physik.nawi.at\/index.php\/wp-json\/wp\/v2\/comments?post=5544"}],"version-history":[{"count":0,"href":"https:\/\/physik.nawi.at\/index.php\/wp-json\/wp\/v2\/pages\/5544\/revisions"}],"up":[{"embeddable":true,"href":"https:\/\/physik.nawi.at\/index.php\/wp-json\/wp\/v2\/pages\/6812"}],"wp:attachment":[{"href":"https:\/\/physik.nawi.at\/index.php\/wp-json\/wp\/v2\/media?parent=5544"}],"curies":[{"name":"wp","href":"https:\/\/api.w.org\/{rel}","templated":true}]}}