{"id":523,"date":"2013-05-08T13:02:55","date_gmt":"2013-05-08T11:02:55","guid":{"rendered":"https:\/\/physik.nawi.at\/?page_id=523"},"modified":"2019-09-06T21:25:09","modified_gmt":"2019-09-06T19:25:09","slug":"oh-wahl","status":"publish","type":"page","link":"https:\/\/physik.nawi.at\/index.php\/uni-politik\/die-oh\/oh-wahl\/","title":{"rendered":"Vergangene \u00d6H-Wahlen"},"content":{"rendered":"<h3>Wahl 2019<\/h3>\n<p>Die \u00d6H-Wahlen 2019 sind geschlagen. Alle Infos zur \u00d6H-Wahl findest du auf <a href=\"https:\/\/wahlergebnisse2019.oeh.ac.at\/#\">https:\/\/wahlergebnisse2019.oeh.ac.at\/#<\/a><\/p>\n<p>Die Ergebnisse der einzelnen Studierendenvertretungen sind <a href=\"https:\/\/www.oeh.univie.ac.at\/sites\/default\/files\/CMS\/Wahl%202019\/Wahlergebnisse\/Kundmachung_der_Wahlergebnisse_StV_Stimmen.pdf\">hier <\/a>einzusehen.<\/p>\n<p>Weiters findest du unter <a href=\"https:\/\/wahlergebnisse2019.oeh.ac.at\/#uni0\">https:\/\/wahlergebnisse2019.oeh.ac.at\/#uni0<\/a> die Ergebnisse der Bundesvertretung und unter <a href=\"https:\/\/wahlergebnisse2019.oeh.ac.at\/#uni1\">https:\/\/wahlergebnisse2019.oeh.ac.at\/#uni1<\/a> die Ergebnisse der Hochschulvertretung der Uni Wien.<\/p>\n<h3>Wahl 2017<\/h3>\n<p>Alle Infos rund um die \u00d6H Wahl 2017 findest du auf\u00a0<a href=\"https:\/\/wahl2017.oeh.ac.at\">https:\/\/wahl2017.oeh.ac.at<\/a><\/p>\n<p>Die Ergebnisse der Bundesvertretungswahl findest du <a href=\"https:\/\/wahlergebnisse2017.oeh.ac.at\/#uni0\">hier<\/a>, die der Hochschulvertretung der Uni Wien findest du <a href=\"https:\/\/wahlergebnisse2017.oeh.ac.at\/#uni1\">hier<\/a>.<\/p>\n<p>Die grandiosen Wahlergebnisse der Studienvertretungswahl findest du auf Seite 13 unter<br \/>\n<a href=\"https:\/\/www.oeh.univie.ac.at\/sites\/default\/files\/CMS\/Wahlergebnis_Stv.pdf\">https:\/\/www.oeh.univie.ac.at\/sites\/default\/files\/CMS\/Wahlergebnis_Stv.pdf<\/a><\/p>\n<h3>Wahl 2015<\/h3>\n<p>Die Wahl ist gelaufen! Die Ergebnisse findet ihr auf:<br \/>\n<a href=\"http:\/\/oeh.univie.ac.at\/wahlen2015\">http:\/\/oeh.univie.ac.at\/wahlen2015<\/a><\/p>\n<p>F\u00fcr die Menschen, die nicht dabei sein konnten haben wir den Wahl-Informationsabend 2015 f\u00fcr euch aufgezeichnet und die Pr\u00e4sentations-Folien online gestellt. \u00a0<img class=\"wp-smiley lazyload\" data-src=\"https:\/\/physik.nawi.at\/wp-includes\/images\/smilies\/icon_wink.gif\" alt=\";)\" src=\"data:image\/gif;base64,R0lGODlhAQABAAAAACH5BAEKAAEALAAAAAABAAEAAAICTAEAOw==\" \/><noscript><img class=\"wp-smiley\" src=\"https:\/\/physik.nawi.at\/wp-includes\/images\/smilies\/icon_wink.gif\" alt=\";)\" \/><\/noscript><\/p>\n<p><a href=\"https:\/\/nawi.at\/~rv\/OEH-Wahl\/2015-OeH-Wahl_Infoabend\/Wahlinfoabend.pdf\">Folien der Pr\u00e4sentation<\/a><\/p>\n<p><a href=\"https:\/\/nawi.at\/~rv\/OEH-Wahl\/2015-OeH-Wahl_Infoabend\/Oeh-Wahl-Infoabend.webm\">Stream vom\u00a0Vortrag<br \/>\n(<\/a>Im Lauf der Zeit wird das Bild leider dunkler \u00a0;P \u00a0)<\/p>\n<p>Die Wahl-Infoseite der \u00d6H:<br \/>\n<a href=\"http:\/\/wahl.oeh.ac.at\/\">http:\/\/wahl.oeh.ac.at\/<\/a><\/p>\n<p>Das \u00d6H-Wahl FB-Event:<br \/>\n<a href=\"https:\/\/www.facebook.com\/events\/338085246402375\/\">https:\/\/www.facebook.com\/events\/338085246402375\/<\/a><\/p>\n<p>Eine <strong>\u00dcbersicht<\/strong> der angesprochenen Punkte:<\/p>\n<ul>\n<li>Was ist die \u00d6H\n<ul>\n<li>\u00d6H-Struktur \/ Ebenen<\/li>\n<\/ul>\n<\/li>\n<li>Warum w\u00e4hlen?<\/li>\n<li>Wahlsystem\n<ul>\n<li>Wer kann w\u00e4hlen?<\/li>\n<li>Wie w\u00e4hle ich?<\/li>\n<li>Wen w\u00e4hle ich?<\/li>\n<\/ul>\n<\/li>\n<li>Wahlkabine.at<\/li>\n<li>Kandidatur\n<ul>\n<li>Wer kann Kandidieren?<\/li>\n<li>Wie kann ich\/wir kandidieren?<\/li>\n<li>Fristen<\/li>\n<\/ul>\n<\/li>\n<li>Zum Thema\u00a0Wahl\n<ul>\n<li>Vergleich der Wahlsysteme<\/li>\n<li>Was ist legal?<\/li>\n<li>Was ist illegal?<\/li>\n<li>Wahlwerbung<\/li>\n<\/ul>\n<\/li>\n<\/ul>\n<p>Dann haben wir hier noch Links zu:<\/p>\n<ul>\n<li><strong><a href=\"https:\/\/physik.nawi.at\/index.php\/ein-resumee-der-letzten-zwei-jahre\/\">Resumee der Periode 2013-2015<\/a>\u00a0<\/strong><\/li>\n<\/ul>\n<hr \/>\n<h3><\/h3>\n<h3><em>retro<\/em>: Wahl 2013<\/h3>\n<p><em>Alle zwei Jahre w\u00e4hlen die Studierenden unseres h\u00fcbschen kleinen Landes ihre offizielle Vertretung. Die Wahl der Hochsch\u00fclerinnenschaft gliedert sich in zwei Abschnitte:<\/em><br \/>\n<em> Den der Studien- und Fakult\u00e4tsvertretungen und den der Universit\u00e4tsvertretungen.<\/em><\/p>\n<p><em>DIE OEH-WAHL 2013 fuer Physik und Astronomie fand vom 14.5-16.5 im Zentrum fuer Studierende auf der Fakultaet fuer Physik statt.<\/em><\/p>\n<p><em>\u00a0<\/em><\/p>\n<p><em>Wie diese Wahl funktioniert? Ja, das ist zugegebenerma\u00dfen ein wenig kompliziert&#8230; hier ein Versuch:<\/em><\/p>\n<p><em>Direkt w\u00e4hlen kannst du deine <strong>Studienvertretung (STV)<\/strong>, das sind je nach Studienrichtung 3 oder 5 Personen. (zB. auf der Physik 5, auf der Astro 3)<\/em><\/p>\n<p><em>Diese STV beschickt dann die <strong>Fakult\u00e4tsvertretung (FV)<\/strong>, die aus 3 bis 11 Personen besteht. (zb. FV Physik 5 Personen, Astro geh\u00f6rt zur Fak Geowissenschaften und entsendet 1 Person in die FV, die aus 11 Personen besteht)<\/em><\/p>\n<p><em>Auch direkt gew\u00e4hlt wird die <strong>Universit\u00e4tsvertretung (UV)<\/strong>. Hier werden aber nicht Personen, sondern Listen\/Fraktionen gew\u00e4hlt. Aus den Stimmanteilen werden dann die Mandate f\u00fcr die<strong> Bundesvertretung (BV)<\/strong> vergeben, die von den UVen, FH- und PH-Vertreter*innen in ganz \u00a0\u00d6sterreich beschickt wird.<\/em><\/p>\n<p><em>Weil das Beschickungszeux doof, kompliziert und intransparent ist, will die \u00d6H die Direktwahl der FV und BV wieder einf\u00fchren. Muss nur noch der liebe Wissenschaftsminister aufh\u00f6ren sich querzustellen&#8230;<\/em><\/p>\n<p><em>Auf der \u00d6H Uni Wien hat sich daraus, wie gehabt, eine Koalition aus GRAS, VSST\u00d6 und KSV-LILI ergeben. Zu finden <a title=\"hier\" href=\"http:\/\/www.oeh.univie.ac.at\/\" target=\"_blank\" rel=\"noopener\">hier<\/a><\/em><\/p>\n<p><em>Auf der BV hat sich, ebenfalls wie gehabt, eine Koalition aus FL\u00d6, GRAS, FEST und VSST\u00d6 ergeben. Und zwar wie immer <a title=\"hier\" href=\"http:\/\/www.oeh.ac.at\/\" target=\"_blank\" rel=\"noopener\">hier<\/a><\/em><\/p>\n<p><em>Und was die STV betrifft, uns kennt ihr ja schon \ud83d\ude00<\/em><\/p>\n","protected":false},"excerpt":{"rendered":"<p>Wahl 2019 Die \u00d6H-Wahlen 2019 sind geschlagen. Alle Infos zur \u00d6H-Wahl findest du auf https:\/\/wahlergebnisse2019.oeh.ac.at\/# Die Ergebnisse der einzelnen Studierendenvertretungen sind hier einzusehen. Weiters findest du unter https:\/\/wahlergebnisse2019.oeh.ac.at\/#uni0 die Ergebnisse der Bundesvertretung und unter https:\/\/wahlergebnisse2019.oeh.ac.at\/#uni1 die Ergebnisse der Hochschulvertretung der Uni Wien. Wahl 2017 Alle Infos rund um die \u00d6H Wahl 2017 findest du auf\u00a0https:\/\/wahl2017.oeh.ac.at [&hellip;]<\/p>\n","protected":false},"author":11,"featured_media":0,"parent":6814,"menu_order":-2,"comment_status":"open","ping_status":"closed","template":"","meta":[],"_links":{"self":[{"href":"https:\/\/physik.nawi.at\/index.php\/wp-json\/wp\/v2\/pages\/523"}],"collection":[{"href":"https:\/\/physik.nawi.at\/index.php\/wp-json\/wp\/v2\/pages"}],"about":[{"href":"https:\/\/physik.nawi.at\/index.php\/wp-json\/wp\/v2\/types\/page"}],"author":[{"embeddable":true,"href":"https:\/\/physik.nawi.at\/index.php\/wp-json\/wp\/v2\/users\/11"}],"replies":[{"embeddable":true,"href":"https:\/\/physik.nawi.at\/index.php\/wp-json\/wp\/v2\/comments?post=523"}],"version-history":[{"count":0,"href":"https:\/\/physik.nawi.at\/index.php\/wp-json\/wp\/v2\/pages\/523\/revisions"}],"up":[{"embeddable":true,"href":"https:\/\/physik.nawi.at\/index.php\/wp-json\/wp\/v2\/pages\/6814"}],"wp:attachment":[{"href":"https:\/\/physik.nawi.at\/index.php\/wp-json\/wp\/v2\/media?parent=523"}],"curies":[{"name":"wp","href":"https:\/\/api.w.org\/{rel}","templated":true}]}}