{"id":5,"date":"2012-12-04T22:34:07","date_gmt":"2012-12-04T21:34:07","guid":{"rendered":"https:\/\/physik.nawi.at\/?page_id=5"},"modified":"2023-11-15T13:00:51","modified_gmt":"2023-11-15T12:00:51","slug":"plenum","status":"publish","type":"page","link":"https:\/\/physik.nawi.at\/index.php\/plenum\/","title":{"rendered":"Plenum"},"content":{"rendered":"<div id=\"pl-5\"  class=\"panel-layout\" ><div id=\"pg-5-0\"  class=\"panel-grid panel-no-style\" ><div id=\"pgc-5-0-0\"  class=\"panel-grid-cell\" ><div id=\"panel-5-0-0-0\" class=\"so-panel widget widget_evcalwidget_four EvcalWidget_four panel-first-child panel-last-child\" data-index=\"0\" ><div id='evcal_widget' class='evo_widget'><!-- EventON Calendar --><div id='evcal_calendar_693' class='ajde_evcal_calendar sev cev color esty_2 ajax_loading_cal' ><div id='evcal_head' class='calendar_header ' ><div class='evo_cal_above'><span class='evo-search'><\/span><span class='evo-gototoday-btn' style='display:none' data-mo='4' data-yr='2026' data-dy=''>Aktuelles Monat<\/span><\/div><div class='evo_cal_above_content'>\t\t\t\t\t\n\t\t\t\t<div class='evo_search_bar evo_hidden'>\n\t\t\t\t\t<div class='evo_search_bar_in' >\n\t\t\t\t\t\t<input id='evo_search_bar_in_693' type=\"text\" placeholder='Suche' data-role=\"none\"\/>\n\t\t\t\t\t\t<a class=\"evosr_search_clear_btn\"><i class=\"fa fa-close\"><\/i><\/a>\n\t\t\t\t\t\t<a class=\"evosr_search_btn\"><i class=\"fa fa-search\"><\/i><\/a>\n\t\t\t\t\t<\/div>\n\t\t\t\t<\/div>\n\n\t\t\t<\/div><div class='evo_header_title right'><p id='evcal_cur' class='evo_month_title'> April, 2026<\/p><p class='evo_arrows'><span id='evcal_prev' class='evcal_arrows evcal_btn_prev' ><\/span><span id='evcal_next' class='evcal_arrows evo_arrow_next evcal_btn_next' ><\/span><\/p><\/div><\/div><div id='eventon_loadbar_section'><div id='eventon_loadbar'><\/div><\/div><div class='evo_ajax_load_events'><span><\/span><span><\/span><span><\/span><\/div><!-- Events List --><div id='evcal_list' \n\t\t\t\t\tclass='eventon_events_list '>\t\t\t<div class='clear'><\/div>\n\t\t\t<\/div>\n\t\t\t<div class='clear'><\/div>\n\t\t\t\t\t \t<div id='evcal_footer' class='evo_bottom' style='display:none'>\n\t\t \t\t<div class='evo_cal_data'  data-sc='{\"accord\":\"no\",\"bottom_nav\":\"no\",\"cal_id\":\"\",\"cal_init_nonajax\":\"no\",\"calendar_type\":\"default\",\"ep_fields\":\"\",\"etc_override\":\"no\",\"evc_open\":\"no\",\"event_count\":0,\"event_location\":\"all\",\"event_order\":\"ASC\",\"event_organizer\":\"all\",\"event_parts\":\"no\",\"event_past_future\":\"all\",\"event_status\":\"all\",\"event_tag\":\"all\",\"event_type\":\"308,\",\"event_type_2\":\"all\",\"event_type_3\":\"all\",\"event_type_4\":\"all\",\"event_type_5\":\"all\",\"event_virtual\":\"all\",\"eventtop_date_style\":0,\"eventtop_style\":\"2\",\"exp_jumper\":\"no\",\"exp_so\":\"no\",\"filter_relationship\":\"AND\",\"filter_show_set_only\":\"no\",\"filter_type\":\"default\",\"filters\":\"yes\",\"fixed_month\":\"4\",\"fixed_year\":\"2026\",\"focus_end_date_range\":\"1777586399\",\"focus_start_date_range\":\"1774994400\",\"ft_event_priority\":\"no\",\"hide_arrows\":\"no\",\"hide_cancels\":\"no\",\"hide_empty_months\":\"no\",\"hide_end_time\":\"no\",\"hide_et_dn\":\"no\",\"hide_et_extra\":\"no\",\"hide_et_tags\":\"no\",\"hide_et_tl\":\"no\",\"hide_ft\":\"no\",\"hide_ft_img\":\"no\",\"hide_month_headers\":\"no\",\"hide_mult_occur\":\"no\",\"hide_past\":\"no\",\"hide_past_by\":\"ee\",\"hide_so\":\"no\",\"ics\":\"no\",\"jumper\":\"no\",\"jumper_count\":5,\"jumper_offset\":\"0\",\"lang\":\"L1\",\"layout_changer\":\"no\",\"livenow_bar\":\"yes\",\"mapformat\":\"roadmap\",\"mapiconurl\":\"\",\"maps_load\":\"yes\",\"mapscroll\":\"true\",\"mapzoom\":\"18\",\"members_only\":\"no\",\"ml_priority\":\"no\",\"month_incre\":0,\"number_of_months\":\"1\",\"only_ft\":\"no\",\"pec\":\"\",\"s\":\"\",\"search\":\"\",\"search_all\":\"no\",\"sep_month\":\"no\",\"show_et_ft_img\":\"no\",\"show_limit\":\"no\",\"show_limit_ajax\":\"no\",\"show_limit_paged\":1,\"show_limit_redir\":\"\",\"show_repeats\":\"no\",\"show_upcoming\":0,\"show_year\":\"no\",\"social_share\":\"no\",\"sort_by\":\"sort_date\",\"tile_bg\":0,\"tile_bg_size\":\"full\",\"tile_count\":2,\"tile_height\":0,\"tile_style\":0,\"tiles\":\"no\",\"ux_val\":\"0\",\"wpml_l1\":\"\",\"wpml_l2\":\"\",\"wpml_l3\":\"\",\"yl_priority\":\"no\",\"fixed_day\":\"4\",\"_cver\":\"2.2.14\"}' data-od='{\"lang_no_events\":\"Keine Events\",\"cal_tz_offset\":120,\"cal_tz\":\"Europe\\\/Berlin\"}'><\/div>\n\t\t \t\t<div class='evo_cal_events' data-events=\"\"><\/div>\n\t\t \t<\/div>\n\t\t\t\t\n\t\t\t\n\t\t\t\t\t\t<\/div><!-- EventON End -->\n\t\t\t<\/div><\/div><\/div><\/div><div id=\"pg-5-1\"  class=\"panel-grid panel-no-style\" ><div id=\"pgc-5-1-0\"  class=\"panel-grid-cell\" ><div id=\"panel-5-1-0-0\" class=\"so-panel widget widget_sow-headline panel-first-child\" data-index=\"1\" ><div\n\t\t\t\n\t\t\tclass=\"so-widget-sow-headline so-widget-sow-headline-default-9133e195388a-5\"\n\t\t\t\n\t\t><div class=\"sow-headline-container \">\n\t\t\t\t\t\t\t<h1 class=\"sow-headline\">\n\t\t\t\t\t\tTagesordnungspunkte\t\t\t\t\t\t<\/h1>\n\t\t\t\t\t\t\t\t\t\t\t<div class=\"decoration\">\n\t\t\t\t\t\t<div class=\"decoration-inside\"><\/div>\n\t\t\t\t\t<\/div>\n\t\t\t\t\t\t\t\t\t\t\t<p class=\"sow-sub-headline\">\n\t\t\t\t\t\tkurz: \"TOPS\"\t\t\t\t\t\t<\/p>\n\t\t\t\t\t\t<\/div>\n<\/div><\/div><div id=\"panel-5-1-0-1\" class=\"so-panel widget widget_sow-editor\" data-index=\"2\" ><div\n\t\t\t\n\t\t\tclass=\"so-widget-sow-editor so-widget-sow-editor-base\"\n\t\t\t\n\t\t>\n<div class=\"siteorigin-widget-tinymce textwidget\">\n\t<h3>Dauerpunkte:<\/h3>\n<p>Jedes Mal werden zu Beginn kurz diese Punkte durchgegangen:<\/p>\n<ul>\n<li style=\"list-style-type: none;\">\n<ul>\n<li>Plenumsessen<\/li>\n<li>Protokoll-Personen finden<\/li>\n<li>Wie geht's uns?-Runde<\/li>\n<li>\u2665 verteilen (=Favoriten) und k\u00fcbeln (=Themen streichen)<\/li>\n<li><strong>ArGru Berichte<\/strong><\/li>\n<li><strong>Offene TO-DOs besprechen<\/strong><\/li>\n<li>Ausst\u00e4ndige Terminos bearbeiten<\/li>\n<li>Bewerben 1. Punkt \/ Bewerbeliste aktuell halten<\/li>\n<li>Abgeschlossene TOPs l\u00f6schen<\/li>\n<\/ul>\n<\/li>\n<li style=\"list-style-type: none;\"><\/li>\n<li style=\"list-style-type: none;\">\u00a0Generelles:\n<ul>\n<li>Finanzen: 1 Plenum im \"Monat\"<\/li>\n<li>Mailinglisten aktualisieren (Bei Bedarf)<\/li>\n<li>Grunds\u00e4tze (Bei Bedarf)<\/li>\n<\/ul>\n<\/li>\n<\/ul>\n<h3>Aktuell:<\/h3>\n<h4>Dauerprojekte (Dinge, die man immer im Hinterkopf haben sollte, damit es dann nicht stressig mit der ORGA wird)<\/h4>\n<ul>\n<li style=\"list-style-type: none;\">\n<ul>\n<li>PFGL<\/li>\n<li>Erstitutseminar<\/li>\n<li>LaTeX-Workshop<\/li>\n<li>ZaPF<\/li>\n<li>Steop2 - Crashkurs<\/li>\n<li>Infomail zu Bachelorarbeit an Studis aussenden<\/li>\n<li>Friends-Day<\/li>\n<\/ul>\n<\/li>\n<\/ul>\n<h4>Diskussionspunkte (Also das, was tats\u00e4chlich diskutiert und beschlossen wird)<\/h4>\n<ul>\n<li style=\"list-style-type: none;\">\n<ul>\n<li>Neue Leute anwerben (Laszlo)<\/li>\n<li>offene-offene Plena (Tom)<\/li>\n<li>Einschulungsmappe (Hannah)<\/li>\n<li>Wiki ordnen (Paulina)<br \/>\n<span id=\"zv__CLV-main__CV__header_subject\" class=\"subject\" title=\"Zugriff auf Heurigenb\u00e4nke und Posterw\u00e4nde?\" role=\"heading\" aria-level=\"1\"><\/span><\/li>\n<li>IAPS allgemeine Wissensweitergabe (David)<\/li>\n<li>RV-Seminar (Tom)<\/li>\n<li>Ein Rotes Kollektiv des Lehramts-Nawi (Lehramt goes Uni Politik) (Tom)<\/li>\n<li>RedSoc Nawi (Unterst\u00fczungen f\u00fcr basisdemokratische Gruppen auf Nawis) (Tom)<\/li>\n<li>FLINTA* F\u00f6rderung an der Physik (Tom)<\/li>\n<li>BaGru Stra\u00dfenfest (Tom)<\/li>\n<li>Schl\u00fcsselliste aktuell?? (Niko)<\/li>\n<li>Alpines Praktikum (Meteo) F\u00f6rderung (Niko)<\/li>\n<li>K\u00fchlschrank B\u00fcro (Niko)<\/li>\n<li>Serverfinanzierung - KOA?(Niko)<\/li>\n<li>Plancks<\/li>\n<li>Uniport<\/li>\n<li>Partiref-Mail (Qualit\u00e4tssicherung, Thementutorium) (Niko)<\/li>\n<li>B\u00fccher f\u00fcr Bib? (Niko)<\/li>\n<li>Berufungsverfahren + Habilitierung Studi-Nominierung (Niko)<\/li>\n<li>Schreibmentoring Bewerben (Szymon)<\/li>\n<\/ul>\n<\/li>\n<\/ul>\n<h4>Bewebungspunkte (Ob wir gewisse Projekte bewerben wollen)<\/h4>\n<ul>\n<li style=\"list-style-type: none;\">\n<ul>\n<li>Master Messe 10.11. (Anni)<\/li>\n<li>open iLab (Anmeldeschluss 20.11.) (Anni)<\/li>\n<li>Schreibmentoring bewerben (Zimbra)<\/li>\n<li>Zivilklausel-Kongress (wegen R\u00fcstungsforschung, Zimbra)<\/li>\n<\/ul>\n<\/li>\n<\/ul>\n<h4>In Arbeit (Es k\u00fcmmert sich schon wer von uns, aber das Projekt ist noch nicht fertig)<\/h4>\n<ul>\n<li style=\"list-style-type: none;\">\n<ul>\n<li>How to Habil f\u00fcrs Wiki schreiben mit Erfahrungsberichten (von wem?)<\/li>\n<li>Wie wollen wir unsere Daten archivieren? (mehr auf data.nawi.at legen?) -&gt; vertagt von IT Argru bis cloud gut geht und dann wird weitergeschaut<\/li>\n<\/ul>\n<\/li>\n<\/ul>\n<h4>\ud83e\udea6\u00a0TOP Friedhof (too good to go...but nobody has time)<strong><br \/>\n<\/strong><\/h4>\n<ul>\n<li style=\"list-style-type: none;\">\n<ul>\n<li>Tag der offenen Labore<\/li>\n<li>Quasi-Nawi-Tunier<\/li>\n<li>RV-Fotoalbum (auch online bzw. digital gesammelt bitte)<\/li>\n<li>Werkzeugkoffer neu organisieren (N\u00e4gel fallen raus und es ist zu chaotisch)<\/li>\n<\/ul>\n<\/li>\n<\/ul>\n<p>Falls du nicht live dabei sein kannst, melde dich bei uns per <a href=\"https:\/\/physik.nawi.at\/index.php\/kontakt\/\">E-Mail<\/a> oder auf <a href=\"https:\/\/discord.gg\/VGRk8AVA3d\">Discord<\/a>. Bei Bedarf veranstalten wir Hybrid-Plena (Wir haben daf\u00fcr sogar akzeptable Raummikros). Die Plena finden bis auf Weiteres im Studicenter (Zentrum f\u00fcr Studierende) statt. Dorthin kommst du, wenn du durch den Eingang bei der Strudlhofgasse (Haupteingang) hinein und dann und geradeaus weiter gehst.<\/p>\n<\/div>\n<\/div><\/div><div id=\"panel-5-1-0-2\" class=\"so-panel widget widget_sow-editor panel-last-child\" data-index=\"3\" ><div\n\t\t\t\n\t\t\tclass=\"so-widget-sow-editor so-widget-sow-editor-base\"\n\t\t\t\n\t\t>\n<div class=\"siteorigin-widget-tinymce textwidget\">\n\t<h1>Was ist ein Plenum<\/h1>\n<p>Ein Plenum ist Mittel zur Entscheidungsfindung unserer <a href=\"https:\/\/physik.nawi.at\/index.php\/wir\/grundsatze-immer-in-arbeit-neu\/#Basisdemokratisch\"><strong>BaGru<\/strong><\/a> und eine Zusammenkunft zum Meinungsaustausch untereinander. Unser Plenum ist offen f\u00fcr alle Interessierten, die ihre Meinung einbringen m\u00f6chten.<\/p>\n<p>Falls du Anliegen oder Ideen f\u00fcr das n\u00e4chste Plenum hast, komm vorbei oder schick uns eine Mail (stv-physik(at)univie.ac.at).<\/p>\n<p>Der Ablauf eines Plenums ist recht schnell erkl\u00e4rt:<\/p>\n<ul>\n<li style=\"list-style-type: none;\">\n<ul>\n<li style=\"list-style-type: none;\">\n<ul>\n<li>Punkte, die Anwesende besprechen wollen, werden gesammelt,<\/li>\n<li>durchgesprochen<\/li>\n<li>und daraus der Kurs f\u00fcr weitere Entscheidungen beschlossen.<\/li>\n<\/ul>\n<\/li>\n<\/ul>\n<\/li>\n<\/ul>\n<p>Die Entscheidungsfindung funktioniert dabei nach dem Konsensprinzip. Das bedeutet nicht, dass alle immer einer Meinung sein m\u00fcssen, sondern, dass keine Person \u00fcberstimmt werden kann und am Ende alle die Entscheidung \u201cmittragen\u201d, also zumindest damit leben k\u00f6nnen.<\/p>\n<p>Wichtig ist dabei, dass respektvoll miteinander umgegangen wird\u00a0(ausreden lassen, Verst\u00e4ndnis f\u00fcr andere Meinungen).<\/p>\n<p>Um eine angenehme Umgebung f\u00fcr Alle zu schaffen, ist es au\u00dferdem wichtig, gro\u00dfen Abstand von jeglichen diskriminierenden Aussagen oder Verhaltensweisen zu nehmen. Genaueres kannst du in unseren <a href=\"https:\/\/physik.nawi.at\/index.php\/wir\/grundsatze-immer-in-arbeit-neu\/\">Grunds\u00e4tzen<\/a> nachlesen.<\/p>\n<h1>Wichtige Abk\u00fcrzungen am Plenum<\/h1>\n<p>Da sich in allen Gruppen mit der Zeit eine Reihe an Abk\u00fcrzungen etabliert haben wir begonnen, sie hier f\u00fcr euch zu sammeln:<\/p>\n<p>TOPs ... TagesOrdnungsPunkte<\/p>\n<p>STV ... <a title=\"Was ist \/ macht eine STV?\" href=\"https:\/\/physik.nawi.at\/index.php\/f-a-q\/was-macht-eine-stv\/\">Studienvertretung<\/a><\/p>\n<p>Stuko ... Studienkonferenz<br \/>\n(beratendes Gremium der Studienprogrammleitung)<\/p>\n<p>FV ... Fakult\u00e4tsvertretung<br \/>\n(von Studienvertretung berufen)<\/p>\n<p>Fako ... Fakult\u00e4tskonferenz<br \/>\n(beratendes Gremium des Dekanats)<\/p>\n<p>UV ... Universit\u00e4tsvertretung<\/p>\n<p>BV ... Bundesvertretung<\/p>\n<p>\u00d6H ... \u00d6sterreichische Hochsch\u00fclerInnenschaft<\/p>\n<p>Bagru ... <a title=\"Was ist eine Basisgruppe\" href=\"https:\/\/physik.nawi.at\/index.php\/plenum\/was-ist-eine-basisgruppe\/\">Basisgruppe<\/a><\/p>\n<p>IG ... Institutsgruppe<br \/>\n(siehe Bagru\u00a0)<\/p>\n<p>Tutpro ... unabh\u00e4ngiges Tutoriumsprojekt<\/p>\n<p>Erstitut \u00a0... Erstsemestrigentutorium<\/p>\n<p>CurrAG ... <a href=\"https:\/\/senat.univie.ac.at\/curricularkommission\/eingesetzte-curriculare-arbeitsgruppen\/\">Curriculare Arbeitsgruppe<\/a><\/p>\n<p>Habil ... <a href=\"http:\/\/de.wikipedia.org\/wiki\/Habilitation\">Habilitationskommission<\/a><\/p>\n<p>KOA ... <a href=\"http:\/\/oeh.univie.ac.at\/koordinationsausschuss-koa\">Koordinationsausschuss \u00d6H Uni Wien\u00a0<\/a><\/p>\n<p>ZaPF ... <a href=\"http:\/\/zapfev.de\/zapf\">Zusammenkunft aller Physik Fachschaften<\/a><\/p>\n<ul>\n<li style=\"list-style-type: none;\">\n<ul><!-- wp:paragraph --><!-- \/wp:paragraph --><\/ul>\n<\/li>\n<\/ul>\n<p><!-- wp:paragraph --><\/p>\n<\/div>\n<\/div><\/div><\/div><\/div><\/div>","protected":false},"excerpt":{"rendered":"<p>Dauerpunkte: Jedes Mal werden zu Beginn kurz diese Punkte durchgegangen: Plenumsessen Protokoll-Personen finden Wie geht&#8217;s uns?-Runde \u2665 verteilen (=Favoriten) und k\u00fcbeln (=Themen streichen) ArGru Berichte Offene TO-DOs besprechen Ausst\u00e4ndige Terminos bearbeiten Bewerben 1. Punkt \/ Bewerbeliste aktuell halten Abgeschlossene TOPs l\u00f6schen \u00a0Generelles: Finanzen: 1 Plenum im &#8220;Monat&#8221; Mailinglisten aktualisieren (Bei Bedarf) Grunds\u00e4tze (Bei Bedarf) Aktuell: [&hellip;]<\/p>\n","protected":false},"author":1,"featured_media":0,"parent":0,"menu_order":4,"comment_status":"open","ping_status":"closed","template":"","meta":[],"_links":{"self":[{"href":"https:\/\/physik.nawi.at\/index.php\/wp-json\/wp\/v2\/pages\/5"}],"collection":[{"href":"https:\/\/physik.nawi.at\/index.php\/wp-json\/wp\/v2\/pages"}],"about":[{"href":"https:\/\/physik.nawi.at\/index.php\/wp-json\/wp\/v2\/types\/page"}],"author":[{"embeddable":true,"href":"https:\/\/physik.nawi.at\/index.php\/wp-json\/wp\/v2\/users\/1"}],"replies":[{"embeddable":true,"href":"https:\/\/physik.nawi.at\/index.php\/wp-json\/wp\/v2\/comments?post=5"}],"version-history":[{"count":0,"href":"https:\/\/physik.nawi.at\/index.php\/wp-json\/wp\/v2\/pages\/5\/revisions"}],"wp:attachment":[{"href":"https:\/\/physik.nawi.at\/index.php\/wp-json\/wp\/v2\/media?parent=5"}],"curies":[{"name":"wp","href":"https:\/\/api.w.org\/{rel}","templated":true}]}}