{"id":4890,"date":"2016-07-12T07:37:28","date_gmt":"2016-07-12T05:37:28","guid":{"rendered":"https:\/\/physik.nawi.at\/?page_id=4890"},"modified":"2021-06-09T20:11:46","modified_gmt":"2021-06-09T18:11:46","slug":"impressum","status":"publish","type":"page","link":"https:\/\/physik.nawi.at\/index.php\/impressum\/","title":{"rendered":"Impressum"},"content":{"rendered":"<p>Studienvertretung Physik,<br \/>\nstv.physik@oeh.univie.ac.at<br \/>\nStrudlhofgasse 4<br \/>\n1090 Wien<\/p>\n<p>Ein Organ der<\/p>\n<p>Hochsch\u00fcler_innenschaft an der Universit\u00e4t Wien,<br \/>\nUni Campus, Spitalgasse 2, Hof 1,<br \/>\n1090 Wien<\/p>\n<p><strong>Haftung:<br \/>\n<\/strong><br \/>\nS\u00e4mtliche Texte auf der Homepage der Studienvertretung Physik\u00a0an der Universit\u00e4t Wien wurden sorgf\u00e4ltig gepr\u00fcft. Dessen ungeachtet kann keine Garantie f\u00fcr die Richtigkeit, Vollst\u00e4ndigkeit und Aktualit\u00e4t der Angaben \u00fcbernommen werden. Eine Haftung wird daher ausgeschlossen.<\/p>\n<p>Links zu externen Webseiten wurden sorgf\u00e4ltig ausgew\u00e4hlt, jedoch\u00a0hat die Studienvertretung keinen Einfluss auf den Inhalt und die Gestaltung dieser externen\u00a0Seiten und\u00a0\u00fcbernimmt f\u00fcr deren Inhalt keine Verantwortung.<\/p>\n<p><strong>Ausrichtung der Website:\u00a0<\/strong><\/p>\n<p>Die Website dient nach HSG \u00a7 3 Abs. 1<\/p>\n<p>\u201eDer \u00d6sterreichischen Hochsch\u00fclerinnen- und Hochsch\u00fclerschaft obliegt die Vertretung der allgemeinen und studienbezogenen Interessen ihrer Mitglieder\u201c<\/p>\n<p>der Erf\u00fcllung der\u00a0gesetzlichen Aufgaben der Studienvertretung als \u00d6H-Organ.<\/p>\n<p><span class=\"author-a-32z87zz72zz68z44z78zz65zz75z2lz69ztk8\">Des Weiteren\u00a0kann die Ausrichtung der Seiteninhalte als\u00a0\u00a0&#8220;F\u00fcr Leiwand, gegen Oasch, \u00a0f\u00fcr ein solidarisches und inklusives Miteinande<\/span><span class=\"author-a-z74z5z78zz76z7z82zz77zwdviwz72zkz86zz84z\">r und<\/span><span class=\"author-a-32z87zz72zz68z44z78zz65zz75z2lz69ztk8\">\u00a0das gute Leben f\u00fcr Alle&#8221; bezeichnet werden<\/span><span class=\"author-a-32z87zz72zz68z44z78zz65zz75z2lz69ztk8\">.<\/span><\/p>\n","protected":false},"excerpt":{"rendered":"<p>Studienvertretung Physik, stv.physik@oeh.univie.ac.at Strudlhofgasse 4 1090 Wien Ein Organ der Hochsch\u00fcler_innenschaft an der Universit\u00e4t Wien, Uni Campus, Spitalgasse 2, Hof 1, 1090 Wien Haftung: S\u00e4mtliche Texte auf der Homepage der Studienvertretung Physik\u00a0an der Universit\u00e4t Wien wurden sorgf\u00e4ltig gepr\u00fcft. Dessen ungeachtet kann keine Garantie f\u00fcr die Richtigkeit, Vollst\u00e4ndigkeit und Aktualit\u00e4t der Angaben \u00fcbernommen werden. Eine Haftung [&hellip;]<\/p>\n","protected":false},"author":18,"featured_media":0,"parent":0,"menu_order":10,"comment_status":"closed","ping_status":"closed","template":"","meta":[],"_links":{"self":[{"href":"https:\/\/physik.nawi.at\/index.php\/wp-json\/wp\/v2\/pages\/4890"}],"collection":[{"href":"https:\/\/physik.nawi.at\/index.php\/wp-json\/wp\/v2\/pages"}],"about":[{"href":"https:\/\/physik.nawi.at\/index.php\/wp-json\/wp\/v2\/types\/page"}],"author":[{"embeddable":true,"href":"https:\/\/physik.nawi.at\/index.php\/wp-json\/wp\/v2\/users\/18"}],"replies":[{"embeddable":true,"href":"https:\/\/physik.nawi.at\/index.php\/wp-json\/wp\/v2\/comments?post=4890"}],"version-history":[{"count":0,"href":"https:\/\/physik.nawi.at\/index.php\/wp-json\/wp\/v2\/pages\/4890\/revisions"}],"wp:attachment":[{"href":"https:\/\/physik.nawi.at\/index.php\/wp-json\/wp\/v2\/media?parent=4890"}],"curies":[{"name":"wp","href":"https:\/\/api.w.org\/{rel}","templated":true}]}}