{"id":35,"date":"2012-12-06T20:52:30","date_gmt":"2012-12-06T19:52:30","guid":{"rendered":"https:\/\/physik.nawi.at\/?page_id=35"},"modified":"2023-08-20T13:53:06","modified_gmt":"2023-08-20T11:53:06","slug":"studi-software","status":"publish","type":"page","link":"https:\/\/physik.nawi.at\/index.php\/informationen\/im-studium\/studi-software\/","title":{"rendered":"Studi &#8211; Software"},"content":{"rendered":"<p>Im Laufe eures Studiums werdet ihr fr\u00fcher oder sp\u00e4ter \u00fcber diverse Software stolpern, die euch, sobald man sich damit bekannt gemacht hat, das Leben deutlich erleichtern k\u00f6nnen.<\/p>\n<p>Hier eine Auswahl an Software. <a href=\"https:\/\/academic.softwareone.com\/#\/UniWien_Studierende\">Acadcloud<\/a> ist das Softwareangebot der Uni Wien f\u00fcr Studierende. Dort bekommt ihr gratis Windows sowie MS Office. Auch viele andere Programme sind verg\u00fcnstigt.<\/p>\n<h3><strong>Algebra- Programme<\/strong><\/h3>\n<ul>\n<li><a href=\"https:\/\/www.wolfram.com\/mathematica\/\">Mathematica<\/a> ( Lizenzgeb\u00fchren! ) \u2192<em>\u00a0 acadcloud<\/em><\/li>\n<li><a href=\"http:\/\/andrejv.github.io\/wxmaxima\/index.html\">Maxima<\/a> ( open source )<\/li>\n<li><a href=\"https:\/\/de.mathworks.com\/products\/matlab.html\">Matlab<\/a> ( Lizenzgeb\u00fchren! )<em> \u2192 acadcloud<\/em><\/li>\n<li><a href=\"http:\/\/www.scilab.org\/\">Scilab<\/a> ( open source, matlbab-clone )<\/li>\n<\/ul>\n<h3><strong>Datenanalyse\/ Auswertungssoftware<\/strong><\/h3>\n<ul>\n<li><a href=\"http:\/\/scidavis.sourceforge.net\/\">SciDAVis<\/a>\u00a0(\u00a0freier Qti-Plot fork\u00a0)<\/li>\n<li><a href=\"http:\/\/www.qtiplot.com\/\">Qti Plot<\/a> ( Lizenzgeb\u00fchren! ) \u2192 acadcloud<\/li>\n<li><a href=\"http:\/\/www.originlab.de\/\">Origin<\/a> ( Lizenzgeb\u00fchren\u00b2! , es gibt aber Gratis &#8211; Lizenzen \u00fcber die Stv \u2192 <a href=\"https:\/\/physik.nawi.at\/index.php\/kontakt\/\">Kontakt<\/a> )<\/li>\n<li><a href=\"http:\/\/www.gnuplot.info\/\">DIY+gnuplot<\/a> ( non-gui )<\/li>\n<\/ul>\n<h3><strong>Textsatzsoftware (f\u00fcr Protokolle und wissenschaftliche Arbeiten)<\/strong><\/h3>\n<ul>\n<li>Meist wird zum Schreiben von papers und Protokollen &#8220;<a href=\"https:\/\/www.overleaf.com\/\">Overleaf<\/a>&#8221; verwendet. Ihr k\u00f6nnt euch entweder ein Konto erstellen, oder euch auch mit den u:access Zugangsdaten anmelden. Auf overleaf k\u00f6nnnt ihr die LaTeX dokumente in der Cloud bearbeiten und auch im Team synchron schreiben. Die kostenlose version ist sehr umfangreich und reicht f\u00fcr alles aus, was man im Studium braucht.<\/li>\n<li><a href=\"http:\/\/de.wikipedia.org\/wiki\/LaTeX\">Latex<\/a> k\u00f6nnt ihr euch auch selber lokal auf eurem Computer installieren. So seid ihr nicht auf ein Unternehmen und eine Internetverbindung angewiesen um LaTeX schreiben zu k\u00f6nnen.<\/li>\n<li><a href=\"https:\/\/www.lyx.org\/WebDe.Home\">Lyx<\/a>, ein Textsatzprogramm das Latex nutzt<\/li>\n<\/ul>\n<h3>Fehlerrechnung<\/h3>\n<ul>\n<li><a href=\"https:\/\/github.com\/mr-georgebaker\/PyError\">py_error<\/a>&#8211; ein feines Fehlerrechnungsprogramm\u00a0mit grafischer Oberfl\u00e4che von unserem Mitstudi \u00a0&#8220;mr-georgebaker&#8221;. <a href=\"http:\/\/georgebaker.lima-city.de\/doku.php?id=start\">[dokumentation]<\/a><\/li>\n<li>auch oft verwendet werden daf\u00fcr Mathematica oder auch einfach diverse websites.<\/li>\n<\/ul>\n<h3>Programmieren \/ Code<\/h3>\n<p>F\u00fcr die Programmierkurse reicht eigentlich eine lokale <a href=\"https:\/\/www.python.org\/\">Python<\/a> Installation. Viele Studis m\u00f6chten allerdings etwas grafischeres als ein Terminal.<\/p>\n<p>Mit eurer Uni-Mail k\u00f6nnt ihr euch ein <a href=\"https:\/\/github.com\/\">GitHub<\/a> Edu Konto (also eine gratis Pro-Version inkl. GitHub <a href=\"https:\/\/github.com\/features\/copilot\">Copilot<\/a>) kostenlos holen.<br \/>\nDamit bekommt ihr auch kostenlosen Zugang auf die Suite von<a href=\"https:\/\/www.jetbrains.com\/\"> JetBrains<\/a>. So k\u00f6nnt ihr euch <a href=\"https:\/\/www.jetbrains.com\/pycharm\/\">PyCharm<\/a> Pro gratis herunterladen.<\/p>\n<p>Auch <a href=\"https:\/\/code.visualstudio.com\/\">VSCode<\/a> wird manchmal verwendet.<\/p>\n<h3>Online-Office<\/h3>\n<ul>\n<li>cryptpad.fr \u2192 hat alle Office Funktionen direkt im Browser. Vergleichbar mit Google oder MS Office, jedoch privatsph\u00e4rentechnisch besser.<\/li>\n<\/ul>\n<h3>Offene Office-Software<\/h3>\n<ul>\n<li>LibreOffice<\/li>\n<li>Openoffice<\/li>\n<li>Abiword<\/li>\n<\/ul>\n<p><span style=\"font-size: 16px; line-height: 24px;\"> <em>Au\u00dferdem m\u00f6chten wir euch bitten, auf Linux umzusteigen, euer ganzes Geld den Armen und dem Umweltschutz zu spenden und euch f\u00fcr Friede, Freude und Menschenrechte einzusetzen!<\/em><\/span><\/p>\n<p><span style=\"font-size: 16px; line-height: 24px;\"><em>&#8211; nicht unbedingt in der Reihenfolge<\/em><br \/>\n<\/span><span style=\"font-size: 16px;\">\u00a0<\/span><\/p>\n","protected":false},"excerpt":{"rendered":"<p>Im Laufe eures Studiums werdet ihr fr\u00fcher oder sp\u00e4ter \u00fcber diverse Software stolpern, die euch, sobald man sich damit bekannt gemacht hat, das Leben deutlich erleichtern k\u00f6nnen. Hier eine Auswahl an Software. Acadcloud ist das Softwareangebot der Uni Wien f\u00fcr Studierende. Dort bekommt ihr gratis Windows sowie MS Office. Auch viele andere Programme sind verg\u00fcnstigt. [&hellip;]<\/p>\n","protected":false},"author":1,"featured_media":0,"parent":6773,"menu_order":1,"comment_status":"closed","ping_status":"closed","template":"","meta":[],"_links":{"self":[{"href":"https:\/\/physik.nawi.at\/index.php\/wp-json\/wp\/v2\/pages\/35"}],"collection":[{"href":"https:\/\/physik.nawi.at\/index.php\/wp-json\/wp\/v2\/pages"}],"about":[{"href":"https:\/\/physik.nawi.at\/index.php\/wp-json\/wp\/v2\/types\/page"}],"author":[{"embeddable":true,"href":"https:\/\/physik.nawi.at\/index.php\/wp-json\/wp\/v2\/users\/1"}],"replies":[{"embeddable":true,"href":"https:\/\/physik.nawi.at\/index.php\/wp-json\/wp\/v2\/comments?post=35"}],"version-history":[{"count":0,"href":"https:\/\/physik.nawi.at\/index.php\/wp-json\/wp\/v2\/pages\/35\/revisions"}],"up":[{"embeddable":true,"href":"https:\/\/physik.nawi.at\/index.php\/wp-json\/wp\/v2\/pages\/6773"}],"wp:attachment":[{"href":"https:\/\/physik.nawi.at\/index.php\/wp-json\/wp\/v2\/media?parent=35"}],"curies":[{"name":"wp","href":"https:\/\/api.w.org\/{rel}","templated":true}]}}