{"id":2682,"date":"2014-11-22T15:59:13","date_gmt":"2014-11-22T14:59:13","guid":{"rendered":"https:\/\/physik.nawi.at\/?page_id=2682"},"modified":"2018-10-14T19:36:45","modified_gmt":"2018-10-14T17:36:45","slug":"burschenschaften-und-cartellverband","status":"publish","type":"page","link":"https:\/\/physik.nawi.at\/index.php\/uni-politik\/burschenschaften-und-cartellverband\/","title":{"rendered":"Burschenschaften und Cartellverband"},"content":{"rendered":"<p>Hier m\u00f6chten wir Entwicklungen und Informationen zum Thema Cartellverband und Burschenschaften sammeln. Wir sind in dem Thema selbstverst\u00e4ndlich befangen &#8211; wollen aber zu neueren Entwicklungen (siehe unten) zumindest auch\u00a0Stellungnahmen anderer Seite bringen.<\/p>\n<h1>Einleitende Info:<\/h1>\n<p>Der<a href=\"http:\/\/de.wikipedia.org\/wiki\/%C3%96sterreichischer_Cartellverband\"> \u00d6sterreichische\u00a0<strong>Cartellverband<\/strong><\/a>\u00a0ist ein Zusammenschluss von konservativen, nichtschlagenden, haupts\u00e4chlich katholischen coleur-tragenden Studentenverbindungen &#8211; Studenten, weil <a href=\"http:\/\/de.wikipedia.org\/wiki\/%C3%96sterreichischer_Cartellverband#Aufnahme_von_Frauen\">Frauen nicht zugelassen werden<\/a>.<\/p>\n<blockquote><p>Unter\u00a0der Regierung &#8220;Faymann I&#8221; \u00a0waren fast alle m\u00e4nnlichen \u00d6VP-Regierungsmitglieder (mit Ausnahme von z.B. Sebastian Kurz) Mitglieder des CV <a href=\"http:\/\/www.wienerzeitung.at\/nachrichten\/oesterreich\/politik\/594311_Die-vermeintliche-Macht.html\">[1]<\/a>\u00a0<a href=\"http:\/\/schwarzbuchoevp.at\/oesterreichischer-cartellverband\/\">[2]<\/a>.<br \/>\nDiese Verstrickung von Parteipolitik\u00a0und Cartellverband hat lange Tradition <a href=\"http:\/\/derstandard.at\/2000006914694\/Cato-und-Django-Der-Cartellverband-regiert\">[1] <\/a><a href=\"http:\/\/de.wikipedia.org\/wiki\/%C3%96sterreichischer_Cartellverband#Prominente_Mitglieder_von_.C3.96CV-Verbindungen\">[2]<\/a>.<\/p><\/blockquote>\n<p><strong><a href=\"http:\/\/de.wikipedia.org\/wiki\/Burschenschaft\">Burschenschaften<\/a><\/strong>\u00a0sind ebenfalls farbentragend, im Gegensatz zu Mitgliedern des Cartellverbandes jedoch vorwiegend schlagend, deutschnational und im reaktion\u00e4ren Spektrum angeordnet. Wieder nur M\u00e4nner.<\/p>\n<p>Die Wiener Burschenschaften\u00a0organisieren sich im <a href=\"http:\/\/de.wikipedia.org\/wiki\/Wiener_Korporationsring\">Wiener-Korporationsring<\/a>, der \u00fcber die\u00a0\u00a0FP\u00d6 den j\u00e4hrlichen Wiener <a href=\"http:\/\/de.wikipedia.org\/wiki\/Wiener_Akademikerball\">Akademikerball<\/a>\u00a0<span style=\"color: #999999;\"><em>(&#8220;Das ist nicht unser Ball!&#8221;)<\/em><\/span> veranstaltet.<br \/>\nEine Auswahl einiger Mitglieder des WKR :<\/p>\n<ul>\n<li><a href=\"http:\/\/olympia.burschenschaft.at\/\">Olympia<br \/>\n<\/a><\/li>\n<li><a href=\"http:\/\/www.teutonia.at\/\">Teutonia<\/a><\/li>\n<li><a href=\"http:\/\/www.obergermanen.at\/\">Ober\u00f6sterreicher Germanen<\/a><\/li>\n<li><a href=\"http:\/\/www.aldania.at\/frame.htm\">Aldania<\/a><\/li>\n<li><a href=\"http:\/\/libertas-wien.at\/\">Libertas<\/a><\/li>\n<li>und und und ( <a href=\"http:\/\/de.wikipedia.org\/wiki\/Wiener_Korporationsring\">Liste des WKR<\/a>)<\/li>\n<\/ul>\n<blockquote><p>Auch bei den Burschenschaften lassen sich Verbindungen zu gewissen Parteien feststellen. <a href=\"https:\/\/burschenschafterpacktaus.wordpress.com\/2014\/04\/14\/39-prozent-der-fpo-parlamentarier-sind-burschenschafter-deutsche-burschenschafter-bauen-einfluss-im-osterreichischen-nationalrat-aus\/\">[1]<\/a><a href=\"http:\/\/www.burschenschaftliche-blaetter.de\/netzversion\/detailansicht\/browse\/3\/meldung\/398\/zahlreiche-b.html\">[2]<\/a><\/p>\n<p>Die Beteiligung einiger \u00f6sterreichischer Burschenschaften beim &#8220;Verband Deutscher Burschenschaften&#8221; (DB) f\u00fchrte zu<a href=\"http:\/\/derstandard.at\/2000001940556\/Wartburg-sperrt-Burschenschafter-aus\"> einigen Austritten aufgrund des dadurch verursachten &#8220;Rechtsrucks&#8221;<\/a>.<\/p><\/blockquote>\n<p>Auf die diversen, auch noch existenten, zum Teil schlagenden und couleur tragenden<\/p>\n<ul>\n<li><strong><a href=\"http:\/\/de.wikipedia.org\/wiki\/%C3%96sterreichische_Corps\">Akademischen\u00a0Corps<\/a><\/strong>,<\/li>\n<li><strong><a href=\"http:\/\/de.wikipedia.org\/wiki\/Akademischer_Turnverein\">Turn<\/a>&#8211;\u00a0und<\/strong><\/li>\n<li><a href=\"http:\/\/de.wikipedia.org\/wiki\/Musische_Studentenverbindung\"><strong>Gesangs<\/strong><strong>vereine<\/strong><\/a><\/li>\n<\/ul>\n<p>oder andere studentische Verbindungen gehen wir gegebenenfalls auch ein<b>.<\/b><\/p>\n<h1>Literatur<\/h1>\n<ul>\n<li><a href=\"https:\/\/physik.nawi.at\/~rv\/Diskussion%20und%20Vortraege\/Burschenschaft_und_CV\/voelk_verbindungen.pdf\">&#8220;V\u00f6lkische Verbindungen&#8221;<\/a><br \/>\n<a href=\"https:\/\/physik.nawi.at\/~rv\/Diskussion%20und%20Vortraege\/Burschenschaft_und_CV\/voelk_verbindungen.pdf\"> Beitr\u00e4ge zum deutschnationalen<\/a><br \/>\n<a href=\"https:\/\/physik.nawi.at\/~rv\/Diskussion%20und%20Vortraege\/Burschenschaft_und_CV\/voelk_verbindungen.pdf\"> Korporationsunwesen in \u00d6sterreich<\/a><br \/>\n<em>Hochsch\u00fclerInnenschaft an der Universit\u00e4t Wien, Spitalgasse 2, Hof 1, 1090<\/em><\/li>\n<\/ul>\n<h1>Artikel zur geschichtlichen Entwicklung<\/h1>\n<p>Besonders interessant ist die zu beobachtende Rolle der Burschenschaften und des Kartellverbandes bei der Entwicklung, die bereits in der Zwischenkriegszeit eingesetzt hat und auch auf den Fakult\u00e4ten f\u00fcr Physik und Chemie ihre Spuren hinterlassen hat.<\/p>\n<ul>\n<li>\n<p class=\"node-title\">&#8220;Antisemitismus an der Universit\u00e4t Wien,\u00a01421\u20132006&#8221;<br \/>\n<a href=\"http:\/\/geschichte.univie.ac.at\/de\/themen\/antisemitismus-der-universitat-wien\">http:\/\/geschichte.univie.ac.at\/de\/themen\/antisemitismus-der-universitat-wien<br \/>\n<\/a><em><a href=\"https:\/\/physik.nawi.at\/~rv\/Diskussion%20und%20Vortraege\/Burschenschaft_und_CV\/Antisemitismus%20an%20der%20Universit%c3%a4t%20Wien%20_%20650%20Jahre.html\">[sicherungskopie 2015 ]<\/a><\/em><\/p>\n<\/li>\n<li>&#8220;Die Vernunft wurde schon fr\u00fcher vertrieben&#8221;,<br \/>\n<a href=\"http:\/\/science.orf.at\/stories\/1700034\/\">http:\/\/science.orf.at\/stories\/1700034\/<\/a><br \/>\n<a href=\"https:\/\/physik.nawi.at\/~rv\/Diskussion%20und%20Vortraege\/Burschenschaft_und_CV\/Die%20Vernunft%20wurde%20schon%20fr%c3%bcher%20vertrieben%20-%20science.ORF.at.html\">[sicherungskopie2015]<\/a><\/li>\n<\/ul>\n<ul>\n<li>Hochburg des Antisemitismus,<br \/>\n<em>\u00a0mit Fakult\u00e4ts Physikbezug<\/em><br \/>\n<a href=\"http:\/\/derstandard.at\/1338559407873\/Universitaet-Wien-Hochburg-des-Antisemitismus\">http:\/\/derstandard.at\/1338559407873\/Universitaet-Wien-Hochburg-des-Antisemitismus<br \/>\n<\/a><a href=\"https:\/\/physik.nawi.at\/~rv\/Diskussion%20und%20Vortraege\/Burschenschaft_und_CV\/Hochburg%20des%20Antisemitismus%20-%20Forschung%20Spezial%20-%20derStandard.at%20%e2%80%ba%20Wissenschaft.html\">[sicherungskopie 2015]<\/a><\/li>\n<\/ul>\n<ul>\n<li>Widerstand an den Unis: Zwei Assistenten starben<br \/>\n<em>Ereignisse auf der Chemie<\/em><br \/>\n<a href=\"http:\/\/derstandard.at\/2005083\/Widerstand-an-den-Unis-Zwei-Assistenten-starben\">http:\/\/derstandard.at\/2005083\/Widerstand-an-den-Unis-Zwei-Assistenten-starben<\/a><\/li>\n<\/ul>\n<h1>Neuere Entwicklung<\/h1>\n<h2>2015<\/h2>\n<p><strong># Oktober<\/strong><\/p>\n<p>Auch weiterhin treffen sich jeden Mittwoch Mittag Burschenschafter auf der Rampe der Uni Wien, um ein Zeichen der Geschlossenheit und St\u00e4rke zu setzten.<\/p>\n<h2>2014<\/h2>\n<p><strong># November<\/strong><\/p>\n<p>Der <a href=\"http:\/\/de.wikipedia.org\/wiki\/%C3%96sterreichischer_Cartellverband\">Cartellverband<\/a> hat die \u00d6H Uni Wien zu<a href=\"https:\/\/www.facebook.com\/events\/1734581226767307\/?ref=22\"> einer Podiumsdiskussion\u00a0(FB -Event)<\/a> geladen.<\/p>\n<p><a href=\"http:\/\/derstandard.at\/2000007757965\/Macht-und-Mythos-Der-Cartellverband-an-den-Universitaeten\">Artikel \u00fcber den &#8220;Mythos&#8221; des Cartellverbandes.<\/a><\/p>\n<p>Hier einige Pressemeldungen von nach der Diskussion.<br \/>\n( Nur zur Klarstellung: Cartellverband hei\u00dft nicht unbedingt Burschenschaften )<\/p>\n<ul>\n<li><strong><a href=\"http:\/\/derstandard.at\/2000008411907\/OeH-trifft-Cartellverband-Dollfuss-Verteidiger-gegen-Kommunistinnen\">Standard-Artikel<\/a><\/strong><\/li>\n<li><strong><a href=\"http:\/\/www.ots.at\/presseaussendung\/OTS_20141120_OTS0046\/oeh-uni-wien-ad-cartellverband-kein-schulterschluss-mit-homophoben-maennerbuenden\">Seitens \u00d6H<\/a><\/strong><\/li>\n<li><strong><a href=\"http:\/\/www.ots.at\/presseaussendung\/OTS_20141120_OTS0244\/oecv-stoeckl-linke-oeh-hat-ein-problem-mit-demokratie-und-gewalt\">Seitens CV<br \/>\n<\/a><\/strong><\/li>\n<\/ul>\n<blockquote><p>(Macht leicht den Eindruck, als w\u00e4ren sie nicht auf einen gr\u00fcnen Zweig gekommen. )<\/p><\/blockquote>\n<p><strong># Oktober<\/strong><\/p>\n<p>&#8220;Burschibummel auf der Unirampe&#8221;:<br \/>\nDie Wiener Burschenschaften treffen sich um Pr\u00e4senz und Einigkeit zu zeigen jeden Mittwoch 12:00 auf der Unirampe. Hierzu gab es regelm\u00e4\u00dfige <a href=\"https:\/\/www.facebook.com\/pages\/category\/Community\/Keine-Burschenschafter-auf-der-Rampe-der-Uni-Wien-1399684610319829\/\">Gegendemonstrationen<\/a>.<\/p>\n<p>Im Zuge der Entwicklung hat die \u00d6H Uni Wien in Erw\u00e4gung gezogen, ein <a href=\"http:\/\/derstandard.at\/2000007359517\/OeH-will-Couleur-Tragen-an-Uni-Wien-verbieten\"><strong>Couleur-Verbot<\/strong><\/a> auf Unigel\u00e4nde einzuf\u00fchren.<br \/>\nEine kontroverse Aktion, die auf einiges an <strong><a href=\"http:\/\/derstandard.at\/2000007458028\/OeH-Burschenschafter-von-Uni-Wien-wegbekommen\">Gegenwehr<\/a><\/strong> gesto\u00dfen ist und letztendlich nicht durchgesetzt wurde.<\/p>\n<p>Einige Kommentare zum Thema:<\/p>\n<ul>\n<li><a href=\"http:\/\/derstandard.at\/2000007515419\/Freiheitliche-Studenten-wollen-mit-OeH-ueber-Couleur-Verbot-diskutieren\">Freiheitliche-Studenten-wollen-mit-OeH-ueber-Couleur-Verbot-diskutieren<\/a>\u00a0(interessanter Unterschied zwischen Link-Name und Schlagzeige)<\/li>\n<li><a href=\"http:\/\/www.unimag.at\/uninews\/2400-OH-Uni-Wien-Kommentar-zum-Couleurverbot.html\">OH-Uni-Wien-Kommentar-zum-Couleurverbot<\/a><\/li>\n<li><a href=\"http:\/\/www.ots.at\/presseaussendung\/OTS_20141103_OTS0138\/wkr-meinungsfreiheit-siegt-ueber-demokratiedefizitaere-oeh\">wkr-meinungsfreiheit-siegt-ueber-demokratiedefizitaere-oeh<\/a><\/li>\n<\/ul>\n","protected":false},"excerpt":{"rendered":"<p>Hier m\u00f6chten wir Entwicklungen und Informationen zum Thema Cartellverband und Burschenschaften sammeln. Wir sind in dem Thema selbstverst\u00e4ndlich befangen &#8211; wollen aber zu neueren Entwicklungen (siehe unten) zumindest auch\u00a0Stellungnahmen anderer Seite bringen. Einleitende Info: Der \u00d6sterreichische\u00a0Cartellverband\u00a0ist ein Zusammenschluss von konservativen, nichtschlagenden, haupts\u00e4chlich katholischen coleur-tragenden Studentenverbindungen &#8211; Studenten, weil Frauen nicht zugelassen werden. Unter\u00a0der Regierung &#8220;Faymann [&hellip;]<\/p>\n","protected":false},"author":11,"featured_media":0,"parent":6812,"menu_order":3,"comment_status":"open","ping_status":"closed","template":"","meta":[],"_links":{"self":[{"href":"https:\/\/physik.nawi.at\/index.php\/wp-json\/wp\/v2\/pages\/2682"}],"collection":[{"href":"https:\/\/physik.nawi.at\/index.php\/wp-json\/wp\/v2\/pages"}],"about":[{"href":"https:\/\/physik.nawi.at\/index.php\/wp-json\/wp\/v2\/types\/page"}],"author":[{"embeddable":true,"href":"https:\/\/physik.nawi.at\/index.php\/wp-json\/wp\/v2\/users\/11"}],"replies":[{"embeddable":true,"href":"https:\/\/physik.nawi.at\/index.php\/wp-json\/wp\/v2\/comments?post=2682"}],"version-history":[{"count":0,"href":"https:\/\/physik.nawi.at\/index.php\/wp-json\/wp\/v2\/pages\/2682\/revisions"}],"up":[{"embeddable":true,"href":"https:\/\/physik.nawi.at\/index.php\/wp-json\/wp\/v2\/pages\/6812"}],"wp:attachment":[{"href":"https:\/\/physik.nawi.at\/index.php\/wp-json\/wp\/v2\/media?parent=2682"}],"curies":[{"name":"wp","href":"https:\/\/api.w.org\/{rel}","templated":true}]}}