{"id":14400,"date":"2023-10-02T21:21:42","date_gmt":"2023-10-02T19:21:42","guid":{"rendered":"https:\/\/physik.nawi.at\/?page_id=14400"},"modified":"2023-10-02T21:23:16","modified_gmt":"2023-10-02T19:23:16","slug":"schach-und-philosophie-club","status":"publish","type":"page","link":"https:\/\/physik.nawi.at\/index.php\/schach-und-philosophie-club\/","title":{"rendered":"Schach und Philosophie Club"},"content":{"rendered":"<div id=\"pl-14400\"  class=\"panel-layout\" ><div id=\"pg-14400-0\"  class=\"panel-grid panel-no-style\" ><div id=\"pgc-14400-0-0\"  class=\"panel-grid-cell\" ><div id=\"panel-14400-0-0-0\" class=\"so-panel widget widget_sow-editor panel-first-child panel-last-child\" data-index=\"0\" ><div\n\t\t\t\n\t\t\tclass=\"so-widget-sow-editor so-widget-sow-editor-base\"\n\t\t\t\n\t\t><h3 class=\"widget-title\">Schach und Philosophy-Club: Dienstag 18:00<\/h3>\n<div class=\"siteorigin-widget-tinymce textwidget\">\n\t<p>Hier werden Ideen debattiert und Schach gespielt\/beigebracht. Alle Personen der Fakult\u00e4t, ob Ersti, Bachelor, Master, PhD oder Prof., sind herzlich eingeladen, mit Respekt und Offenheit die Prinzipien der eigenen Philosophie zu testen und intensive Schachpartien zu spielen. Wir bringen auch gerne Anf\u00e4nger:innen Schach bei. Jeden Dienstag 18 Uhr an der Fakult\u00e4t. Information \u00fcber den WhatsApp Chat:<a href=\"https:\/\/chat.whatsapp.com\/BBJPLdSlMXEKmyuwwfgK9R\">Whatsapp-Gruppe<\/a><\/p>\n<\/div>\n<\/div><\/div><\/div><div id=\"pgc-14400-0-1\"  class=\"panel-grid-cell panel-grid-cell-empty\" ><\/div><div id=\"pgc-14400-0-2\"  class=\"panel-grid-cell\" ><div id=\"panel-14400-0-2-0\" class=\"so-panel widget widget_sow-image panel-first-child panel-last-child\" data-index=\"1\" ><div\n\t\t\t\n\t\t\tclass=\"so-widget-sow-image so-widget-sow-image-default-e4c2d9f6c920-14400\"\n\t\t\t\n\t\t>\n<div class=\"sow-image-container\">\n\t\t<img \n\tdata-src=\"https:\/\/cdn.pixabay.com\/photo\/2021\/01\/29\/11\/33\/chess-5960730_1280.jpg\" title=\"Schach und Philosophie Club\" alt=\"Schachfiguren auf einem Brett\" loading=\"lazy\" \t\tclass=\"so-widget-image lazyload\" src=\"data:image\/gif;base64,R0lGODlhAQABAAAAACH5BAEKAAEALAAAAAABAAEAAAICTAEAOw==\" \/><noscript><img \n\tsrc=\"https:\/\/cdn.pixabay.com\/photo\/2021\/01\/29\/11\/33\/chess-5960730_1280.jpg\" title=\"Schach und Philosophie Club\" alt=\"Schachfiguren auf einem Brett\" loading=\"lazy\" \t\tclass=\"so-widget-image\"\/><\/noscript>\n\t<\/div>\n\n<\/div><\/div><\/div><\/div><\/div>","protected":false},"excerpt":{"rendered":"<p>Hier werden Ideen debattiert und Schach gespielt\/beigebracht. Alle Personen der Fakult\u00e4t, ob Ersti, Bachelor, Master, PhD oder Prof., sind herzlich eingeladen, mit Respekt und Offenheit die Prinzipien der eigenen Philosophie zu testen und intensive Schachpartien zu spielen. Wir bringen auch gerne Anf\u00e4nger:innen Schach bei. Jeden Dienstag 18 Uhr an der Fakult\u00e4t. Information \u00fcber den WhatsApp [&hellip;]<\/p>\n","protected":false},"author":86,"featured_media":0,"parent":0,"menu_order":0,"comment_status":"closed","ping_status":"closed","template":"","meta":[],"_links":{"self":[{"href":"https:\/\/physik.nawi.at\/index.php\/wp-json\/wp\/v2\/pages\/14400"}],"collection":[{"href":"https:\/\/physik.nawi.at\/index.php\/wp-json\/wp\/v2\/pages"}],"about":[{"href":"https:\/\/physik.nawi.at\/index.php\/wp-json\/wp\/v2\/types\/page"}],"author":[{"embeddable":true,"href":"https:\/\/physik.nawi.at\/index.php\/wp-json\/wp\/v2\/users\/86"}],"replies":[{"embeddable":true,"href":"https:\/\/physik.nawi.at\/index.php\/wp-json\/wp\/v2\/comments?post=14400"}],"version-history":[{"count":0,"href":"https:\/\/physik.nawi.at\/index.php\/wp-json\/wp\/v2\/pages\/14400\/revisions"}],"wp:attachment":[{"href":"https:\/\/physik.nawi.at\/index.php\/wp-json\/wp\/v2\/media?parent=14400"}],"curies":[{"name":"wp","href":"https:\/\/api.w.org\/{rel}","templated":true}]}}