{"id":1374,"date":"2013-11-19T23:23:02","date_gmt":"2013-11-19T22:23:02","guid":{"rendered":"https:\/\/physik.nawi.at\/?page_id=1374"},"modified":"2017-09-26T15:47:35","modified_gmt":"2017-09-26T13:47:35","slug":"vorstellung-von-prosa-und-der-langen-nacht-der-menschenrechte","status":"publish","type":"page","link":"https:\/\/physik.nawi.at\/index.php\/uni-politik\/themaasyl\/vorstellung-von-prosa-und-der-langen-nacht-der-menschenrechte\/","title":{"rendered":"Prosa und die langen Nacht der Menschenrechte"},"content":{"rendered":"<h4><strong><a href=\"http:\/\/www.prosa-schule.org\/#!we\/cdvr\">PROSA &#8211; &#8220;Projekt Schule f\u00fcr Alle&#8221;\u00a0<\/a><\/strong><\/h4>\n<p><a href=\"https:\/\/www.facebook.com\/ProsaProjektSchuleFurAlle\">-facebook-<\/a><\/p>\n<p>Ist eine Initiative, die zum Ziel hat, sich in\u00a0\u00d6sterreich aufhaltenden minderj\u00e4hrigen Fl\u00fcchtlingen\u00a0das Ablegen eines Pflichtschulabschlusses \u00a0zu erm\u00f6glichen, da hier derzeit von staatlicher Seite keine Hilfe zu erwarten ist.<\/p>\n<p>Dabei handelt es ich um eine <a href=\"http:\/\/www.prosa-schule.org\/#!project\/c5ro\">Kombination<\/a> aus<\/p>\n<ul>\n<li>Unterricht durch freiwillige HelferInnen<\/li>\n<li>Sozialarbeit und<\/li>\n<li>Nachbarschafts- und Partizipationsarbeit<\/li>\n<\/ul>\n<blockquote><p>Fl\u00fcchtlinge sind in \u00d6sterreich in ihrer prek\u00e4ren Situation h\u00e4ufig auf sich allein gestellt. Besonders unbegleitete minderj\u00e4hrige Fl\u00fcchtlinge haben oftmals einen schlechten oder gar keinen Zugang zu Bildung, Gesundheitsversorgung und allgemeiner Teilhabe an unserer Gesellschaft. Auch das fundamentale Menschenrecht auf Bildung ist f\u00fcr Fl\u00fcchtlinge de facto au\u00dfer Kraft gesetzt.<\/p>\n<p>Wenn es daf\u00fcr keine staatliche L\u00f6sung gibt, muss es eine gesellschaftliche geben! Unsere Menschenrechte sind in Gefahr, wenn sie f\u00fcr nur eine Person in Frage gestellt werden.<\/p>\n<p>PROSA &#8211; Projekt Schule f\u00fcr Alle!\u201d tritt Verh\u00e4ltnissen, in denen Grundrechte missachtet werden mit Initiative entgegen. Seit 01. Oktober 2012 f\u00fchren wir Vorbereitungskurse f\u00fcr den Pflichtschulabschluss f\u00fcr junge Menschen durch und bieten noch viel mehr an! Sozialarbeit, Nachmittagsbetreuung, ein Buddyprojekt, Vermittlung von Praktikumspl\u00e4tzen und Nachhilfe.<\/p>\n<p>Mit den langen N\u00e4chten der Menschenrechte bringen wir mit zahlreichen K\u00fcnstlerInnen die Verh\u00e4ltnisse zum Tanzen! Alle Einnahmen gehen direkt an \u201cPROSA-Projekt Schule f\u00fcr Alle!\u201d und damit an die TeilnehmerInnen, die zum Teil schon seit Jahren auf Schulpl\u00e4tze warten m\u00fcssen.<\/p><\/blockquote>\n<h4><a href=\"https:\/\/www.facebook.com\/dielangennaechte\">Die langen N\u00e4chte der Menschenrechte<\/a><\/h4>\n<p>sind\u00a0eine circa im Jahrestakt stattfindene Reihe von Events, die auf die prek\u00e4ren Lebenssituationen einer gro\u00dfen Zahl von Menschen hinweisen.<\/p>\n<p>Dies geschieht zum einen \u00fcber Veranstaltungen, Lesungen und Workshops &#8211; aber auch durch <a href=\"https:\/\/www.facebook.com\/dielangennaechte\/events\">Parties<\/a>.<\/p>\n<p>&nbsp;<\/p>\n<p>&#8211; \u00a0 Jedliche Unterst\u00fctzung ist willkommen!<\/p>\n<p><a href=\"https:\/\/nawi.at\/wp-content\/uploads\/2013\/06\/prosa.png\"><img loading=\"lazy\" class=\"alignnone size-full wp-image-672 lazyload\" data-src=\"https:\/\/nawi.at\/wp-content\/uploads\/2013\/06\/prosa.png\" alt=\"prosa\" width=\"694\" height=\"148\" data-srcset=\"https:\/\/physik.nawi.at\/wp-content\/uploads\/2013\/06\/prosa.png 694w, https:\/\/physik.nawi.at\/wp-content\/uploads\/2013\/06\/prosa-300x63.png 300w\" data-sizes=\"(max-width: 694px) 100vw, 694px\" src=\"data:image\/gif;base64,R0lGODlhAQABAAAAACH5BAEKAAEALAAAAAABAAEAAAICTAEAOw==\" style=\"--smush-placeholder-width: 694px; --smush-placeholder-aspect-ratio: 694\/148;\" \/><noscript><img loading=\"lazy\" class=\"alignnone size-full wp-image-672\" src=\"https:\/\/nawi.at\/wp-content\/uploads\/2013\/06\/prosa.png\" alt=\"prosa\" width=\"694\" height=\"148\" srcset=\"https:\/\/physik.nawi.at\/wp-content\/uploads\/2013\/06\/prosa.png 694w, https:\/\/physik.nawi.at\/wp-content\/uploads\/2013\/06\/prosa-300x63.png 300w\" sizes=\"(max-width: 694px) 100vw, 694px\" \/><\/noscript><\/a><\/p>\n","protected":false},"excerpt":{"rendered":"<p>PROSA &#8211; &#8220;Projekt Schule f\u00fcr Alle&#8221;\u00a0 -facebook- Ist eine Initiative, die zum Ziel hat, sich in\u00a0\u00d6sterreich aufhaltenden minderj\u00e4hrigen Fl\u00fcchtlingen\u00a0das Ablegen eines Pflichtschulabschlusses \u00a0zu erm\u00f6glichen, da hier derzeit von staatlicher Seite keine Hilfe zu erwarten ist. Dabei handelt es ich um eine Kombination aus Unterricht durch freiwillige HelferInnen Sozialarbeit und Nachbarschafts- und Partizipationsarbeit Fl\u00fcchtlinge sind in [&hellip;]<\/p>\n","protected":false},"author":11,"featured_media":0,"parent":5544,"menu_order":1,"comment_status":"open","ping_status":"closed","template":"","meta":[],"_links":{"self":[{"href":"https:\/\/physik.nawi.at\/index.php\/wp-json\/wp\/v2\/pages\/1374"}],"collection":[{"href":"https:\/\/physik.nawi.at\/index.php\/wp-json\/wp\/v2\/pages"}],"about":[{"href":"https:\/\/physik.nawi.at\/index.php\/wp-json\/wp\/v2\/types\/page"}],"author":[{"embeddable":true,"href":"https:\/\/physik.nawi.at\/index.php\/wp-json\/wp\/v2\/users\/11"}],"replies":[{"embeddable":true,"href":"https:\/\/physik.nawi.at\/index.php\/wp-json\/wp\/v2\/comments?post=1374"}],"version-history":[{"count":0,"href":"https:\/\/physik.nawi.at\/index.php\/wp-json\/wp\/v2\/pages\/1374\/revisions"}],"up":[{"embeddable":true,"href":"https:\/\/physik.nawi.at\/index.php\/wp-json\/wp\/v2\/pages\/5544"}],"wp:attachment":[{"href":"https:\/\/physik.nawi.at\/index.php\/wp-json\/wp\/v2\/media?parent=1374"}],"curies":[{"name":"wp","href":"https:\/\/api.w.org\/{rel}","templated":true}]}}