{"id":13572,"date":"2023-04-16T18:52:16","date_gmt":"2023-04-16T16:52:16","guid":{"rendered":"https:\/\/physik.nawi.at\/?page_id=13572"},"modified":"2023-12-15T15:41:28","modified_gmt":"2023-12-15T14:41:28","slug":"distribution-2","status":"publish","type":"page","link":"https:\/\/physik.nawi.at\/index.php\/distribution-2\/","title":{"rendered":"&lt; Distribution &gt;"},"content":{"rendered":"<p>Du hast einfach nicht die Zeit dir diese langweiligen E-Mails deiner Stv\u00a0durchzulesen am Handy\/Laptop\/iPad\/Whatever, willst aber trotzdem gut informiert sein, was so los ist an der Fakult\u00e4t und in der Physik? Wir haben genau das Richtige f\u00fcr dich: Seit M\u00e4rz gibt es eine Zeitung! Unter dem Namen \u00bbDistribution\u00ab k\u00f6nnt ihr seit M\u00e4rz unsere Zeitung aus dem Studicenter mitnehmen und lesen, wo auch immer ihr Zeit und Lust habt: Auf dem Weg heim\u00a0in der Bim \/ zwischen den zwei \u00dcbungsgruppen, die idealerweise genau so viel Pause dazwischen haben, dass es sich nicht lohnt heimzufahren, aber trotzdem so viel, dass nur herumsitzen fad wird \/ w\u00e4hrend einer faden Vorle\u00a0\u2026 (\ud83e\udd2b).<\/p>\n<p>Hier ein paar Fixpunkte, die wir in jeder Ausgabe versuchen abzudrucken:<\/p>\n<p>Wir geben uns M\u00fche, einen sehr vollen <strong>Terminkalender<\/strong> f\u00fcrs n\u00e4chste Monat zu inkludieren. Dort stehen z.\u00a0B. Feste drinnen, Kolloquien, Demos, aber auch andere Dinge, die wir lustig finden und von denen das Redaktionsteam denkt, dass sie ein paar Leute interessieren k\u00f6nnten.<\/p>\n<p>Ein paar <strong>Zusammenfassungen<\/strong> von interessanten Papers, \u00fcber die das Redaktionsteam gestolpert ist oder die gerade Relevanz haben. Dabei schauen wir, dass wir genau den Sweetspot finden, zwischen interessant genug f\u00fcr Personen, die sich in diese Richtung bereits auskennen und aber trotzdem genug erkl\u00e4rt, dass jeder an der Fakult\u00e4t den Inhalt versteht.<\/p>\n<p>Auch bem\u00fchen wir uns <strong>Gastbeitr\u00e4ge<\/strong> von Fakult\u00e4tspersonal oder anderen\u00a0interessanten Menschen zu drucken, damit man auch bewegende Themen abseits des Curriculums mitbekommt.<\/p>\n<p>Am Wichtigsten: Es gibt auch <strong>Leserbriefe<\/strong>! Wir sind also darauf angewiesen, dass ihr uns eure Meinung mitteilt: Was hat euch besonders gefallen in der letzten Ausgabe oder im letzten Monat? Wo seht ihr gerade Probleme, \u00fcber die eurer Meinung nach zu wenig gesprochen wird an der Fakult\u00e4t? Was hat eure Katze gestern gemacht? All das k\u00f6nnt ihr uns per Email\/Telegram\/Discord\/etc. zusenden, wir suchen uns dann in der (offenen) Redaktionsrunde die Interessantesten aus und ver\u00f6ffentlichen diese dann in der n\u00e4chsten Ausgabe!<\/p>\n<p>Um noch ein bisschen Farbe und Spa\u00df hineinzubekommen, wird der Rest der Zeitung gef\u00fcllt mit Allerlei: Die besten Ressourcen f\u00fcrs Studium, ein paar R\u00e4tsel, Horoskope, Witze, was eben gerade so passend scheint.<\/p>\n<p>Haben wir dein Interesse geweckt? Hol dir die Ausgabe hier auf der Website oder im Studicenter. Falls du noch mehr Zeitung willst: Unsere Zeitung ist genauso basisdemokratisch wie der Rote Vektor selbst, du bist also jederzeit herzlich willkommen dich daran zu beteiligen und wir freuen uns immer \u00fcber neue Gesichter auf den Zeitungsplena!<\/p>\n<p>Anmelden f\u00fcr einen E-Mail-Verteiler, um die neuste Ausgabe in dein Postfach flattern zu lassen, kannst du dich <a href=\"https:\/\/survey.nawi.at\/index.php?r=survey\/index&amp;sid=489675&amp;lang=de-informal&amp;encode=\">hier<\/a><\/p>\n<h2>Alle Ausgaben:<\/h2>\n<hr \/>\n<div id=\"ccchildpages-1\" class=\"ccchildpages threecol simple ccclearfix\"><div class=\"ccchildpage  ccfirst ccodd ccpage-count-1 ccpage-id-14554 ccpage-distribution-november-2023 ccpage-has-parent ccpage-pid-13572 ccpage-parent-distribution-2\"><h3>&lt; Distribution &gt; November 2023<\/h3><div class=\"ccpages_excerpt\">Die Ausgabe dieses Monats findet ihr hier:<\/div><p class=\"ccpages_more\"><a href=\"https:\/\/physik.nawi.at\/index.php\/distribution-2\/distribution-november-2023\/\"  title=\"Read more ...\">Read more ...<\/a><\/p><\/div><div class=\"ccchildpage  cceven ccpage-count-2 ccpage-id-14561 ccpage-distribution-dezember-2023 ccpage-has-parent ccpage-pid-13572 ccpage-parent-distribution-2\"><h3>&lt; Distribution &gt; Dezember 2023<\/h3><div class=\"ccpages_excerpt\">Die Ausgabe dieses Monats findet ihr hier:<\/div><p class=\"ccpages_more\"><a href=\"https:\/\/physik.nawi.at\/index.php\/distribution-2\/distribution-dezember-2023\/\"  title=\"Read more ...\">Read more ...<\/a><\/p><\/div><div class=\"ccchildpage  cclast ccodd ccpage-count-3 ccpage-id-14571 ccpage-distribution-janner-2024 ccpage-has-parent ccpage-pid-13572 ccpage-parent-distribution-2\"><h3>&lt; Distribution &gt; J\u00e4nner 2024<\/h3><div class=\"ccpages_excerpt\">Die Ausgabe dieses Monats findet ihr hier:<\/div><p class=\"ccpages_more\"><a href=\"https:\/\/physik.nawi.at\/index.php\/distribution-2\/distribution-janner-2024\/\"  title=\"Read more ...\">Read more ...<\/a><\/p><\/div><div class=\"ccchildpage  ccfirst cceven ccpage-count-4 ccpage-id-14646 ccpage-distribution-marz-2024 ccpage-has-parent ccpage-pid-13572 ccpage-parent-distribution-2\"><h3>&lt; Distribution &gt; M\u00e4rz 2024<\/h3><div class=\"ccpages_excerpt\">Die aktuelle Ausgabe findest du hier:<\/div><p class=\"ccpages_more\"><a href=\"https:\/\/physik.nawi.at\/index.php\/distribution-2\/distribution-marz-2024\/\"  title=\"Read more ...\">Read more ...<\/a><\/p><\/div><div class=\"ccchildpage  ccodd ccpage-count-5 ccpage-id-15036 ccpage-topic-submission ccpage-has-parent ccpage-pid-13572 ccpage-parent-distribution-2\"><h3>Topic Submission<\/h3><div class=\"ccpages_excerpt\">[forminator_form id=\"15034\"] If you have a topic that is of particular interest for you, you can submit it here, and we will try to research it and write something about it. If you want to write it yourself, please also give us your email address. stv.physik@oeh.univie.ac.at Also, make sure to check out the newspaper:\u00a0&lt; Distribution...<\/div><p class=\"ccpages_more\"><a href=\"https:\/\/physik.nawi.at\/index.php\/distribution-2\/topic-submission\/\"  title=\"Read more ...\">Read more ...<\/a><\/p><\/div><div class=\"ccchildpage  cclast cceven ccpage-count-6 ccpage-id-13561 ccpage-distribution ccpage-has-parent ccpage-pid-13572 ccpage-parent-distribution-2\"><h3>&lt; Distribution &gt; M\u00e4rz 2023<\/h3><div class=\"ccpages_excerpt\">Die Ausgabe dieses Monats findet ihr hier:<\/div><p class=\"ccpages_more\"><a href=\"https:\/\/physik.nawi.at\/index.php\/distribution-2\/distribution\/\"  title=\"Read more ...\">Read more ...<\/a><\/p><\/div><div class=\"ccchildpage  ccfirst ccodd ccpage-count-7 ccpage-id-13570 ccpage-distribution-april-2023 ccpage-has-parent ccpage-pid-13572 ccpage-parent-distribution-2\"><h3>&lt; Distribution &gt; April 2023<\/h3><div class=\"ccpages_excerpt\">Die Ausgabe dieses Monats findet ihr hier!<\/div><p class=\"ccpages_more\"><a href=\"https:\/\/physik.nawi.at\/index.php\/distribution-2\/distribution-april-2023\/\"  title=\"Read more ...\">Read more ...<\/a><\/p><\/div><div class=\"ccchildpage  cceven ccpage-count-8 ccpage-id-13757 ccpage-distribution-mai-2023 ccpage-has-parent ccpage-pid-13572 ccpage-parent-distribution-2\"><h3>&lt; Distribution &gt; Mai 2023<\/h3><div class=\"ccpages_excerpt\">Die Ausgabe dieses Monats findet ihr hier:<\/div><p class=\"ccpages_more\"><a href=\"https:\/\/physik.nawi.at\/index.php\/distribution-2\/distribution-mai-2023\/\"  title=\"Read more ...\">Read more ...<\/a><\/p><\/div><div class=\"ccchildpage  cclast ccodd ccpage-count-9 ccpage-id-13764 ccpage-distribution-juni-2023 ccpage-has-parent ccpage-pid-13572 ccpage-parent-distribution-2\"><h3>&lt; Distribution &gt; Juni 2023<\/h3><div class=\"ccpages_excerpt\">Die Ausgabe dieses Monats findet ihr hier:<\/div><p class=\"ccpages_more\"><a href=\"https:\/\/physik.nawi.at\/index.php\/distribution-2\/distribution-juni-2023\/\"  title=\"Read more ...\">Read more ...<\/a><\/p><\/div><div class=\"ccchildpage  ccfirst cceven ccpage-count-10 ccpage-id-14471 ccpage-distribution-oktober-2023 ccpage-has-parent ccpage-pid-13572 ccpage-parent-distribution-2\"><h3>&lt; Distribution &gt; Oktober 2023<\/h3><div class=\"ccpages_excerpt\">Die Ausgabe dieses Monats findet ihr hier:<\/div><p class=\"ccpages_more\"><a href=\"https:\/\/physik.nawi.at\/index.php\/distribution-2\/distribution-oktober-2023\/\"  title=\"Read more ...\">Read more ...<\/a><\/p><\/div><\/div>\n","protected":false},"excerpt":{"rendered":"<p>Du hast einfach nicht die Zeit dir diese langweiligen E-Mails deiner Stv\u00a0durchzulesen am Handy\/Laptop\/iPad\/Whatever, willst aber trotzdem gut informiert sein, was so los ist an der Fakult\u00e4t und in der Physik? Wir haben genau das Richtige f\u00fcr dich: Seit M\u00e4rz gibt es eine Zeitung! Unter dem Namen \u00bbDistribution\u00ab k\u00f6nnt ihr seit M\u00e4rz unsere Zeitung aus [&hellip;]<\/p>\n","protected":false},"author":86,"featured_media":0,"parent":0,"menu_order":6,"comment_status":"closed","ping_status":"closed","template":"","meta":[],"_links":{"self":[{"href":"https:\/\/physik.nawi.at\/index.php\/wp-json\/wp\/v2\/pages\/13572"}],"collection":[{"href":"https:\/\/physik.nawi.at\/index.php\/wp-json\/wp\/v2\/pages"}],"about":[{"href":"https:\/\/physik.nawi.at\/index.php\/wp-json\/wp\/v2\/types\/page"}],"author":[{"embeddable":true,"href":"https:\/\/physik.nawi.at\/index.php\/wp-json\/wp\/v2\/users\/86"}],"replies":[{"embeddable":true,"href":"https:\/\/physik.nawi.at\/index.php\/wp-json\/wp\/v2\/comments?post=13572"}],"version-history":[{"count":0,"href":"https:\/\/physik.nawi.at\/index.php\/wp-json\/wp\/v2\/pages\/13572\/revisions"}],"wp:attachment":[{"href":"https:\/\/physik.nawi.at\/index.php\/wp-json\/wp\/v2\/media?parent=13572"}],"curies":[{"name":"wp","href":"https:\/\/api.w.org\/{rel}","templated":true}]}}