{"id":13118,"date":"2022-10-03T11:33:32","date_gmt":"2022-10-03T09:33:32","guid":{"rendered":"https:\/\/physik.nawi.at\/?page_id=13118"},"modified":"2023-07-19T14:49:56","modified_gmt":"2023-07-19T12:49:56","slug":"ersti-tutorien-2022","status":"publish","type":"page","link":"https:\/\/physik.nawi.at\/index.php\/informationen\/vor-dem-studium\/erstitut\/fruhere-tutorien\/ersti-tutorien-2022\/","title":{"rendered":"Ersti-Tutorien 2022"},"content":{"rendered":"<h1><\/h1>\n<p>Auch dieses Semester gibt es wieder geniale Erstsemestrigentutorien! <em>Falls du dich jetzt fragst, was das denn \u00fcberhaupt ist: <a href=\"https:\/\/physik.nawi.at\/index.php\/vor-dem-studium\/erstitut\/was-ist-ein-erstitut\/\">Was ist ein (Qu)Erstitut?<\/a><\/em><\/p>\n<p>Um dich f\u00fcr den w\u00f6chentlichen Newsletter anzumelden, trage bitte deine E-Mail <a href=\"https:\/\/survey.nawi.at\/index.php?r=survey\/index&amp;sid=216927&amp;lang=de-informal&amp;encode=\">hier <\/a>\u00a0ein. <span style=\"color: #808080;\"><em>Damit erh\u00e4ltst du AUSSCHLIESSLICH den Wochenplan und wichtige Infos bzgl. den Erstituten.<\/em><\/span><\/p>\n<p>Genaue Informationen dazu findet ihr in den n\u00e4chsten Tagen als Edit auf ebendieser Seite, sowie am<\/p>\n<hr \/>\n<h1 style=\"text-align: center;\"><a href=\"https:\/\/ustream.univie.ac.at\/media\/core.html?id=0906b8a3-93e6-404f-b6ea-65940a218525\">Link zur Aufzeichnung des Vorstellungsabends<\/a><\/h1>\n<hr \/>\n<p>Jeder ist herzlich eingeladen zur Vorstellung zu kommen, eine Anmeldung ist nicht erforderlich. Auch musst du mit dem Besuch der Vorstellung dann auch nicht in ein Erstitut gehen, sollte dir keines zusagen! Wir k\u00f6nnen es euch nur w\u00e4rmstens empfehlen vorbeizukommen, um euch den Start ins Studium mit einem Erstitut zu erleichtern und ein paar H\u00f6hersemestrige und Erstis kennenzulernen.<\/p>\n<hr \/>\n<h1>Unsere Erstitute dieses Semester:<\/h1>\n<table dir=\"ltr\" style=\"height: 222px;\" border=\"1\" width=\"654\" cellspacing=\"0\" cellpadding=\"0\">\n<colgroup>\n<col width=\"200\" \/>\n<col width=\"250\" \/>\n<col width=\"250\" \/>\n<col width=\"250\" \/>\n<col width=\"250\" \/>\n<col width=\"250\" \/> <\/colgroup>\n<tbody>\n<tr>\n<td style=\"text-align: center;\" data-sheets-value=\"{&quot;1&quot;:2,&quot;2&quot;:&quot;Montag&quot;}\">Zeit<\/td>\n<td style=\"text-align: center;\" data-sheets-value=\"{&quot;1&quot;:2,&quot;2&quot;:&quot;Dienstag&quot;}\">Mo<\/td>\n<td style=\"text-align: center;\" data-sheets-value=\"{&quot;1&quot;:2,&quot;2&quot;:&quot;Dienstag&quot;}\">Di<\/td>\n<td style=\"text-align: center;\" data-sheets-value=\"{&quot;1&quot;:2,&quot;2&quot;:&quot;Mittwoch&quot;}\">Mi<\/td>\n<td style=\"text-align: center;\" data-sheets-value=\"{&quot;1&quot;:2,&quot;2&quot;:&quot;Donnerstag&quot;}\">Do<\/td>\n<td style=\"text-align: center;\" data-sheets-value=\"{&quot;1&quot;:2,&quot;2&quot;:&quot;Freitag&quot;}\">Fr<\/td>\n<\/tr>\n<tr>\n<td style=\"text-align: center;\" data-sheets-value=\"{&quot;1&quot;:2,&quot;2&quot;:&quot;ix, 8:00 -9:00, bezahlt ans rv konto&quot;}\">18:00<\/td>\n<td style=\"text-align: center;\" data-sheets-value=\"{&quot;1&quot;:2,&quot;2&quot;:&quot;ix, 8:00 -9:00, bezahlt ans rv konto&quot;}\">&#8211;<\/td>\n<td style=\"text-align: center;\" data-sheets-value=\"{&quot;1&quot;:2,&quot;2&quot;:&quot;ix, 8:00 -9:00, bezahlt ans rv konto&quot;}\">&#8211;<\/td>\n<td style=\"text-align: center;\" data-sheets-value=\"{&quot;1&quot;:2,&quot;2&quot;:&quot;ix, 8:00 -9:00, bezahlt ans rv konto&quot;}\">Erstidudes<\/td>\n<td style=\"text-align: center;\">&#8211;<\/td>\n<td style=\"text-align: center;\" data-sheets-value=\"{&quot;1&quot;:2,&quot;2&quot;:&quot;ix, 8:00 -9:00, bezahlt ans rv konto&quot;}\">&#8211;<\/td>\n<\/tr>\n<tr>\n<td style=\"text-align: center;\" data-sheets-value=\"{&quot;1&quot;:2,&quot;2&quot;:&quot;lana, 9:00 - 10:00 , bezahlt&quot;}\">19:00<\/td>\n<td style=\"text-align: center;\" data-sheets-value=\"{&quot;1&quot;:2,&quot;2&quot;:&quot;ix, 8:00 -9:00, bezahlt ans rv konto&quot;}\">&#8211;<\/td>\n<td style=\"text-align: center;\" data-sheets-value=\"{&quot;1&quot;:2,&quot;2&quot;:&quot;lana, 9:00 - 10:00 , bezahlt&quot;}\">&#8211;<\/td>\n<td style=\"text-align: center;\" data-sheets-value=\"{&quot;1&quot;:2,&quot;2&quot;:&quot;lana, 9:00 - 10:00 , bezahlt&quot;}\">IllumiNABLAbla<\/td>\n<td style=\"text-align: center;\">Disciples of Dark Matter<\/td>\n<td style=\"text-align: center;\">&#8211;<\/td>\n<\/tr>\n<tr>\n<td style=\"text-align: center;\" data-sheets-value=\"{&quot;1&quot;:2,&quot;2&quot;:&quot;lana, 9:00 - 10:00 , bezahlt&quot;}\"><\/td>\n<td style=\"text-align: center;\" data-sheets-value=\"{&quot;1&quot;:2,&quot;2&quot;:&quot;ix, 8:00 -9:00, bezahlt ans rv konto&quot;}\">&#8211;<\/td>\n<td style=\"text-align: center;\" data-sheets-value=\"{&quot;1&quot;:2,&quot;2&quot;:&quot;lana, 9:00 - 10:00 , bezahlt&quot;}\">&#8211;<\/td>\n<td style=\"text-align: center;\" data-sheets-value=\"{&quot;1&quot;:2,&quot;2&quot;:&quot;lana, 9:00 - 10:00 , bezahlt&quot;}\">&#8211;<\/td>\n<td style=\"text-align: center;\">DPS<\/td>\n<td style=\"text-align: center;\">&#8211;<\/td>\n<\/tr>\n<tr>\n<td style=\"text-align: center;\" data-sheets-value=\"{&quot;1&quot;:2,&quot;2&quot;:&quot;lana, 9:00 - 10:00 , bezahlt&quot;}\">19:45<\/td>\n<td style=\"text-align: center;\" data-sheets-value=\"{&quot;1&quot;:2,&quot;2&quot;:&quot;ix, 8:00 -9:00, bezahlt ans rv konto&quot;}\">&#8211;<\/td>\n<td style=\"text-align: center;\" data-sheets-value=\"{&quot;1&quot;:2,&quot;2&quot;:&quot;lana, 9:00 - 10:00 , bezahlt&quot;}\">Erstit\u00fcte<\/td>\n<td style=\"text-align: center;\" data-sheets-value=\"{&quot;1&quot;:2,&quot;2&quot;:&quot;lana, 9:00 - 10:00 , bezahlt&quot;}\">&#8211;<\/td>\n<td style=\"text-align: center;\">&#8211;<\/td>\n<td style=\"text-align: center;\">&#8211;<\/td>\n<\/tr>\n<tr>\n<td style=\"text-align: center;\" data-sheets-value=\"{&quot;1&quot;:2,&quot;2&quot;:&quot;Patrick, 10:50-12:50, unbezahlt&quot;}\"><\/td>\n<td style=\"text-align: center;\" data-sheets-value=\"{&quot;1&quot;:2,&quot;2&quot;:&quot;ix, 8:00 -9:00, bezahlt ans rv konto&quot;}\">&#8211;<\/td>\n<td style=\"text-align: center;\" data-sheets-value=\"{&quot;1&quot;:2,&quot;2&quot;:&quot;ranger 12 -14, bezhalt, ans rv konto&quot;}\">Ersti-tut-nix<\/td>\n<td style=\"text-align: center;\" data-sheets-value=\"{&quot;1&quot;:2,&quot;2&quot;:&quot;Manu, 12:00-14:00, unbezahlt&quot;}\">&#8211;<\/td>\n<td style=\"text-align: center;\">&#8211;<\/td>\n<td style=\"text-align: center;\">&#8211;<\/td>\n<\/tr>\n<\/tbody>\n<\/table>\n<hr \/>\n<h2>Erstit\u00fcte<\/h2>\n<p><span class=\"emoji\">\ud83d\udcc5 <\/span>Termin: Dienstags um 19:45<\/p>\n<p>In dieser Erstit\u00fcte enthalten sind Flo\ud83d\udd2d, Nina\ud83d\udd2d, Lorenz\u269b, Alma\ud83d\udd2d\u269b und David\u269b (v.l.) sowie jede Menge lustige Aktivit\u00e4ten in und um die Fakult\u00e4ten (Physik \u269b und Sternwarte\ud83d\udd2d). Wie auch unser Ersti im Video m\u00f6chten wir mit euch etwas durch Wien irren, neue Ecken erkunden\u00a0und dabei jede Menge Spa\u00df haben \ud83d\ude42<\/p>\n<p>Spieleabende, gemeinsames Kochen (&amp; vor allem Essen!), R\u00e4tselrallyes und gemeinsame Besuche auf Spritzerst\u00e4nden sowie Weihnachtsm\u00e4rkten d\u00fcrfen dabei nat\u00fcrlich nicht fehlen. Ihr werdet erstaunt sein, wie viel in die Erstit\u00fcte hineinpasst.<\/p>\n<p>&#8220;Das Leben ist wie eine Wundert\u00fcte; den Beweis \u00fcberlassen wir der Mathe.&#8221;<\/p>\n<p><a href=\"https:\/\/physik.nawi.at\/wp-content\/uploads\/2022\/10\/Etut-scaled.jpg\"><img loading=\"lazy\" class=\"aligncenter wp-image-13146 size-large lazyload\" data-src=\"https:\/\/physik.nawi.at\/wp-content\/uploads\/2022\/10\/Etut-1024x768.jpg\" alt=\"\" width=\"474\" height=\"356\" data-srcset=\"https:\/\/physik.nawi.at\/wp-content\/uploads\/2022\/10\/Etut-1024x768.jpg 1024w, https:\/\/physik.nawi.at\/wp-content\/uploads\/2022\/10\/Etut-300x225.jpg 300w, https:\/\/physik.nawi.at\/wp-content\/uploads\/2022\/10\/Etut-768x576.jpg 768w, https:\/\/physik.nawi.at\/wp-content\/uploads\/2022\/10\/Etut-1536x1152.jpg 1536w, https:\/\/physik.nawi.at\/wp-content\/uploads\/2022\/10\/Etut-2048x1536.jpg 2048w\" data-sizes=\"(max-width: 474px) 100vw, 474px\" src=\"data:image\/gif;base64,R0lGODlhAQABAAAAACH5BAEKAAEALAAAAAABAAEAAAICTAEAOw==\" style=\"--smush-placeholder-width: 474px; --smush-placeholder-aspect-ratio: 474\/356;\" \/><noscript><img loading=\"lazy\" class=\"aligncenter wp-image-13146 size-large\" src=\"https:\/\/physik.nawi.at\/wp-content\/uploads\/2022\/10\/Etut-1024x768.jpg\" alt=\"\" width=\"474\" height=\"356\" srcset=\"https:\/\/physik.nawi.at\/wp-content\/uploads\/2022\/10\/Etut-1024x768.jpg 1024w, https:\/\/physik.nawi.at\/wp-content\/uploads\/2022\/10\/Etut-300x225.jpg 300w, https:\/\/physik.nawi.at\/wp-content\/uploads\/2022\/10\/Etut-768x576.jpg 768w, https:\/\/physik.nawi.at\/wp-content\/uploads\/2022\/10\/Etut-1536x1152.jpg 1536w, https:\/\/physik.nawi.at\/wp-content\/uploads\/2022\/10\/Etut-2048x1536.jpg 2048w\" sizes=\"(max-width: 474px) 100vw, 474px\" \/><\/noscript><\/a>\u200b\u200b\u200b\u200b\u200b\u200b\u200b<\/p>\n<hr \/>\n<h2>Ersti-tut-nix<\/h2>\n<p><span class=\"emoji\">\ud83d\udcc5 <\/span>Termin: Dienstags um 19:45<\/p>\n<p>Wir genie\u00dfen, man k\u00f6nnte sagen wir sind das Wiener original (Burgenland, Salzburg, Deutschland)<\/p>\n<hr \/>\n<h2>Erstidudes<\/h2>\n<p><span class=\"emoji\">\ud83d\udcc5 <\/span>Termin: Mittwochs um 18:00<\/p>\n<div>Wir sind die Ersti-dudes, die Dudes f\u00fcr die Erstis.<\/div>\n<div>Unser Erstitut ist jede Woche Mittwoch 18 Uhr. Wir chillen, wir helfen EUCH bei euren Uni-Problemen, wir beantworten EURE Fragen und sind einfach eure Dudes. Wir wollen euch das Uni-Leben leichter machen und machen so Sachen wie:<\/div>\n<div>.) Zeigen euch die Uni<\/div>\n<div>.) Chillen mit \u00d6H finanzierten Snacks<\/div>\n<div>.) Events (wenn ihr Bock und wir Zeit haben)<\/div>\n<div>.) DnD (probably)<\/div>\n<div>Wir haben einen Discord Server:\u00a0<a href=\"https:\/\/discord.gg\/Z422cPws\" target=\"_blank\" rel=\"noopener noreferrer\" data-saferedirecturl=\"https:\/\/www.google.com\/url?q=https:\/\/discord.gg\/Z422cPws&amp;source=gmail&amp;ust=1665158417477000&amp;usg=AOvVaw2abHs6HE053LkXymntvGES\">https:\/\/discord.gg\/Z422cPws<\/a><\/div>\n<div>W\u00fcrde uns freuen, wenn ihr Zeit habt. Wir chillen sowieso.<\/div>\n<div><a href=\"https:\/\/physik.nawi.at\/wp-content\/uploads\/2022\/10\/Screenshot-from-2022-10-06-18-31-50.png\"><img loading=\"lazy\" class=\"aligncenter wp-image-13149 size-full lazyload\" data-src=\"https:\/\/physik.nawi.at\/wp-content\/uploads\/2022\/10\/Screenshot-from-2022-10-06-18-31-50-e1665073971979.png\" alt=\"\" width=\"801\" height=\"446\" data-srcset=\"https:\/\/physik.nawi.at\/wp-content\/uploads\/2022\/10\/Screenshot-from-2022-10-06-18-31-50-e1665073971979.png 801w, https:\/\/physik.nawi.at\/wp-content\/uploads\/2022\/10\/Screenshot-from-2022-10-06-18-31-50-e1665073971979-300x167.png 300w, https:\/\/physik.nawi.at\/wp-content\/uploads\/2022\/10\/Screenshot-from-2022-10-06-18-31-50-e1665073971979-768x428.png 768w\" data-sizes=\"(max-width: 801px) 100vw, 801px\" src=\"data:image\/gif;base64,R0lGODlhAQABAAAAACH5BAEKAAEALAAAAAABAAEAAAICTAEAOw==\" style=\"--smush-placeholder-width: 801px; --smush-placeholder-aspect-ratio: 801\/446;\" \/><noscript><img loading=\"lazy\" class=\"aligncenter wp-image-13149 size-full\" src=\"https:\/\/physik.nawi.at\/wp-content\/uploads\/2022\/10\/Screenshot-from-2022-10-06-18-31-50-e1665073971979.png\" alt=\"\" width=\"801\" height=\"446\" srcset=\"https:\/\/physik.nawi.at\/wp-content\/uploads\/2022\/10\/Screenshot-from-2022-10-06-18-31-50-e1665073971979.png 801w, https:\/\/physik.nawi.at\/wp-content\/uploads\/2022\/10\/Screenshot-from-2022-10-06-18-31-50-e1665073971979-300x167.png 300w, https:\/\/physik.nawi.at\/wp-content\/uploads\/2022\/10\/Screenshot-from-2022-10-06-18-31-50-e1665073971979-768x428.png 768w\" sizes=\"(max-width: 801px) 100vw, 801px\" \/><\/noscript><\/a><\/div>\n<hr \/>\n<h2>IllumiNABLAbla<\/h2>\n<p><span class=\"emoji\">\ud83d\udcc5 Termin: Mittwochs um 19:00<\/span><\/p>\n<p style=\"font-weight: 400;\">Drei Fragezeichen, drei Weltwunder, drei Kontinente, drei Bundesl\u00e4nder, drei Hobbit-Filme (leider), aller guten Dinge, drei Fundamentalkr\u00e4fte. All dies hat eines gemeinsam: Drei. Deswegen m\u00f6chten wir drei Tutoren unter dem Zeichen des Dreieckes euch Erstis in den geheimen Geheimbund der IllumiNABLAbla aufnehmen. Bei w\u00f6chentlichen Versammlungen und Aktivit\u00e4ten wie einer Schnitzeljagd durch die Physikfakult\u00e4t, einem Spiele-\/Mario Kart Abend in einem H\u00f6rsaal, einem Adventmarkt-Besuch, Improtheater, einem Pubquiz und vielem mehr wollen wir die Botschaft des Dreiecks verbreiten und Freundschaften unter euch induzieren. Nat\u00fcrlich wird sehr auf die dreieckigen Vorschl\u00e4ge und W\u00fcnsche der Mitglieder geachtet. Unser Erstitut findet jeden Mittwoch ab 19:00 statt. Wir treffen uns (sofern nichts Anderes angek\u00fcndigt wird) vor dem Kurt G\u00f6del H\u00f6rsaal direkt neben dem Eingang im Erdgeschoss der Fakult\u00e4t f\u00fcr Physik. In diesem Sinne: Bla.<\/p>\n<p style=\"font-weight: 400;\">Eure Tutoren Emilia, Lydia und Max.<\/p>\n<p><a href=\"https:\/\/physik.nawi.at\/wp-content\/uploads\/2022\/10\/Illuminablabla-bild.jpeg\"><img loading=\"lazy\" class=\"wp-image-13154 aligncenter lazyload\" data-src=\"https:\/\/physik.nawi.at\/wp-content\/uploads\/2022\/10\/Illuminablabla-bild-1024x768.jpeg\" alt=\"\" width=\"446\" height=\"334\" data-srcset=\"https:\/\/physik.nawi.at\/wp-content\/uploads\/2022\/10\/Illuminablabla-bild-1024x768.jpeg 1024w, https:\/\/physik.nawi.at\/wp-content\/uploads\/2022\/10\/Illuminablabla-bild-300x225.jpeg 300w, https:\/\/physik.nawi.at\/wp-content\/uploads\/2022\/10\/Illuminablabla-bild-768x576.jpeg 768w, https:\/\/physik.nawi.at\/wp-content\/uploads\/2022\/10\/Illuminablabla-bild-1536x1152.jpeg 1536w, https:\/\/physik.nawi.at\/wp-content\/uploads\/2022\/10\/Illuminablabla-bild.jpeg 2048w\" data-sizes=\"(max-width: 446px) 100vw, 446px\" src=\"data:image\/gif;base64,R0lGODlhAQABAAAAACH5BAEKAAEALAAAAAABAAEAAAICTAEAOw==\" style=\"--smush-placeholder-width: 446px; --smush-placeholder-aspect-ratio: 446\/334;\" \/><noscript><img loading=\"lazy\" class=\"wp-image-13154 aligncenter\" src=\"https:\/\/physik.nawi.at\/wp-content\/uploads\/2022\/10\/Illuminablabla-bild-1024x768.jpeg\" alt=\"\" width=\"446\" height=\"334\" srcset=\"https:\/\/physik.nawi.at\/wp-content\/uploads\/2022\/10\/Illuminablabla-bild-1024x768.jpeg 1024w, https:\/\/physik.nawi.at\/wp-content\/uploads\/2022\/10\/Illuminablabla-bild-300x225.jpeg 300w, https:\/\/physik.nawi.at\/wp-content\/uploads\/2022\/10\/Illuminablabla-bild-768x576.jpeg 768w, https:\/\/physik.nawi.at\/wp-content\/uploads\/2022\/10\/Illuminablabla-bild-1536x1152.jpeg 1536w, https:\/\/physik.nawi.at\/wp-content\/uploads\/2022\/10\/Illuminablabla-bild.jpeg 2048w\" sizes=\"(max-width: 446px) 100vw, 446px\" \/><\/noscript><\/a><\/p>\n<hr \/>\n<h2>Disciples of Dark Matter<\/h2>\n<p><span class=\"emoji\">\ud83d\udcc5 Termin: Donnerstags um 19:00<\/span><\/p>\n<p>Gebt euch uns hin und wir zeigen euch eine Welt voller Formeln und Lernstress.<br \/>\nDer allm\u00e4chtige Wolfram Alpha wird euch leiten in dieser Zeit des Wahnsinns und euer F\u00e4hrmann sein wenn das Armageddon Schr\u00f6dingers eintrifft.<\/p>\n<p>Auf eurer Reise werden wir euch alles um die Uni zeigen wie die besten lokalen Lokalit\u00e4ten und die geheimsten Geheimnisecken .<\/p>\n<p>Messe findet jeden Donnerstag um 19:00 statt.<br \/>\nSie besteht haupts\u00e4chlich aus gem\u00fctlichem zusammensitzen mit dem Laib und Blut des Erl\u00f6sers Newton.<\/p>\n<div class=\"yj6qo\"><a href=\"https:\/\/physik.nawi.at\/wp-content\/uploads\/2022\/10\/DDM-e1665073623159.jpeg\"><img loading=\"lazy\" class=\"wp-image-13147 size-medium aligncenter lazyload\" data-src=\"https:\/\/physik.nawi.at\/wp-content\/uploads\/2022\/10\/DDM-e1665073623159-300x257.jpeg\" alt=\"\" width=\"300\" height=\"257\" data-srcset=\"https:\/\/physik.nawi.at\/wp-content\/uploads\/2022\/10\/DDM-e1665073623159-300x257.jpeg 300w, https:\/\/physik.nawi.at\/wp-content\/uploads\/2022\/10\/DDM-e1665073623159-768x657.jpeg 768w, https:\/\/physik.nawi.at\/wp-content\/uploads\/2022\/10\/DDM-e1665073623159.jpeg 963w\" data-sizes=\"(max-width: 300px) 100vw, 300px\" src=\"data:image\/gif;base64,R0lGODlhAQABAAAAACH5BAEKAAEALAAAAAABAAEAAAICTAEAOw==\" style=\"--smush-placeholder-width: 300px; --smush-placeholder-aspect-ratio: 300\/257;\" \/><noscript><img loading=\"lazy\" class=\"wp-image-13147 size-medium aligncenter\" src=\"https:\/\/physik.nawi.at\/wp-content\/uploads\/2022\/10\/DDM-e1665073623159-300x257.jpeg\" alt=\"\" width=\"300\" height=\"257\" srcset=\"https:\/\/physik.nawi.at\/wp-content\/uploads\/2022\/10\/DDM-e1665073623159-300x257.jpeg 300w, https:\/\/physik.nawi.at\/wp-content\/uploads\/2022\/10\/DDM-e1665073623159-768x657.jpeg 768w, https:\/\/physik.nawi.at\/wp-content\/uploads\/2022\/10\/DDM-e1665073623159.jpeg 963w\" sizes=\"(max-width: 300px) 100vw, 300px\" \/><\/noscript><\/a><\/div>\n<div class=\"adL\"><\/div>\n<hr \/>\n<h2>DPS (Dead Physicist Society)<\/h2>\n<p><span class=\"emoji\">\ud83d\udcc5 Termin: Donnerstags um 19:00<\/span><\/p>\n<p>Grau treuer Freund ist alle Theorie, und gr\u00fcn des Lebens goldener Baum.\u00a0 Wir sind das Erstitut, dass sich aus Film- und Buchliebhabern zusammensetzt. Wir treffen uns jeden Donnerstag ab 19:00\u00a0 f\u00fcr ein gemeinsames Beisammensein. Geplante Programmpunkte sind Filmabende mit anschlie\u00dfenden Gespr\u00e4chen, B\u00fcchercaf\u00e9s zum Austauschen von Lekt\u00fcre, sowie\u00a0 Spielabende mit diversen Brett- oder Kartenspielen. Au\u00dferdem werden wir euch die Fakult\u00e4t sowie Umgebung n\u00e4her bringen und oftmals den Abend in diversen Lokalit\u00e4ten ausklingen lassen.\u00a0 Wenn sich die M\u00f6glichkeit bietet, werden wir versuchen auch Crossover-Tuts mit anderen Erstituts zu machen. Wir stehen immer f\u00fcr Fragen offen, entweder in der Uni oder auf dem Erstituts-Discordserver.<\/p>\n<p>Zum Abschluss ein Zitat f\u00fcr euch auf den Weg:<\/p>\n<p>Carpe diem, seize the day, make your lifes extraordinary.<\/p>\n<p>Wir Freuen uns auf euch, eure Tutor:innen Marlene, Vinzent, Laszlo und Max.<\/p>\n<p><a href=\"https:\/\/physik.nawi.at\/wp-content\/uploads\/2022\/10\/Gruppenbild-DPS-scaled.jpg\"><img loading=\"lazy\" class=\"size-large wp-image-13148 aligncenter lazyload\" data-src=\"https:\/\/physik.nawi.at\/wp-content\/uploads\/2022\/10\/Gruppenbild-DPS-1024x576.jpg\" alt=\"\" width=\"474\" height=\"267\" data-srcset=\"https:\/\/physik.nawi.at\/wp-content\/uploads\/2022\/10\/Gruppenbild-DPS-1024x576.jpg 1024w, https:\/\/physik.nawi.at\/wp-content\/uploads\/2022\/10\/Gruppenbild-DPS-300x169.jpg 300w, https:\/\/physik.nawi.at\/wp-content\/uploads\/2022\/10\/Gruppenbild-DPS-768x432.jpg 768w, https:\/\/physik.nawi.at\/wp-content\/uploads\/2022\/10\/Gruppenbild-DPS-1536x864.jpg 1536w, https:\/\/physik.nawi.at\/wp-content\/uploads\/2022\/10\/Gruppenbild-DPS-2048x1152.jpg 2048w\" data-sizes=\"(max-width: 474px) 100vw, 474px\" src=\"data:image\/gif;base64,R0lGODlhAQABAAAAACH5BAEKAAEALAAAAAABAAEAAAICTAEAOw==\" style=\"--smush-placeholder-width: 474px; --smush-placeholder-aspect-ratio: 474\/267;\" \/><noscript><img loading=\"lazy\" class=\"size-large wp-image-13148 aligncenter\" src=\"https:\/\/physik.nawi.at\/wp-content\/uploads\/2022\/10\/Gruppenbild-DPS-1024x576.jpg\" alt=\"\" width=\"474\" height=\"267\" srcset=\"https:\/\/physik.nawi.at\/wp-content\/uploads\/2022\/10\/Gruppenbild-DPS-1024x576.jpg 1024w, https:\/\/physik.nawi.at\/wp-content\/uploads\/2022\/10\/Gruppenbild-DPS-300x169.jpg 300w, https:\/\/physik.nawi.at\/wp-content\/uploads\/2022\/10\/Gruppenbild-DPS-768x432.jpg 768w, https:\/\/physik.nawi.at\/wp-content\/uploads\/2022\/10\/Gruppenbild-DPS-1536x864.jpg 1536w, https:\/\/physik.nawi.at\/wp-content\/uploads\/2022\/10\/Gruppenbild-DPS-2048x1152.jpg 2048w\" sizes=\"(max-width: 474px) 100vw, 474px\" \/><\/noscript><\/a><\/p>\n<div id=\"gtx-trans\" style=\"position: absolute; left: 32px; top: 416.953px;\">\n<div class=\"gtx-trans-icon\"><\/div>\n<\/div>\n","protected":false},"excerpt":{"rendered":"<p>Auch dieses Semester gibt es wieder geniale Erstsemestrigentutorien! Falls du dich jetzt fragst, was das denn \u00fcberhaupt ist: Was ist ein (Qu)Erstitut? Um dich f\u00fcr den w\u00f6chentlichen Newsletter anzumelden, trage bitte deine E-Mail hier \u00a0ein. Damit erh\u00e4ltst du AUSSCHLIESSLICH den Wochenplan und wichtige Infos bzgl. den Erstituten. Genaue Informationen dazu findet ihr in den n\u00e4chsten [&hellip;]<\/p>\n","protected":false},"author":86,"featured_media":0,"parent":11920,"menu_order":0,"comment_status":"closed","ping_status":"closed","template":"","meta":[],"_links":{"self":[{"href":"https:\/\/physik.nawi.at\/index.php\/wp-json\/wp\/v2\/pages\/13118"}],"collection":[{"href":"https:\/\/physik.nawi.at\/index.php\/wp-json\/wp\/v2\/pages"}],"about":[{"href":"https:\/\/physik.nawi.at\/index.php\/wp-json\/wp\/v2\/types\/page"}],"author":[{"embeddable":true,"href":"https:\/\/physik.nawi.at\/index.php\/wp-json\/wp\/v2\/users\/86"}],"replies":[{"embeddable":true,"href":"https:\/\/physik.nawi.at\/index.php\/wp-json\/wp\/v2\/comments?post=13118"}],"version-history":[{"count":0,"href":"https:\/\/physik.nawi.at\/index.php\/wp-json\/wp\/v2\/pages\/13118\/revisions"}],"up":[{"embeddable":true,"href":"https:\/\/physik.nawi.at\/index.php\/wp-json\/wp\/v2\/pages\/11920"}],"wp:attachment":[{"href":"https:\/\/physik.nawi.at\/index.php\/wp-json\/wp\/v2\/media?parent=13118"}],"curies":[{"name":"wp","href":"https:\/\/api.w.org\/{rel}","templated":true}]}}