{"id":12779,"date":"2021-09-27T13:32:21","date_gmt":"2021-09-27T11:32:21","guid":{"rendered":"https:\/\/physik.nawi.at\/?page_id=12779"},"modified":"2022-10-03T13:23:03","modified_gmt":"2022-10-03T11:23:03","slug":"ersti-tutorien-2021","status":"publish","type":"page","link":"https:\/\/physik.nawi.at\/index.php\/informationen\/vor-dem-studium\/erstitut\/fruhere-tutorien\/ersti-tutorien-2021\/","title":{"rendered":"Ersti-Tutorien 2021"},"content":{"rendered":"<p>Hier findest du eine Wochen\u00fcbersicht \u00fcber die Erstituts, die das Wintersemester 2021\/22 angeboten werden. Scrollst du etwas weiter runter, stellen sich die Gruppen bei dir vor \ud83d\ude09<\/p>\n<p>Es gibt auch dieses Jahr wieder einen <a href=\"https:\/\/discord.gg\/W7KMFmNZGa\">Erstitutsdiscordserver<\/a>. Dort werden unter anderem w\u00f6chentlich die Programme der einzelnen Erstituts ver\u00f6ffentlicht.<\/p>\n<p><a href=\"https:\/\/physik.nawi.at\/wp-content\/uploads\/2021\/10\/Tut_Kalender-1.png\"><img loading=\"lazy\" class=\"wp-image-12806 aligncenter lazyload\" data-src=\"https:\/\/physik.nawi.at\/wp-content\/uploads\/2021\/10\/Tut_Kalender-1-300x152.png\" alt=\"\" width=\"481\" height=\"244\" data-srcset=\"https:\/\/physik.nawi.at\/wp-content\/uploads\/2021\/10\/Tut_Kalender-1-300x152.png 300w, https:\/\/physik.nawi.at\/wp-content\/uploads\/2021\/10\/Tut_Kalender-1.png 605w\" data-sizes=\"(max-width: 481px) 100vw, 481px\" src=\"data:image\/gif;base64,R0lGODlhAQABAAAAACH5BAEKAAEALAAAAAABAAEAAAICTAEAOw==\" style=\"--smush-placeholder-width: 481px; --smush-placeholder-aspect-ratio: 481\/244;\" \/><noscript><img loading=\"lazy\" class=\"wp-image-12806 aligncenter\" src=\"https:\/\/physik.nawi.at\/wp-content\/uploads\/2021\/10\/Tut_Kalender-1-300x152.png\" alt=\"\" width=\"481\" height=\"244\" srcset=\"https:\/\/physik.nawi.at\/wp-content\/uploads\/2021\/10\/Tut_Kalender-1-300x152.png 300w, https:\/\/physik.nawi.at\/wp-content\/uploads\/2021\/10\/Tut_Kalender-1.png 605w\" sizes=\"(max-width: 481px) 100vw, 481px\" \/><\/noscript><\/a><\/p>\n<h1>Die Pr\u00e4sentationen als Stream<\/h1>\n<p><a href=\"https:\/\/physik.nawi.at\/wp-content\/uploads\/2021\/11\/Erstitut_2021_1.mov\">Pr\u00e4sentationen_Erstitut_2021-Teil_1<\/a><\/p>\n<p><a href=\"https:\/\/physik.nawi.at\/wp-content\/uploads\/2021\/11\/Erstitut_2021_2.mov\">Pr\u00e4sentationen_Erstitut_2021-Teil_2<\/a><\/p>\n<h1>Montag<\/h1>\n<h2>18:30 &#8211; Astrognomen<\/h2>\n<p>Hallo liebe Erstsemestrigen!<\/p>\n<p>&nbsp;<\/p>\n<p>Wir, das sind Anna, Linda und Olli, sind die Astrognomen und wollen euch jeden Montagabend euer Studierendenleben ein klein wenig vers\u00fc\u00dfen!<\/p>\n<p>Egal ob wir mal zusammen durch unsere m\u00e4rchenhaften Institute und Fakult\u00e4ten der Universit\u00e4t Wien reisen, spannende und intensive Spieleabende bestreiten, die eine oder andere Sportart bezwingen oder das Nachtleben Wiens erkunden, Spa\u00df wird bei uns gro\u00dfgeschrieben und Abwechslung garantiert!<\/p>\n<p>Deswegen treffen wir uns am Montag den 11.10.2021 um 18:30 zum ersten Mal auf der Physikfakult\u00e4t im Foyer im Erdgeschoss.<\/p>\n<p>Wir freuen uns schon auf euer zahlreiches Erscheinen!<\/p>\n<p>&nbsp;<\/p>\n<p>Eure Astrognomen<\/p>\n<div>P.S. F\u00fcr mehr Infos oder Fragen schaut auch mal auf unserem Discord-Server vorbei: <a href=\"https:\/\/discord.gg\/mnX2kc3MDQ\" target=\"_blank\" rel=\"nofollow noopener noreferrer\">https:\/\/discord.gg\/mnX2kc3MDQ<\/a><\/div>\n<div>oder schreibt uns einfach eine Mail an:\u00a0 astrognome2021@gmail.com<\/div>\n<p><a href=\"https:\/\/physik.nawi.at\/wp-content\/uploads\/2021\/10\/Astrognomen.png\"><img loading=\"lazy\" class=\"wp-image-12796 aligncenter lazyload\" data-src=\"https:\/\/physik.nawi.at\/wp-content\/uploads\/2021\/10\/Astrognomen-300x300.png\" alt=\"\" width=\"337\" height=\"337\" data-srcset=\"https:\/\/physik.nawi.at\/wp-content\/uploads\/2021\/10\/Astrognomen-300x300.png 300w, https:\/\/physik.nawi.at\/wp-content\/uploads\/2021\/10\/Astrognomen-150x150.png 150w, https:\/\/physik.nawi.at\/wp-content\/uploads\/2021\/10\/Astrognomen.png 630w\" data-sizes=\"(max-width: 337px) 100vw, 337px\" src=\"data:image\/gif;base64,R0lGODlhAQABAAAAACH5BAEKAAEALAAAAAABAAEAAAICTAEAOw==\" style=\"--smush-placeholder-width: 337px; --smush-placeholder-aspect-ratio: 337\/337;\" \/><noscript><img loading=\"lazy\" class=\" wp-image-12796 aligncenter\" src=\"https:\/\/physik.nawi.at\/wp-content\/uploads\/2021\/10\/Astrognomen-300x300.png\" alt=\"\" width=\"337\" height=\"337\" srcset=\"https:\/\/physik.nawi.at\/wp-content\/uploads\/2021\/10\/Astrognomen-300x300.png 300w, https:\/\/physik.nawi.at\/wp-content\/uploads\/2021\/10\/Astrognomen-150x150.png 150w, https:\/\/physik.nawi.at\/wp-content\/uploads\/2021\/10\/Astrognomen.png 630w\" sizes=\"(max-width: 337px) 100vw, 337px\" \/><\/noscript><\/a><\/p>\n<h2>18:30 &#8211; Die 3 deppaten 4<\/h2>\n<p>Wir \u201eDie 3 deppaten 4\u201c sind ein Erstitut, dass versucht euch w\u00e4hrend eurer Studienzeit zu helfen. Sei es bei Problemen in oder au\u00dferhalb der Uni.<\/p>\n<p>Die zwei alteingesessenen Paul und Raphael (auf dem Bild von rechts nach links erste und dritte Person) und die zwei, die noch etwas gr\u00fcn hinter den Ohren sind, David und Darwin (auf dem Bild von links nach rechts erste und dritte Person) sind f\u00fcr euch jederzeit ansprechbar und versuchen euch so gut wie m\u00f6glich auf euren Pfad zu begleiten.<\/p>\n<p>F\u00fcr obskure Kopfbedeckungen ist auf jeden Fall schon mal gesorgt! Wir werden mit euch eine Schnitzeljagd durch Wien machen, das Teleskop auf der Nordkuppel der Sternwarte besuchen (sofern es Coronakonform ist), Messungen zur Lichtverschmutzung in Wien machen, einen DnD Abend machen (Anf\u00e4nger und Fortgeschrittene Spieler sind herzlich willkommen) und falls wir uns Online treffen ist reichlich Spa\u00df vorprogrammiert (Pun intended).<\/p>\n<p>Also kommt zu uns immer Montags um 18:30 im Eingangsbereich des Physik Instituts.<\/p>\n<p>Wir freuen uns auf euch!<\/p>\n<p>&nbsp;<\/p>\n<p>Eure 3 deppaten 4<\/p>\n<p>David, Raphael, Darwin &amp; Paul<\/p>\n<p>&nbsp;<\/p>\n<p>P.S.: Hier geht es zu unserem <span style=\"text-decoration: line-through;\">deppaten<\/span> Discord Server: <a href=\"https:\/\/discord.gg\/MJwCDZXeBb\">https:\/\/discord.gg\/MJwCDZXeBb<\/a><\/p>\n<p>&nbsp;<\/p>\n<p><a href=\"https:\/\/physik.nawi.at\/wp-content\/uploads\/2021\/10\/Die3deppaten4.jpg\"><img loading=\"lazy\" class=\"wp-image-12798 aligncenter lazyload\" data-src=\"https:\/\/physik.nawi.at\/wp-content\/uploads\/2021\/10\/Die3deppaten4-300x225.jpg\" alt=\"\" width=\"423\" height=\"317\" data-srcset=\"https:\/\/physik.nawi.at\/wp-content\/uploads\/2021\/10\/Die3deppaten4-300x225.jpg 300w, https:\/\/physik.nawi.at\/wp-content\/uploads\/2021\/10\/Die3deppaten4.jpg 605w\" data-sizes=\"(max-width: 423px) 100vw, 423px\" src=\"data:image\/gif;base64,R0lGODlhAQABAAAAACH5BAEKAAEALAAAAAABAAEAAAICTAEAOw==\" style=\"--smush-placeholder-width: 423px; --smush-placeholder-aspect-ratio: 423\/317;\" \/><noscript><img loading=\"lazy\" class=\"wp-image-12798 aligncenter\" src=\"https:\/\/physik.nawi.at\/wp-content\/uploads\/2021\/10\/Die3deppaten4-300x225.jpg\" alt=\"\" width=\"423\" height=\"317\" srcset=\"https:\/\/physik.nawi.at\/wp-content\/uploads\/2021\/10\/Die3deppaten4-300x225.jpg 300w, https:\/\/physik.nawi.at\/wp-content\/uploads\/2021\/10\/Die3deppaten4.jpg 605w\" sizes=\"(max-width: 423px) 100vw, 423px\" \/><\/noscript><\/a><\/p>\n<h2>19:00 &#8211; Das ERNSTE Tut<\/h2>\n<p>Wir nehmen die Bed\u00fcrfnisse der Erstsemestrigen ernst, darum sind wir das ERNSTE Tut ._.<\/p>\n<p>Bei uns k\u00f6nnt ihr euch auf Spiel, Spa\u00df und selbstredend auch \u201eErnsthaftigkeit\u201c vorbereiten.<br \/>\nJeden Montag ab 19:00 stehen wir dann f\u00fcr euch zur Verf\u00fcgung. Zu den geplanten Programmpunkten z\u00e4hlen: Spieleabende an der Uni; Wien, bzw. die Fakult\u00e4t erkunden; Laborf\u00fchrungen; eine Schnitzeljagd oder ein Pubquiz; oder auch ein saisonales Kekse Backen und Punschtrinken. Wenn sich die M\u00f6glichkeit bietet, werden wir versuchen auch Crossover-Tuts mit anderen Erstituts zu machen. Wer uns in der Uni nicht finden kann oder sich einfach noch mehr Austausch sucht, der findet uns auf dem allgemeinen Erstitut-Discordserver.<\/p>\n<p>In diesem Sinne, immer Spa\u00df beiseite.<\/p>\n<p>Eure ERNSTEN Tutoren, Laszlo, Max, Anna und Lorenz ._.<\/p>\n<p><a href=\"https:\/\/physik.nawi.at\/wp-content\/uploads\/2021\/10\/DasERNSTETut.png\"><img loading=\"lazy\" class=\"wp-image-12797 aligncenter lazyload\" data-src=\"https:\/\/physik.nawi.at\/wp-content\/uploads\/2021\/10\/DasERNSTETut-300x186.png\" alt=\"\" width=\"431\" height=\"267\" data-srcset=\"https:\/\/physik.nawi.at\/wp-content\/uploads\/2021\/10\/DasERNSTETut-300x186.png 300w, https:\/\/physik.nawi.at\/wp-content\/uploads\/2021\/10\/DasERNSTETut-1024x634.png 1024w, https:\/\/physik.nawi.at\/wp-content\/uploads\/2021\/10\/DasERNSTETut-768x476.png 768w, https:\/\/physik.nawi.at\/wp-content\/uploads\/2021\/10\/DasERNSTETut.png 1356w\" data-sizes=\"(max-width: 431px) 100vw, 431px\" src=\"data:image\/gif;base64,R0lGODlhAQABAAAAACH5BAEKAAEALAAAAAABAAEAAAICTAEAOw==\" style=\"--smush-placeholder-width: 431px; --smush-placeholder-aspect-ratio: 431\/267;\" \/><noscript><img loading=\"lazy\" class=\"wp-image-12797 aligncenter\" src=\"https:\/\/physik.nawi.at\/wp-content\/uploads\/2021\/10\/DasERNSTETut-300x186.png\" alt=\"\" width=\"431\" height=\"267\" srcset=\"https:\/\/physik.nawi.at\/wp-content\/uploads\/2021\/10\/DasERNSTETut-300x186.png 300w, https:\/\/physik.nawi.at\/wp-content\/uploads\/2021\/10\/DasERNSTETut-1024x634.png 1024w, https:\/\/physik.nawi.at\/wp-content\/uploads\/2021\/10\/DasERNSTETut-768x476.png 768w, https:\/\/physik.nawi.at\/wp-content\/uploads\/2021\/10\/DasERNSTETut.png 1356w\" sizes=\"(max-width: 431px) 100vw, 431px\" \/><\/noscript><\/a><\/p>\n<h1>Dienstag<\/h1>\n<h2>19:00 &#8211; SPACEtitut<\/h2>\n<p>Der Weltraum. Unendliche Weiten.<\/p>\n<p>Es war einmal vor langer Zeit in einer weit, weit entfernten Space-Galaxis, auf der Erde, als 6 mit Handtuch bewaffnete Space-Rangers einer neuen Bedrohung gegen\u00fcberstehen. Sie f\u00fchren mithilfe eines Portals durch den Hilbert-Raum die Erstis in eine space-ige Zukunft mit viel Space-Erholung, Space-Freundschaft und Space-Unterhaltung. Es wird viel Angeboten: Space Spieleabende, eine Space Schnitzeljagd, Space Laborf\u00fchrungen und vieles mehr! Manche Abende enden auch in einer Spacebar. In unwahrscheinlicher Geschwindigkeit mit dem Unwahrscheinlichkeitsdrive und der Unsch\u00e4rferelation bringen wir euch durch das Studium. Jeder Dienstag 19 Uhr vor der Physik Fakult\u00e4t. Denn jeder Dienstag ist ein Space Dienstag!<\/p>\n<p>Come to the space-side, we have cookies!<\/p>\n<p>Dies ist das Logbuch des SPACEtituts, welches im Jahr 2021 bei Sternzeit -30125.795 offiziell in den Dienst gestellt wird.<\/p>\n<p><a href=\"https:\/\/physik.nawi.at\/wp-content\/uploads\/2021\/10\/SPACEtitut.jpg\"><img loading=\"lazy\" class=\"wp-image-12802 aligncenter lazyload\" data-src=\"https:\/\/physik.nawi.at\/wp-content\/uploads\/2021\/10\/SPACEtitut-300x246.jpg\" alt=\"\" width=\"348\" height=\"285\" data-srcset=\"https:\/\/physik.nawi.at\/wp-content\/uploads\/2021\/10\/SPACEtitut-300x246.jpg 300w, https:\/\/physik.nawi.at\/wp-content\/uploads\/2021\/10\/SPACEtitut-1024x840.jpg 1024w, https:\/\/physik.nawi.at\/wp-content\/uploads\/2021\/10\/SPACEtitut-768x630.jpg 768w, https:\/\/physik.nawi.at\/wp-content\/uploads\/2021\/10\/SPACEtitut.jpg 1386w\" data-sizes=\"(max-width: 348px) 100vw, 348px\" src=\"data:image\/gif;base64,R0lGODlhAQABAAAAACH5BAEKAAEALAAAAAABAAEAAAICTAEAOw==\" style=\"--smush-placeholder-width: 348px; --smush-placeholder-aspect-ratio: 348\/285;\" \/><noscript><img loading=\"lazy\" class=\" wp-image-12802 aligncenter\" src=\"https:\/\/physik.nawi.at\/wp-content\/uploads\/2021\/10\/SPACEtitut-300x246.jpg\" alt=\"\" width=\"348\" height=\"285\" srcset=\"https:\/\/physik.nawi.at\/wp-content\/uploads\/2021\/10\/SPACEtitut-300x246.jpg 300w, https:\/\/physik.nawi.at\/wp-content\/uploads\/2021\/10\/SPACEtitut-1024x840.jpg 1024w, https:\/\/physik.nawi.at\/wp-content\/uploads\/2021\/10\/SPACEtitut-768x630.jpg 768w, https:\/\/physik.nawi.at\/wp-content\/uploads\/2021\/10\/SPACEtitut.jpg 1386w\" sizes=\"(max-width: 348px) 100vw, 348px\" \/><\/noscript><\/a><\/p>\n<h2>19:30 &#8211; Mission Erstitut<\/h2>\n<p>Hallo liebe Geheimstis!<\/p>\n<p>Wir sind von der geheimen Geheimmission der geheimen Geheimuniversit\u00e4t von Geheimwien. Unser Ziel ist es, die Geheimstis im Geheimagent*innenleben an der Geheimuniverstit\u00e4t zu trainieren.<\/p>\n<p>Unsere Codenamen sind Xam, Xam, Eihpos und Hannah &#8211; Wer unsere wahren Namen aus dieser gefinkelten Chiffre extrahieren kann und uns diese beim ersten Treffen mitteilt, auf den wartet eine Geheim\u00fcberraschung!<\/p>\n<p>Unsere Trainingsprogramm beinhaltet unter anderem folgende Missions:<\/p>\n<ul>\n<li>Geheimwien erkunden<\/li>\n<li>Geheimagent*innenenfilme schauen<\/li>\n<li>Geheimlabore der Fakult\u00e4t besichtigen<\/li>\n<li>Spionagetraining am Christkindlmarkt<\/li>\n<li>Ausdauertraining am Eislaufplatz (Keine Sorge, wir haben auch keine Kondition)<\/li>\n<\/ul>\n<p>Und viele weitere Top-Secret Missionen, die bis auf Weiteres geheim bleiben! Wir treffen uns w\u00f6chentlich am Dienstag um 19:30.<\/p>\n<p>GaLieGr\u00fc<\/p>\n<p>Xam, Xam, Eihpos &amp; Hannah<\/p>\n<p><a href=\"https:\/\/physik.nawi.at\/wp-content\/uploads\/2021\/10\/MissionErstitut.png\"><img loading=\"lazy\" class=\"wp-image-12799 aligncenter lazyload\" data-src=\"https:\/\/physik.nawi.at\/wp-content\/uploads\/2021\/10\/MissionErstitut-213x300.png\" alt=\"\" width=\"292\" height=\"411\" data-srcset=\"https:\/\/physik.nawi.at\/wp-content\/uploads\/2021\/10\/MissionErstitut-213x300.png 213w, https:\/\/physik.nawi.at\/wp-content\/uploads\/2021\/10\/MissionErstitut.png 337w\" data-sizes=\"(max-width: 292px) 100vw, 292px\" src=\"data:image\/gif;base64,R0lGODlhAQABAAAAACH5BAEKAAEALAAAAAABAAEAAAICTAEAOw==\" style=\"--smush-placeholder-width: 292px; --smush-placeholder-aspect-ratio: 292\/411;\" \/><noscript><img loading=\"lazy\" class=\"wp-image-12799 aligncenter\" src=\"https:\/\/physik.nawi.at\/wp-content\/uploads\/2021\/10\/MissionErstitut-213x300.png\" alt=\"\" width=\"292\" height=\"411\" srcset=\"https:\/\/physik.nawi.at\/wp-content\/uploads\/2021\/10\/MissionErstitut-213x300.png 213w, https:\/\/physik.nawi.at\/wp-content\/uploads\/2021\/10\/MissionErstitut.png 337w\" sizes=\"(max-width: 292px) 100vw, 292px\" \/><\/noscript><\/a><\/p>\n<h1>Donnerstag<\/h1>\n<h2>18:30 &#8211; PHAMily<\/h2>\n<p><em>Vor langer Zeit lebten alle Studierenden zusammen in Harmonie. Doch dann kam die Corona Pandemie und alles \u00e4nderte sich&#8230;<\/em><\/p>\n<p>Der Studienanfang ist schwer, umso mehr w\u00e4hrend einer Pandemie. Wir freuen uns darauf, euch dabei zu unterst\u00fctzen. Wir wollen euch erprobte Tipps und Geheimtricks weitergeben, mit euch die Institute und ganz Wien entdecken, euch zeigen wo man am besten Lernen \/ Chillen \/ bis 17 Uhr Fr\u00fchst\u00fccken kann. Und dann haben wir noch ein paar \u00dcberraschungen f\u00fcr euch \ud83d\ude09<\/p>\n<p>Und was wenn wieder Lockdown kommt? Dann gehen wir in die unendlichen Weiten des Internets und haben dort unseren Spa\u00df (zB mit skribbl.io, AmongUs, Jackbox\u2026)<\/p>\n<p>Ob ihr nun Unterst\u00fctzung im ersten Semester, neue Freunde und Unterhaltung sucht oder einfach nur Haustierbilder austauschen wollt, hier seid ihr richtig.<\/p>\n<p>Welcome to the PHAMily, hier sind alle willkommen!<\/p>\n<p><a href=\"https:\/\/physik.nawi.at\/wp-content\/uploads\/2021\/10\/PHAMily.png\"><img loading=\"lazy\" class=\"wp-image-12801 aligncenter lazyload\" data-src=\"https:\/\/physik.nawi.at\/wp-content\/uploads\/2021\/10\/PHAMily-300x200.png\" alt=\"\" width=\"371\" height=\"247\" data-srcset=\"https:\/\/physik.nawi.at\/wp-content\/uploads\/2021\/10\/PHAMily-300x200.png 300w, https:\/\/physik.nawi.at\/wp-content\/uploads\/2021\/10\/PHAMily.png 453w\" data-sizes=\"(max-width: 371px) 100vw, 371px\" src=\"data:image\/gif;base64,R0lGODlhAQABAAAAACH5BAEKAAEALAAAAAABAAEAAAICTAEAOw==\" style=\"--smush-placeholder-width: 371px; --smush-placeholder-aspect-ratio: 371\/247;\" \/><noscript><img loading=\"lazy\" class=\"wp-image-12801 aligncenter\" src=\"https:\/\/physik.nawi.at\/wp-content\/uploads\/2021\/10\/PHAMily-300x200.png\" alt=\"\" width=\"371\" height=\"247\" srcset=\"https:\/\/physik.nawi.at\/wp-content\/uploads\/2021\/10\/PHAMily-300x200.png 300w, https:\/\/physik.nawi.at\/wp-content\/uploads\/2021\/10\/PHAMily.png 453w\" sizes=\"(max-width: 371px) 100vw, 371px\" \/><\/noscript><\/a><\/p>\n<h2>18:45 &#8211; Supertut 3000<\/h2>\n<p>Disclaimer: Could contain traces of minor brain damage!<\/p>\n<p>&nbsp;<\/p>\n<p>Bist du auch immer allein auf der Uni? Irrst orientierungslos durch Wien? Hast keinen Plan von Physik? Dann geht\u2019s dir genauso wie uns!<\/p>\n<p>Aber die neue Mega Sensation aus dem Teleshop ist genau die L\u00f6sung<\/p>\n<p>Das Supertut 3000\u2122!!!<\/p>\n<p>Mit dem Supertut 3000\u2122 ist der Spa\u00df garantiert! Nie wieder allein im Studicenter sitzen! Du suchst das Astroinstitut? Kein Problem, wir haben zwar auch keine Ahnung, wo es is, aber zumindest suchst du nicht mehr allein! Und das beste? Jeder hier ist genau gleich schlecht in Physik, aber zusammen kommt vielleicht zumindest die H\u00e4lfte von uns durch!<\/p>\n<p>Und nur jetzt das Mega Angebot! Wenn du jetzt zum Supertut 3000\u2122 kommst bekommst du gratis nicht einen Tutor, auch nicht zwei Tutoren, nein, ganze drei Tutoren gratis dazu!!!<\/p>\n<p>Nur jetzt und in limitierter Auflage,<\/p>\n<p>Das Supertut 3000\u2122<\/p>\n<p>*F\u00fcr eventuelle Lachflash- und Eskalationsabende wird keine Haftung \u00fcbernommen.<\/p>\n<p><a href=\"https:\/\/physik.nawi.at\/wp-content\/uploads\/2021\/10\/Supertut3000.jpg\"><img loading=\"lazy\" class=\"wp-image-12803 aligncenter lazyload\" data-src=\"https:\/\/physik.nawi.at\/wp-content\/uploads\/2021\/10\/Supertut3000-300x200.jpg\" alt=\"\" width=\"390\" height=\"260\" data-srcset=\"https:\/\/physik.nawi.at\/wp-content\/uploads\/2021\/10\/Supertut3000-300x200.jpg 300w, https:\/\/physik.nawi.at\/wp-content\/uploads\/2021\/10\/Supertut3000-1024x682.jpg 1024w, https:\/\/physik.nawi.at\/wp-content\/uploads\/2021\/10\/Supertut3000-768x511.jpg 768w, https:\/\/physik.nawi.at\/wp-content\/uploads\/2021\/10\/Supertut3000.jpg 1386w\" data-sizes=\"(max-width: 390px) 100vw, 390px\" src=\"data:image\/gif;base64,R0lGODlhAQABAAAAACH5BAEKAAEALAAAAAABAAEAAAICTAEAOw==\" style=\"--smush-placeholder-width: 390px; --smush-placeholder-aspect-ratio: 390\/260;\" \/><noscript><img loading=\"lazy\" class=\"wp-image-12803 aligncenter\" src=\"https:\/\/physik.nawi.at\/wp-content\/uploads\/2021\/10\/Supertut3000-300x200.jpg\" alt=\"\" width=\"390\" height=\"260\" srcset=\"https:\/\/physik.nawi.at\/wp-content\/uploads\/2021\/10\/Supertut3000-300x200.jpg 300w, https:\/\/physik.nawi.at\/wp-content\/uploads\/2021\/10\/Supertut3000-1024x682.jpg 1024w, https:\/\/physik.nawi.at\/wp-content\/uploads\/2021\/10\/Supertut3000-768x511.jpg 768w, https:\/\/physik.nawi.at\/wp-content\/uploads\/2021\/10\/Supertut3000.jpg 1386w\" sizes=\"(max-width: 390px) 100vw, 390px\" \/><\/noscript><\/a><\/p>\n<h2>19:00 &#8211; Obstsalat &#8211; Beta than the other tuts<\/h2>\n<p>Patricia, Franci, Oliver, Simon und Richard &#8211; F\u00fcnf \u00fcberambitionierte Vollblut und Vollzeit Studierende, die ihre Zeit lieber damit verbringen Freund*innen zu treffen als zu studieren. Uns geht es vor allem darum einen Anschluss im Uni Alltag bei gleich &#8211; sowie h\u00f6her Semestrigen zu finden. Schnitzeljagd durch die Fakult\u00e4t, Gem\u00fctliche Abende gemeinsam, K\u00fcrbis schnitzen, Eislaufen gehen, Mario Kart im H\u00f6rsaal, Weihnachtsm\u00e4rkte, Pub Quiz und viele weitere ma\u00dfgeschneiderte wohltemperierte Freizeitaktivit\u00e4ten erwarten euch bei einer angenehm leichten suburbanen Atmosph\u00e4re.<\/p>\n<p>Immer am Donnerstag um 19 Uhr.<\/p>\n<p><a href=\"https:\/\/physik.nawi.at\/wp-content\/uploads\/2021\/10\/Obstsalat.jpg\"><img loading=\"lazy\" class=\"wp-image-12800 aligncenter lazyload\" data-src=\"https:\/\/physik.nawi.at\/wp-content\/uploads\/2021\/10\/Obstsalat-264x300.jpg\" alt=\"\" width=\"292\" height=\"332\" data-srcset=\"https:\/\/physik.nawi.at\/wp-content\/uploads\/2021\/10\/Obstsalat-264x300.jpg 264w, https:\/\/physik.nawi.at\/wp-content\/uploads\/2021\/10\/Obstsalat.jpg 401w\" data-sizes=\"(max-width: 292px) 100vw, 292px\" src=\"data:image\/gif;base64,R0lGODlhAQABAAAAACH5BAEKAAEALAAAAAABAAEAAAICTAEAOw==\" style=\"--smush-placeholder-width: 292px; --smush-placeholder-aspect-ratio: 292\/332;\" \/><noscript><img loading=\"lazy\" class=\"wp-image-12800 aligncenter\" src=\"https:\/\/physik.nawi.at\/wp-content\/uploads\/2021\/10\/Obstsalat-264x300.jpg\" alt=\"\" width=\"292\" height=\"332\" srcset=\"https:\/\/physik.nawi.at\/wp-content\/uploads\/2021\/10\/Obstsalat-264x300.jpg 264w, https:\/\/physik.nawi.at\/wp-content\/uploads\/2021\/10\/Obstsalat.jpg 401w\" sizes=\"(max-width: 292px) 100vw, 292px\" \/><\/noscript><\/a><\/p>\n<p>&nbsp;<\/p>\n<p>F\u00fcr Interessierte gibt es hier noch die Tuts-Vorstellungen aus den Vorjahren:<\/p>\n<p><a href=\"https:\/\/physik.nawi.at\/index.php\/vor-dem-studium\/erstitut\/fruhere-tutorien\/ersti-tutorien-2020\/\">Ersti- Tutorien 2020<\/a><\/p>\n<p><a href=\"https:\/\/physik.nawi.at\/index.php\/vor-dem-studium\/erstitut\/fruhere-tutorien\/ersti-tutorien-2019\/\">Ersti- Tutorien 2019<\/a><\/p>\n<p><a href=\"https:\/\/physik.nawi.at\/index.php\/vor-dem-studium\/erstitut\/fruhere-tutorien\/ersti-tutorien-2018\/\">Ersti-Tutorien 2018<\/a><\/p>\n<p>&nbsp;<\/p>\n","protected":false},"excerpt":{"rendered":"<p>Hier findest du eine Wochen\u00fcbersicht \u00fcber die Erstituts, die das Wintersemester 2021\/22 angeboten werden. Scrollst du etwas weiter runter, stellen sich die Gruppen bei dir vor \ud83d\ude09 Es gibt auch dieses Jahr wieder einen Erstitutsdiscordserver. Dort werden unter anderem w\u00f6chentlich die Programme der einzelnen Erstituts ver\u00f6ffentlicht. Die Pr\u00e4sentationen als Stream Pr\u00e4sentationen_Erstitut_2021-Teil_1 Pr\u00e4sentationen_Erstitut_2021-Teil_2 Montag 18:30 &#8211; [&hellip;]<\/p>\n","protected":false},"author":86,"featured_media":0,"parent":11920,"menu_order":0,"comment_status":"closed","ping_status":"closed","template":"","meta":[],"_links":{"self":[{"href":"https:\/\/physik.nawi.at\/index.php\/wp-json\/wp\/v2\/pages\/12779"}],"collection":[{"href":"https:\/\/physik.nawi.at\/index.php\/wp-json\/wp\/v2\/pages"}],"about":[{"href":"https:\/\/physik.nawi.at\/index.php\/wp-json\/wp\/v2\/types\/page"}],"author":[{"embeddable":true,"href":"https:\/\/physik.nawi.at\/index.php\/wp-json\/wp\/v2\/users\/86"}],"replies":[{"embeddable":true,"href":"https:\/\/physik.nawi.at\/index.php\/wp-json\/wp\/v2\/comments?post=12779"}],"version-history":[{"count":0,"href":"https:\/\/physik.nawi.at\/index.php\/wp-json\/wp\/v2\/pages\/12779\/revisions"}],"up":[{"embeddable":true,"href":"https:\/\/physik.nawi.at\/index.php\/wp-json\/wp\/v2\/pages\/11920"}],"wp:attachment":[{"href":"https:\/\/physik.nawi.at\/index.php\/wp-json\/wp\/v2\/media?parent=12779"}],"curies":[{"name":"wp","href":"https:\/\/api.w.org\/{rel}","templated":true}]}}