{"id":12574,"date":"2021-04-29T14:16:27","date_gmt":"2021-04-29T12:16:27","guid":{"rendered":"https:\/\/physik.nawi.at\/?page_id=12574"},"modified":"2021-04-30T01:45:49","modified_gmt":"2021-04-29T23:45:49","slug":"kandidatinnen","status":"publish","type":"page","link":"https:\/\/physik.nawi.at\/index.php\/uni-politik\/die-oh\/oh-wahl\/oeh-wahl-2021\/kandidatinnen\/","title":{"rendered":"Kandidat*innen"},"content":{"rendered":"<p>Wir, Hannah, Patricia, Max, Xaver und Stefan, wollen uns kurz bei euch vorstellen!<\/p>\n<p><a href=\"https:\/\/physik.nawi.at\/wp-content\/uploads\/2021\/04\/Gruppenbild-2-OH-Wahl-2021.png\"><img loading=\"lazy\" class=\"alignnone wp-image-12614 lazyload\" data-src=\"https:\/\/physik.nawi.at\/wp-content\/uploads\/2021\/04\/Gruppenbild-2-OH-Wahl-2021-300x213.png\" alt=\"\" width=\"483\" height=\"343\" data-srcset=\"https:\/\/physik.nawi.at\/wp-content\/uploads\/2021\/04\/Gruppenbild-2-OH-Wahl-2021-300x213.png 300w, https:\/\/physik.nawi.at\/wp-content\/uploads\/2021\/04\/Gruppenbild-2-OH-Wahl-2021-1024x726.png 1024w, https:\/\/physik.nawi.at\/wp-content\/uploads\/2021\/04\/Gruppenbild-2-OH-Wahl-2021-768x544.png 768w, https:\/\/physik.nawi.at\/wp-content\/uploads\/2021\/04\/Gruppenbild-2-OH-Wahl-2021.png 1524w\" data-sizes=\"(max-width: 483px) 100vw, 483px\" src=\"data:image\/gif;base64,R0lGODlhAQABAAAAACH5BAEKAAEALAAAAAABAAEAAAICTAEAOw==\" style=\"--smush-placeholder-width: 483px; --smush-placeholder-aspect-ratio: 483\/343;\" \/><noscript><img loading=\"lazy\" class=\"alignnone wp-image-12614 \" src=\"https:\/\/physik.nawi.at\/wp-content\/uploads\/2021\/04\/Gruppenbild-2-OH-Wahl-2021-300x213.png\" alt=\"\" width=\"483\" height=\"343\" srcset=\"https:\/\/physik.nawi.at\/wp-content\/uploads\/2021\/04\/Gruppenbild-2-OH-Wahl-2021-300x213.png 300w, https:\/\/physik.nawi.at\/wp-content\/uploads\/2021\/04\/Gruppenbild-2-OH-Wahl-2021-1024x726.png 1024w, https:\/\/physik.nawi.at\/wp-content\/uploads\/2021\/04\/Gruppenbild-2-OH-Wahl-2021-768x544.png 768w, https:\/\/physik.nawi.at\/wp-content\/uploads\/2021\/04\/Gruppenbild-2-OH-Wahl-2021.png 1524w\" sizes=\"(max-width: 483px) 100vw, 483px\" \/><\/noscript><\/a><\/p>\n<h1>Hannah<\/h1>\n<p><strong>Name<\/strong>: Hannah Prochazka<a href=\"https:\/\/physik.nawi.at\/wp-content\/uploads\/2021\/04\/Hannah.png\"><img loading=\"lazy\" class=\"wp-image-12587 alignright lazyload\" data-src=\"https:\/\/physik.nawi.at\/wp-content\/uploads\/2021\/04\/Hannah-212x300.png\" alt=\"\" width=\"310\" height=\"439\" data-srcset=\"https:\/\/physik.nawi.at\/wp-content\/uploads\/2021\/04\/Hannah-212x300.png 212w, https:\/\/physik.nawi.at\/wp-content\/uploads\/2021\/04\/Hannah-724x1024.png 724w, https:\/\/physik.nawi.at\/wp-content\/uploads\/2021\/04\/Hannah-768x1086.png 768w, https:\/\/physik.nawi.at\/wp-content\/uploads\/2021\/04\/Hannah-1086x1536.png 1086w, https:\/\/physik.nawi.at\/wp-content\/uploads\/2021\/04\/Hannah-1448x2048.png 1448w\" data-sizes=\"(max-width: 310px) 100vw, 310px\" src=\"data:image\/gif;base64,R0lGODlhAQABAAAAACH5BAEKAAEALAAAAAABAAEAAAICTAEAOw==\" style=\"--smush-placeholder-width: 310px; --smush-placeholder-aspect-ratio: 310\/439;\" \/><noscript><img loading=\"lazy\" class=\" wp-image-12587 alignright\" src=\"https:\/\/physik.nawi.at\/wp-content\/uploads\/2021\/04\/Hannah-212x300.png\" alt=\"\" width=\"310\" height=\"439\" srcset=\"https:\/\/physik.nawi.at\/wp-content\/uploads\/2021\/04\/Hannah-212x300.png 212w, https:\/\/physik.nawi.at\/wp-content\/uploads\/2021\/04\/Hannah-724x1024.png 724w, https:\/\/physik.nawi.at\/wp-content\/uploads\/2021\/04\/Hannah-768x1086.png 768w, https:\/\/physik.nawi.at\/wp-content\/uploads\/2021\/04\/Hannah-1086x1536.png 1086w, https:\/\/physik.nawi.at\/wp-content\/uploads\/2021\/04\/Hannah-1448x2048.png 1448w\" sizes=\"(max-width: 310px) 100vw, 310px\" \/><\/noscript><\/a><\/p>\n<p><strong>Ich studiere<\/strong>: Bachelor Physik und manchmal auch Bachelor Mathematik<\/p>\n<p><strong>Ich studiere seit<\/strong>: 3 Jahren inzwischen<\/p>\n<p><strong>Ich bin beim Roten Vektor seit<\/strong>: dem ich mal bei einem Plenum dabei war, also seit Herbst<\/p>\n<p><strong>Mein weirdster Skill<\/strong>: Selbst wenn ich das ganze Jahr fast keinen Sport gemacht habe, kann ich Sommer Klettersteige ohne Probleme gehen<\/p>\n<p><strong>Wenn ich eine Formel w\u00e4re<\/strong>: <span style=\"font-family: serif;\">a<sup>2 <\/sup>+ b<sup>2 <\/sup>= c<sup>2<\/sup><\/span>, eine kleine, nette Formel ^^<\/p>\n<p><strong>Lieblingskonstante<\/strong>: <span style=\"font-family: serif;\">h = 6,626 * 10<sup>-34<\/sup><\/span>, ich hab sie schon so oft verwendet und gesehen, dass ich sie m\u00f6gen muss. Au\u00dferdem ist sie superior zu <span style=\"font-family: serif;\">\u0127<\/span>, man sollte immer <span style=\"font-family: serif;\">h<\/span> schreiben ^^<\/p>\n<p><strong>Bester griechischer Buchstabe<\/strong>: \u03be, das erste Mal, wie ich diesen Buchstaben in der Vorlesung gesehen habe, war ich mir 100%ig sicher, dass der Professor statt einer Variable einfach irgendwas hinkritzelt<\/p>\n<p><strong>Meine 2 Stunden Freizeit in der Woche verwende ich<\/strong>: Zum Computer- oder Brettspielen und zum Singen<\/p>\n<p><strong>Wenn ich nicht mehr Physik studieren d\u00fcrfte, w\u00fcrde ich<\/strong>: Mathematik oder Informatik studieren.<\/p>\n<p><strong>Wenn ich nur mehr ein Wort verwenden d\u00fcrfte, w\u00e4re das<\/strong>: Awwwww<\/p>\n<p><strong>Der beste Tipp f\u00fcr das Physikstudium:<\/strong> Alle tun sich schwer, nicht nur du selbst.<\/p>\n<p><strong>Dieses Zitat besch\u00e4ftigt mich t\u00e4glich<\/strong>: \u201eWe&#8217;ve had one, yes. But what about second breakfast?\u201c \u2013 Pippin<\/p>\n<p><strong>Lieblingsbuch<\/strong>: Was von Terry Pratchett, wahrscheinlich Small Gods<\/p>\n<p><strong>Lieblingsserie<\/strong>: Zurzeit auf jeden Fall WandaVision<\/p>\n<p><strong>Lieblingsfilm<\/strong>: Scott Pilgrim vs the world<\/p>\n<p><strong>Mein DnD\/WoW Character<\/strong>: Bj\u00f6rm, ein menschlicher Krieger. Er ist bei Zwergen aufgewachsen und ist deswegen der festen \u00dcberzeugung, einer zu sein.<\/p>\n<p><strong>Mein Harry Potter Haus<\/strong>: Ravenclaw oder Slytherin<\/p>\n<p><strong>Das m\u00f6chte ich machen, wenn ich in der StV bin<\/strong>: Den Hof gestalten, mich weiter um Erstitutorien k\u00fcmmern und so gut wie m\u00f6glich das Studieren f\u00fcr andere Studierende erleichtern.<\/p>\n<p><strong>Bei diesen RV-Projekten habe ich schon mitgearbeitet<\/strong>: Erstitutorien, neue Sticker, Tenure-Track-Hearings und beim der Organistaion f\u00fcr das diesj\u00e4hrige Erstitutsseminar<\/p>\n<p>&nbsp;<\/p>\n<h1>Patricia<\/h1>\n<p><strong>Name<\/strong>: Patricia Perzy<a href=\"https:\/\/physik.nawi.at\/wp-content\/uploads\/2021\/04\/Pati.png\"><img loading=\"lazy\" class=\"wp-image-12584 alignright lazyload\" data-src=\"https:\/\/physik.nawi.at\/wp-content\/uploads\/2021\/04\/Pati-212x300.png\" alt=\"\" width=\"311\" height=\"441\" data-srcset=\"https:\/\/physik.nawi.at\/wp-content\/uploads\/2021\/04\/Pati-212x300.png 212w, https:\/\/physik.nawi.at\/wp-content\/uploads\/2021\/04\/Pati-724x1024.png 724w, https:\/\/physik.nawi.at\/wp-content\/uploads\/2021\/04\/Pati-768x1086.png 768w, https:\/\/physik.nawi.at\/wp-content\/uploads\/2021\/04\/Pati-1086x1536.png 1086w, https:\/\/physik.nawi.at\/wp-content\/uploads\/2021\/04\/Pati-1448x2048.png 1448w\" data-sizes=\"(max-width: 311px) 100vw, 311px\" src=\"data:image\/gif;base64,R0lGODlhAQABAAAAACH5BAEKAAEALAAAAAABAAEAAAICTAEAOw==\" style=\"--smush-placeholder-width: 311px; --smush-placeholder-aspect-ratio: 311\/441;\" \/><noscript><img loading=\"lazy\" class=\" wp-image-12584 alignright\" src=\"https:\/\/physik.nawi.at\/wp-content\/uploads\/2021\/04\/Pati-212x300.png\" alt=\"\" width=\"311\" height=\"441\" srcset=\"https:\/\/physik.nawi.at\/wp-content\/uploads\/2021\/04\/Pati-212x300.png 212w, https:\/\/physik.nawi.at\/wp-content\/uploads\/2021\/04\/Pati-724x1024.png 724w, https:\/\/physik.nawi.at\/wp-content\/uploads\/2021\/04\/Pati-768x1086.png 768w, https:\/\/physik.nawi.at\/wp-content\/uploads\/2021\/04\/Pati-1086x1536.png 1086w, https:\/\/physik.nawi.at\/wp-content\/uploads\/2021\/04\/Pati-1448x2048.png 1448w\" sizes=\"(max-width: 311px) 100vw, 311px\" \/><\/noscript><\/a><\/p>\n<p><strong>Ich studiere<\/strong>: Physik (Bachelor)<\/p>\n<p><strong>Ich studiere seit<\/strong>: Wintersemester 2019\/2020<\/p>\n<p><strong>Ich bin beim Roten Vektor seit<\/strong>: Sommersemester 2020<\/p>\n<p><strong>Mein weirdster Skill<\/strong>: Ich kann (Bier-)Flaschen mit einem Ring auf meinem Finger aufmachen<\/p>\n<p><strong>Wenn ich eine Formel w\u00e4re<\/strong>: Gesetz von Gay-Lussac. Egal was sich in meinem Leben \u00e4ndert, der Druck bleibt immer konstant.<\/p>\n<p><strong>Lieblingskonstante<\/strong>:\u00a0<span style=\"font-family: serif;\">\u03c6 = 1,618033<\/span> (golden ratio)<\/p>\n<p><strong>Bester griechischer Buchstabe<\/strong>: \u03c6<\/p>\n<p><strong>Meine 2 Stunden Freizeit in der Woche verwende ich<\/strong>: Animal Crossing New Horizons<\/p>\n<p><strong>Wenn ich nicht mehr Physik studieren d\u00fcrfte, w\u00fcrde ich<\/strong>: Erstmal in eine kleine Lebenskrise fallen und dann vielleicht Mediator werden oder so&#8230;<\/p>\n<p><strong>Wenn ich nur mehr ein Wort verwenden d\u00fcrfte, w\u00e4re das<\/strong>: Oida!<\/p>\n<p><strong>Der beste Tipp f\u00fcr das Physikstudium:<\/strong> Halt durch! Wir denken alle wir sind zu schlecht daf\u00fcr&#8230;<\/p>\n<p><strong>Dieses Zitat besch\u00e4ftigt mich t\u00e4glich<\/strong>: Say yes to masks and no to bras. Free the titty, protect the city!<\/p>\n<p><strong>Lieblingsbuch<\/strong>: Looking for Alaska, Harry Potter and the Prisoner of Azkaban, The Perks of Being a Wallflower<\/p>\n<p><strong>Lieblingsserie<\/strong>: Akame ga Kill!, Avatar, Community, HIMYM, &#8230;<\/p>\n<p><strong>Lieblingsfilm<\/strong>: Prinzessin Mononoke, Dirty Dancing, Vaiana, How to train your Dragon, &#8230;<\/p>\n<p><strong>Mein DnD\/WoW Character<\/strong>: Alice Claw,<br \/>\nRace: Felis,<br \/>\nClass: Gunsmith Artificer<\/p>\n<p><strong>Mein Harry Potter Haus<\/strong>: Hufflepuff<\/p>\n<p><strong>Das m\u00f6chte ich machen, wenn ich in der StV bin<\/strong>: Sobald wie m\u00f6glich Festl und Spritzerstandl organisieren und das Studicenter mit Pflanzen versch\u00f6nern!<\/p>\n<p><strong>Bei diesen RV-Projekten habe ich schon mitgearbeitet<\/strong>: Erstitut, Instagram-Seite betreuen, Bier ausschenken bei &#8220;ein Fest \u2200&#8221;, bei Fakult\u00e4ts- und Studienkonferenzen dabei sein<\/p>\n<p>&nbsp;<\/p>\n<h1>Max<\/h1>\n<p><strong>Name<\/strong>: Maximilian Negedly<a href=\"https:\/\/physik.nawi.at\/wp-content\/uploads\/2021\/04\/Max.png\"><img loading=\"lazy\" class=\"wp-image-12583 alignright lazyload\" data-src=\"https:\/\/physik.nawi.at\/wp-content\/uploads\/2021\/04\/Max-212x300.png\" alt=\"\" width=\"312\" height=\"442\" data-srcset=\"https:\/\/physik.nawi.at\/wp-content\/uploads\/2021\/04\/Max-212x300.png 212w, https:\/\/physik.nawi.at\/wp-content\/uploads\/2021\/04\/Max-724x1024.png 724w, https:\/\/physik.nawi.at\/wp-content\/uploads\/2021\/04\/Max-768x1086.png 768w, https:\/\/physik.nawi.at\/wp-content\/uploads\/2021\/04\/Max-1086x1536.png 1086w, https:\/\/physik.nawi.at\/wp-content\/uploads\/2021\/04\/Max-1448x2048.png 1448w\" data-sizes=\"(max-width: 312px) 100vw, 312px\" src=\"data:image\/gif;base64,R0lGODlhAQABAAAAACH5BAEKAAEALAAAAAABAAEAAAICTAEAOw==\" style=\"--smush-placeholder-width: 312px; --smush-placeholder-aspect-ratio: 312\/442;\" \/><noscript><img loading=\"lazy\" class=\" wp-image-12583 alignright\" src=\"https:\/\/physik.nawi.at\/wp-content\/uploads\/2021\/04\/Max-212x300.png\" alt=\"\" width=\"312\" height=\"442\" srcset=\"https:\/\/physik.nawi.at\/wp-content\/uploads\/2021\/04\/Max-212x300.png 212w, https:\/\/physik.nawi.at\/wp-content\/uploads\/2021\/04\/Max-724x1024.png 724w, https:\/\/physik.nawi.at\/wp-content\/uploads\/2021\/04\/Max-768x1086.png 768w, https:\/\/physik.nawi.at\/wp-content\/uploads\/2021\/04\/Max-1086x1536.png 1086w, https:\/\/physik.nawi.at\/wp-content\/uploads\/2021\/04\/Max-1448x2048.png 1448w\" sizes=\"(max-width: 312px) 100vw, 312px\" \/><\/noscript><\/a><\/p>\n<p><strong>Ich studiere<\/strong>: Physik (Bachelor)<\/p>\n<p><strong>Ich studiere seit<\/strong>: 2019 (4. Semester)<\/p>\n<p><strong>Ich bin beim Roten Vektor seit<\/strong>: 2020<\/p>\n<p><strong>Mein weirdster Skill<\/strong>: Viele Stellen aus Herr der Ringe auswendig rezitieren, den Rest mitsprechen und erkl\u00e4ren<\/p>\n<p><strong>Wenn ich eine Formel w\u00e4re<\/strong>:<span style=\"font-family: serif;\"><br \/>\n<\/span><span style=\"font-family: serif;\">R<sup>m<\/sup><sub>ikp<\/sub> = \u2202<sub>k <\/sub>\u0393<sup> m<\/sup><sub>ip<\/sub> &#8211; \u2202<sub>p <\/sub>\u0393 <sup>m<\/sup><sub>ik<\/sub> + \u0393<sup> a<\/sup><sub>ip <\/sub>\u0393<sup> m<\/sup><sub>ak<\/sub> &#8211; \u0393<sup> a<\/sup><sub>ik <\/sub>\u0393<sup> m<\/sup><sub>ap<\/sub><\/span> (Riemannscher Kr\u00fcmmungstensor \u00fcber Christoffelsymbole)<\/p>\n<p><strong>Lieblingskonstante<\/strong>: <span style=\"font-family: serif;\">h = 6,626 * 10<sup>-34<\/sup> J s<\/span><\/p>\n<p><strong>Bester griechischer Buchstabe<\/strong>: \u03be<\/p>\n<p><strong>Meine 2 Stunden Freizeit in der Woche verwende ich<\/strong>: Herr der Ringe schauen<\/p>\n<p><strong>Wenn ich nicht mehr Physik studieren d\u00fcrfte, w\u00fcrde ich<\/strong>: Mathematik studieren<\/p>\n<p><strong>Wenn ich nur mehr ein Wort verwenden d\u00fcrfte, w\u00e4re das<\/strong>: Nein<\/p>\n<p><strong>Der beste Tipp f\u00fcr das Physikstudium<\/strong>: Koffein und viele Paul Wagner VOs (sind auf YouTube)<\/p>\n<p><strong>Dieses Zitat besch\u00e4ftigt mich t\u00e4glich<\/strong>: Die Komponenten des Metriktensors sind die Skalarprodukte der Basisvektoren. &#8211; Paul Wagner<\/p>\n<p><strong>Lieblingsbuch<\/strong>: The Lord of the Rings, Buch drei und Buch vier<\/p>\n<p><strong>Lieblingsserie<\/strong>: Doctor Who<\/p>\n<p><strong>Lieblingsfilm<\/strong>: The Lord of the Rings: The Two Towers<\/p>\n<p><strong>Mein DnD\/WoW Character<\/strong>: Manwe, Half-Elf Druid<\/p>\n<p><strong>Mein Harry Potter Haus<\/strong>: Ravenclaw &lt;3<\/p>\n<p><strong>Das m\u00f6chte ich machen, wenn ich in der StV bin<\/strong>:<\/p>\n<ul>\n<li>Weiterhin die Studis vertreten<\/li>\n<li>Mich um Probleme k\u00fcmmern<\/li>\n<li>Im Studicenter sitzend E-Mails beantworten<\/li>\n<\/ul>\n<p><strong>Bei diesen RV-Projekten habe ich schon mitgearbeitet<\/strong>: Erstitut, Gemeinsam Einsam, sehr viele E-Mails beantwortet (Ja, das sind teilweise Projekte), Organisation Erstitutseminar<\/p>\n<p>&nbsp;<\/p>\n<h1>Xaver<\/h1>\n<p><strong>Name<\/strong>: Xaver Katzer<a href=\"https:\/\/physik.nawi.at\/wp-content\/uploads\/2021\/04\/Xaver.png\"><img loading=\"lazy\" class=\"wp-image-12586 alignright lazyload\" data-src=\"https:\/\/physik.nawi.at\/wp-content\/uploads\/2021\/04\/Xaver-212x300.png\" alt=\"\" width=\"313\" height=\"443\" data-srcset=\"https:\/\/physik.nawi.at\/wp-content\/uploads\/2021\/04\/Xaver-212x300.png 212w, https:\/\/physik.nawi.at\/wp-content\/uploads\/2021\/04\/Xaver-724x1024.png 724w, https:\/\/physik.nawi.at\/wp-content\/uploads\/2021\/04\/Xaver-768x1086.png 768w, https:\/\/physik.nawi.at\/wp-content\/uploads\/2021\/04\/Xaver-1086x1536.png 1086w, https:\/\/physik.nawi.at\/wp-content\/uploads\/2021\/04\/Xaver-1448x2048.png 1448w\" data-sizes=\"(max-width: 313px) 100vw, 313px\" src=\"data:image\/gif;base64,R0lGODlhAQABAAAAACH5BAEKAAEALAAAAAABAAEAAAICTAEAOw==\" style=\"--smush-placeholder-width: 313px; --smush-placeholder-aspect-ratio: 313\/443;\" \/><noscript><img loading=\"lazy\" class=\" wp-image-12586 alignright\" src=\"https:\/\/physik.nawi.at\/wp-content\/uploads\/2021\/04\/Xaver-212x300.png\" alt=\"\" width=\"313\" height=\"443\" srcset=\"https:\/\/physik.nawi.at\/wp-content\/uploads\/2021\/04\/Xaver-212x300.png 212w, https:\/\/physik.nawi.at\/wp-content\/uploads\/2021\/04\/Xaver-724x1024.png 724w, https:\/\/physik.nawi.at\/wp-content\/uploads\/2021\/04\/Xaver-768x1086.png 768w, https:\/\/physik.nawi.at\/wp-content\/uploads\/2021\/04\/Xaver-1086x1536.png 1086w, https:\/\/physik.nawi.at\/wp-content\/uploads\/2021\/04\/Xaver-1448x2048.png 1448w\" sizes=\"(max-width: 313px) 100vw, 313px\" \/><\/noscript><\/a><\/p>\n<p><strong>Ich studiere<\/strong>: Physik (Bachelor)<\/p>\n<p><strong>Ich studiere seit<\/strong>: 2017<\/p>\n<p><strong>Ich bin beim Roten Vektor seit<\/strong>: 2019 (ca.)<\/p>\n<p><strong>Mein weirdester Skill<\/strong>: Eine M\u00fcnze \u00fcber meine Finger rollen lassen; Maultrommel oder Nasenfl\u00f6te spielen<\/p>\n<p><strong>Wenn ich eine Formel w\u00e4re<\/strong>:<br \/>\n<span style=\"font-family: serif;\">x = r sin(\u03b8) cos(\u03c6)<\/span><br \/>\n<span style=\"font-family: serif;\">y = r sin(\u03b8) sin(\u03c6)<\/span><br \/>\n<span style=\"font-family: serif;\">z = r cos(\u03b8)<\/span><br \/>\n\u2026 weil Perspektivenwechsel oft hilfreich sind<\/p>\n<p><strong>Lieblingskonstante<\/strong>: <span style=\"font-family: serif;\">6.2831853071795864769252867665590057683943387987502116419498891846&#8230;<\/span><\/p>\n<p><strong>Bester griechischer Buchstabe<\/strong>:<br \/>\n\u201e\u03bb\u201c<br \/>\n-Gordon Freeman (probably)<\/p>\n<p><strong>Meine 2 Stunden Freizeit in der Woche verbringe ich mit<\/strong>: Dungeons &amp; Dragons (planen und spielen), Musik (machen und h\u00f6ren), Essen (kochen und verzehren), Tee trinken<\/p>\n<p><strong>Wenn ich nur mehr ein Wort verwenden d\u00fcrfte, w\u00e4re das<\/strong>: Wambo (ich wambo, du wambo; er, sie, es wambo, wamboen, gewambot werden, gewambot haben, Wamborama, Wambologie, die Lehre des Wambo)<\/p>\n<p><strong>Der beste Tipp f\u00fcr das Physikstudium:<\/strong> Alleine ist die Physik schwer zu bezwingen. Such dir eine Party mit der du die Quests des Studiums bestehen kannst.<\/p>\n<p><strong>Dieses Zitate besch\u00e4ftigen mich t\u00e4glich<\/strong>: \u201ePeople assume that time is a strict progression of cause to effect. But actually from a non-linear, non-subjective viewpoint it\u2019s more like a big ball of wibbly-wobbly timey-wimey\u2026 stuff.\u201c -The Doctor<\/p>\n<p><strong>Lieblingsbuch<\/strong>: Sandman comics, Saga comics, Kaptain Blaub\u00e4r, Lord Dunsany, Mathematik der Physik f\u00fcr Dummies<\/p>\n<p><strong>Liblingsserie:<\/strong> Doctor Who, Ghost In The Shell SAC, Buffy, Star Trek TOS<\/p>\n<p><strong>Lieblingsfilm<\/strong>: Star Wars OT, Ghibli Filme, Only Lovers Left Alive, LOTR<\/p>\n<p><strong>Mein DnD\/WoW Character<\/strong>: Die ganze Welt (ich bin \u00fcblicherweise der Dungeon\/Game Master)<\/p>\n<p><strong>Mein Harry-Potter-Haus<\/strong>: Slytherin<\/p>\n<p><strong>Das m\u00f6chte ich machen, wenn ich in der der StV bin<\/strong>:<br \/>\nWeiterhin m\u00f6chte ich\u2026<\/p>\n<ul>\n<li>Sprachrohr f\u00fcr alle Studis sein<\/li>\n<li>Mich einsetzen f\u00fcr die \u201eGute Lehre\u201c f\u00fcr alle<\/li>\n<li>Sicher gehen, dass ihr nie zu wenig Mate habt<\/li>\n<\/ul>\n<p><strong>Bei diesem RV-Projekten habe ich schon mitgearbeitet<\/strong>: 3 Erstituts, Studienkonferenz<\/p>\n<p>&nbsp;<\/p>\n<h1>Stefan<\/h1>\n<p><strong>Name<\/strong>: Stefan A. Lechner<a href=\"https:\/\/physik.nawi.at\/wp-content\/uploads\/2021\/04\/Stefan.png\"><img loading=\"lazy\" class=\"wp-image-12585 alignright lazyload\" data-src=\"https:\/\/physik.nawi.at\/wp-content\/uploads\/2021\/04\/Stefan-212x300.png\" alt=\"\" width=\"317\" height=\"449\" data-srcset=\"https:\/\/physik.nawi.at\/wp-content\/uploads\/2021\/04\/Stefan-212x300.png 212w, https:\/\/physik.nawi.at\/wp-content\/uploads\/2021\/04\/Stefan-724x1024.png 724w, https:\/\/physik.nawi.at\/wp-content\/uploads\/2021\/04\/Stefan-768x1086.png 768w, https:\/\/physik.nawi.at\/wp-content\/uploads\/2021\/04\/Stefan-1086x1536.png 1086w, https:\/\/physik.nawi.at\/wp-content\/uploads\/2021\/04\/Stefan-1448x2048.png 1448w\" data-sizes=\"(max-width: 317px) 100vw, 317px\" src=\"data:image\/gif;base64,R0lGODlhAQABAAAAACH5BAEKAAEALAAAAAABAAEAAAICTAEAOw==\" style=\"--smush-placeholder-width: 317px; --smush-placeholder-aspect-ratio: 317\/449;\" \/><noscript><img loading=\"lazy\" class=\" wp-image-12585 alignright\" src=\"https:\/\/physik.nawi.at\/wp-content\/uploads\/2021\/04\/Stefan-212x300.png\" alt=\"\" width=\"317\" height=\"449\" srcset=\"https:\/\/physik.nawi.at\/wp-content\/uploads\/2021\/04\/Stefan-212x300.png 212w, https:\/\/physik.nawi.at\/wp-content\/uploads\/2021\/04\/Stefan-724x1024.png 724w, https:\/\/physik.nawi.at\/wp-content\/uploads\/2021\/04\/Stefan-768x1086.png 768w, https:\/\/physik.nawi.at\/wp-content\/uploads\/2021\/04\/Stefan-1086x1536.png 1086w, https:\/\/physik.nawi.at\/wp-content\/uploads\/2021\/04\/Stefan-1448x2048.png 1448w\" sizes=\"(max-width: 317px) 100vw, 317px\" \/><\/noscript><\/a><\/p>\n<p><strong>Ich studiere<\/strong>: Physik und Mathematik Lehramt<\/p>\n<p><strong>Ich studiere seit<\/strong>: 2017<\/p>\n<p><strong>Ich bin beim Roten Vektor seit<\/strong>: RV Physik seit 2020, RV Mathe seit 2018<\/p>\n<p><strong>Mein weirdster Skill<\/strong>: Ich kann mit meinen Pupillen ganz schnell hin und her wackeln.<\/p>\n<p><strong>Wenn ich eine Formel w\u00e4re<\/strong>: Fouriertransformation<\/p>\n<p><strong>Lieblingskonstante<\/strong>: Boltzmannkonstante <span style=\"font-family: serif;\">k<sub>B <\/sub>= 1,380 649 * 10 <sup>-23<\/sup> J\/K<\/span><\/p>\n<p><strong>Bester griechischer Buchstabe<\/strong>: \u03ba, weil Keepo kein Buchstabe ist<\/p>\n<p><strong>Meine 2 Stunden Freizeit in der Woche verwende ich<\/strong>: Sport, Zocken<\/p>\n<p><strong>Wenn ich nicht mehr Physik studieren d\u00fcrfte, w\u00fcrde ich<\/strong>: Mathe weiter studieren<\/p>\n<p><strong>Wenn ich nur mehr ein Wort verwenden d\u00fcrfte, w\u00e4re das<\/strong>: Fuck<\/p>\n<p><strong>Der beste Tipp f\u00fcr das Physikstudium<\/strong>: Club Mate is bae!<\/p>\n<p><strong>Dieses Zitat besch\u00e4ftigt mich t\u00e4glich<\/strong>: Schauma moi, daun seng ma scho.<\/p>\n<p><strong>Lieblingsbuch<\/strong>: B\u00f6se Philosophen<\/p>\n<p><strong>Lieblingsserie<\/strong>: South Park<\/p>\n<p><strong>Lieblingsfilm<\/strong>: Der Teufel tr\u00e4gt Prada<\/p>\n<p><strong>Mein DnD\/WoW Character<\/strong>: Kammer\u00e6ger, Schamane<\/p>\n<p><strong>Mein Harry Potter Haus<\/strong>: Slytherin<\/p>\n<p><strong>Das m\u00f6chte ich machen, wenn ich in der StV bin<\/strong>:<\/p>\n<ul>\n<li>Feste f\u00fcr die Studis organisieren.<\/li>\n<li>Das gemeinsame Zusammenleben an der Uni f\u00f6rdern.<\/li>\n<li>Mich bei Problemen mit dem Lehrpersonal zu \u201estreiten\u201c.<\/li>\n<\/ul>\n<p><strong>Bei diesen RV-Projekten habe ich schon mitgearbeitet<\/strong>:<br \/>\nErstitute, Ein Fest \u2200, Feste an der Mathefakult\u00e4t<\/p>\n<p><a href=\"https:\/\/physik.nawi.at\/wp-content\/uploads\/2021\/04\/grundsatze_2021.png\"><img loading=\"lazy\" class=\"wp-image-12596 alignleft lazyload\" data-src=\"https:\/\/physik.nawi.at\/wp-content\/uploads\/2021\/04\/grundsatze_2021-300x213.png\" alt=\"Grunds\u00e4tze Gruppenfoto \u00d6H Wahlen 2021\" width=\"459\" height=\"326\" data-srcset=\"https:\/\/physik.nawi.at\/wp-content\/uploads\/2021\/04\/grundsatze_2021-300x213.png 300w, https:\/\/physik.nawi.at\/wp-content\/uploads\/2021\/04\/grundsatze_2021-1024x726.png 1024w, https:\/\/physik.nawi.at\/wp-content\/uploads\/2021\/04\/grundsatze_2021-768x544.png 768w, https:\/\/physik.nawi.at\/wp-content\/uploads\/2021\/04\/grundsatze_2021.png 1329w\" data-sizes=\"(max-width: 459px) 100vw, 459px\" src=\"data:image\/gif;base64,R0lGODlhAQABAAAAACH5BAEKAAEALAAAAAABAAEAAAICTAEAOw==\" style=\"--smush-placeholder-width: 459px; --smush-placeholder-aspect-ratio: 459\/326;\" \/><noscript><img loading=\"lazy\" class=\" wp-image-12596 alignleft\" src=\"https:\/\/physik.nawi.at\/wp-content\/uploads\/2021\/04\/grundsatze_2021-300x213.png\" alt=\"Grunds\u00e4tze Gruppenfoto \u00d6H Wahlen 2021\" width=\"459\" height=\"326\" srcset=\"https:\/\/physik.nawi.at\/wp-content\/uploads\/2021\/04\/grundsatze_2021-300x213.png 300w, https:\/\/physik.nawi.at\/wp-content\/uploads\/2021\/04\/grundsatze_2021-1024x726.png 1024w, https:\/\/physik.nawi.at\/wp-content\/uploads\/2021\/04\/grundsatze_2021-768x544.png 768w, https:\/\/physik.nawi.at\/wp-content\/uploads\/2021\/04\/grundsatze_2021.png 1329w\" sizes=\"(max-width: 459px) 100vw, 459px\" \/><\/noscript><\/a><\/p>\n","protected":false},"excerpt":{"rendered":"<p>Wir, Hannah, Patricia, Max, Xaver und Stefan, wollen uns kurz bei euch vorstellen! Hannah Name: Hannah Prochazka Ich studiere: Bachelor Physik und manchmal auch Bachelor Mathematik Ich studiere seit: 3 Jahren inzwischen Ich bin beim Roten Vektor seit: dem ich mal bei einem Plenum dabei war, also seit Herbst Mein weirdster Skill: Selbst wenn ich [&hellip;]<\/p>\n","protected":false},"author":84,"featured_media":0,"parent":12570,"menu_order":1,"comment_status":"closed","ping_status":"closed","template":"","meta":[],"_links":{"self":[{"href":"https:\/\/physik.nawi.at\/index.php\/wp-json\/wp\/v2\/pages\/12574"}],"collection":[{"href":"https:\/\/physik.nawi.at\/index.php\/wp-json\/wp\/v2\/pages"}],"about":[{"href":"https:\/\/physik.nawi.at\/index.php\/wp-json\/wp\/v2\/types\/page"}],"author":[{"embeddable":true,"href":"https:\/\/physik.nawi.at\/index.php\/wp-json\/wp\/v2\/users\/84"}],"replies":[{"embeddable":true,"href":"https:\/\/physik.nawi.at\/index.php\/wp-json\/wp\/v2\/comments?post=12574"}],"version-history":[{"count":0,"href":"https:\/\/physik.nawi.at\/index.php\/wp-json\/wp\/v2\/pages\/12574\/revisions"}],"up":[{"embeddable":true,"href":"https:\/\/physik.nawi.at\/index.php\/wp-json\/wp\/v2\/pages\/12570"}],"wp:attachment":[{"href":"https:\/\/physik.nawi.at\/index.php\/wp-json\/wp\/v2\/media?parent=12574"}],"curies":[{"name":"wp","href":"https:\/\/api.w.org\/{rel}","templated":true}]}}