{"id":12570,"date":"2021-04-29T14:14:49","date_gmt":"2021-04-29T12:14:49","guid":{"rendered":"https:\/\/physik.nawi.at\/?page_id=12570"},"modified":"2023-04-16T19:53:44","modified_gmt":"2023-04-16T17:53:44","slug":"oeh-wahl-2021","status":"publish","type":"page","link":"https:\/\/physik.nawi.at\/index.php\/uni-politik\/die-oh\/oh-wahl\/oeh-wahl-2021\/","title":{"rendered":"\u00d6H Wahl 2021"},"content":{"rendered":"<div class=\"entry-content\">\n<p>Dieses Jahr ist es wieder so weit: <strong>Vom 18. bis 20. Mai 2021<\/strong> werden wieder die Bundes- und Hochschulvertretung der \u00d6H und die Studienvertretungen gew\u00e4hlt. Auch in dieser Wahlperiode stellt der Rote Vektor wieder <strong>f\u00fcnf Personen f\u00fcr die Wahl<\/strong> der Studienvertretung auf. Wer diese Leute sind und was sie f\u00fcr euch, die Studierenden, machen wollen, k\u00f6nnt ihr weiter unten nachlesen.<\/p>\n<p>Da es rund um die \u00d6H-Wahlen immer wieder Fragen durch die Studierenden gibt, hat der Rote Vektor am 04.05.2021 eine <strong>Informationsveranstaltung zu den Wahlen<\/strong> abgehalten, deren Aufzeichnung ihr euch <a href=\"https:\/\/physik.nawi.at\/index.php\/aufzeichnung-der-informationsveranstaltung-zur-oh-wahl-2021-durch-den-roten-vektor\/\">hier <\/a>ansehen k\u00f6nnt.<\/p>\n<p>Falls ihr immer noch Fragen zu den Wahlen habt, k\u00f6nnt ihr uns gerne jederzeit eine <a href=\"https:\/\/physik.nawi.at\/index.php\/kontakt\/\">E-Mail schreiben<\/a>. Alle Infos inklusive wichtigen Terminen findet ihr auf der <a href=\"https:\/\/wahl2021.oeh.ac.at\/\">Website der \u00d6H-Wahlen,\u00a0<\/a> wo auch ihr <a href=\"https:\/\/wahl2021.oeh.ac.at\/wahllokal-finder\">Wahllokalfinder<\/a> zu finden ist.<\/p>\n<\/div>\n<p>[wpb_childpages]<\/p>\n","protected":false},"excerpt":{"rendered":"<p>Dieses Jahr ist es wieder so weit: Vom 18. bis 20. Mai 2021 werden wieder die Bundes- und Hochschulvertretung der \u00d6H und die Studienvertretungen gew\u00e4hlt. Auch in dieser Wahlperiode stellt der Rote Vektor wieder f\u00fcnf Personen f\u00fcr die Wahl der Studienvertretung auf. Wer diese Leute sind und was sie f\u00fcr euch, die Studierenden, machen wollen, [&hellip;]<\/p>\n","protected":false},"author":84,"featured_media":0,"parent":523,"menu_order":3,"comment_status":"closed","ping_status":"closed","template":"","meta":[],"_links":{"self":[{"href":"https:\/\/physik.nawi.at\/index.php\/wp-json\/wp\/v2\/pages\/12570"}],"collection":[{"href":"https:\/\/physik.nawi.at\/index.php\/wp-json\/wp\/v2\/pages"}],"about":[{"href":"https:\/\/physik.nawi.at\/index.php\/wp-json\/wp\/v2\/types\/page"}],"author":[{"embeddable":true,"href":"https:\/\/physik.nawi.at\/index.php\/wp-json\/wp\/v2\/users\/84"}],"replies":[{"embeddable":true,"href":"https:\/\/physik.nawi.at\/index.php\/wp-json\/wp\/v2\/comments?post=12570"}],"version-history":[{"count":0,"href":"https:\/\/physik.nawi.at\/index.php\/wp-json\/wp\/v2\/pages\/12570\/revisions"}],"up":[{"embeddable":true,"href":"https:\/\/physik.nawi.at\/index.php\/wp-json\/wp\/v2\/pages\/523"}],"wp:attachment":[{"href":"https:\/\/physik.nawi.at\/index.php\/wp-json\/wp\/v2\/media?parent=12570"}],"curies":[{"name":"wp","href":"https:\/\/api.w.org\/{rel}","templated":true}]}}