{"id":11916,"date":"2020-09-29T17:19:47","date_gmt":"2020-09-29T15:19:47","guid":{"rendered":"https:\/\/physik.nawi.at\/?page_id=11916"},"modified":"2023-08-28T17:00:57","modified_gmt":"2023-08-28T15:00:57","slug":"ersti-tutorien-2020","status":"publish","type":"page","link":"https:\/\/physik.nawi.at\/index.php\/informationen\/vor-dem-studium\/erstitut\/fruhere-tutorien\/ersti-tutorien-2020\/","title":{"rendered":"Ersti-Tutorien 2020"},"content":{"rendered":"\r\n<p>Da dieses Semester durch Corona vor allem die digitale Welt sehr wichtig, haben wir uns daf\u00fcr entschieden,\u00a0 Discord zu verwenden, um die Erstituts\u00a0 \u00a0organisieren. Weiter unten stellen sich die Erstituts vor \ud83d\ude42<\/p>\r\n<p><strong>Was ist Discord und warum verwendet ihr gerade das f\u00fcr die Erstituts? <\/strong><br \/>Discord ist ein Onlinedienst mit Chat- und Sprachchannels, der urspr\u00fcnglich f\u00fcr Computerspieler*innen geschaffen wurde. Das Programm ist aber gerade auch in Zeiten des social distancing gut als eine Plattform f\u00fcr andere Zwecke wie f\u00fcr Meetings, zum Lernen, oder einfach um mit Freunden zu reden, geeignet. <br \/>Es ist ziemlich benutzerfreundlich gestaltet und intuitiv zu bedienen. <br \/>Wir haben uns dazu entschieden, Discord-Server f\u00fcr die Erstituts einzurichten, um flexibel auf die Anforderungen des kommenden Semesters mit COVID-19 reagieren zu k\u00f6nnen und euch &#8211; auch wenn der Universit\u00e4tsbetrieb auf online umgeschalten wird &#8211; optimal in eurem Studienbeginn begleiten zu k\u00f6nnen. <br \/><br \/><strong>Okay, und wo krieg ich das jetzt her? <br \/><\/strong>Discord kann direkt in einem Browser verwendet werden, dazu wird nur ein Benutzername und das Geburtsdatum ben\u00f6tigt. Alternativ dazu kann man die App f\u00fcr Android, Windows, iOS oder Linux downloaden. Um die App verwenden zu k\u00f6nnen, muss man sich registrieren. <br \/><br \/>Hier der Link f\u00fcr die Website: <a href=\"https:\/\/discord.com\/\" target=\"_blank\" rel=\"noopener noreferrer\">https:\/\/discord.com\/<\/a><br \/><br \/>Und hier der Link f\u00fcr unseren Erstitut-Server: <a href=\"https:\/\/discord.gg\/F2nB6tX\" target=\"_blank\" rel=\"noopener noreferrer\">https:\/\/discord.gg\/F2nB6tX<\/a><br \/>Wir sehen uns dann dort! \ud83d\ude42<br \/><br \/><strong>Eine Mailingliste haben wir auch noch!<\/strong><br \/>Du kannst dich auch in unsere Mailingliste eintragen, damit du zus\u00e4tzlich noch alle Informationen zu den w\u00f6chentlich stattfindenden Tutorien erh\u00e4lst:<br \/><a href=\"https:\/\/survey.nawi.at\/index.php?r=survey\/index&amp;sid=865922&amp;lang=de-informal&amp;encode=\">https:\/\/survey.nawi.at\/<\/a><br \/><br \/><\/p>\r\n\r\n\r\n\r\n<figure class=\"wp-block-table aligncenter\">\r\n<table style=\"height: 362px;\" width=\"543\">\r\n<tbody>\r\n<tr>\r\n<td><strong>Montag<\/strong><\/td>\r\n<td><strong>Dienstag<\/strong><\/td>\r\n<td><strong>Mittwoch<\/strong><\/td>\r\n<td><strong>Donnerstag<\/strong><\/td>\r\n<\/tr>\r\n<tr>\r\n<td>19:00 Uhr<br \/>Das ERSTE Tut<\/td>\r\n<td>18:00 Uhr<br \/>Endstationen<br \/>Erstitut<\/td>\r\n<td>17:00 Uhr<br \/>Fresstitut<\/td>\r\n<td>18:00 Uhr<br \/>Hypa Hypa Bolicus<\/td>\r\n<\/tr>\r\n<tr>\r\n<td>\u00a0<\/td>\r\n<td>\r\n<p>18:00 Uhr<br \/>Astrosocken<\/p>\r\n<\/td>\r\n<td>19:00 Uhr<br \/>Minestitut<\/td>\r\n<td>18:30 Uhr<br \/>Antonia Polster<br \/>und die Schlafs\u00e4cke<\/td>\r\n<\/tr>\r\n<tr>\r\n<td>\u00a0<\/td>\r\n<td>\u00a0<\/td>\r\n<td>\r\n<p>19:00 Uhr<br \/>Das ERSTE Tut<\/p>\r\n<\/td>\r\n<td>19:00 Uhr<br \/>Das Tut gut<\/td>\r\n<\/tr>\r\n<tr>\r\n<td>\u00a0<\/td>\r\n<td>\u00a0<\/td>\r\n<td>\u00a0<\/td>\r\n<td>\u00a0<\/td>\r\n<\/tr>\r\n<\/tbody>\r\n<\/table>\r\n<figcaption>Wochenplan der Ersti &#8211; Tutorien<\/figcaption>\r\n<\/figure>\r\n\r\n\r\n\r\n<h1 style=\"font-size: 30px;\">Montag<\/h1>\r\n\r\n\r\n\r\n<h3>Das ERSTE Tut<\/h3>\r\n<p style=\"font-size: 20px;\"><strong>Mo., 19:00<\/strong><\/p>\r\n<p>Wir sind das am besten recherchierte Erstitut. Das ERSTE unter den Tuts. Denn wir sind nicht nur einmalig, man kann uns gleich zweimal pro Woche besuchen. Jeden Montag und Mittwoch ab 19:00 erwartet euch Spiel und Spa\u00df bei uns. Etwaige Aktivit\u00e4ten sind: Spieleabende, Wien erkunden, Laborf\u00fchrungen, eine Schnitzeljagd oder auch Pubquizzes. Dabei besteht immer die wundervolle M\u00f6glichkeit eines Crossovers mit anderen Erstituts von der Mathe- oder auch der Chemiefakult\u00e4t. Au\u00dferdem lassen wir uns<br \/>auch nicht von m\u00f6glichen Beschr\u00e4nkungen durch Pandemien aufhalten. Das ERSTE sendet auch w\u00e4hrend eines Lockdowns zu den \u00fcblichen Zeiten. Dann findet man uns auf dem allgemeine Erstitut-Discordserver. Also schaltet auch beim n\u00e4chsten mal wieder ein, f\u00fcr das ERSTE. Als n\u00e4chstes im Programm: der gro\u00dfe Galileo Wasserrutschentest.<\/p>\r\n<p>Hier geht&#8217;s zum <a href=\"https:\/\/physik.nawi.at\/wp-content\/uploads\/2020\/09\/Das-ErsteTut_Datenrate_verringert.mp4\">Video<\/a>.<\/p>\r\n<p><a href=\"https:\/\/physik.nawi.at\/wp-content\/uploads\/2020\/09\/thumbnail_Gruppenfoto-Das-ERSTE-Tut.jpg\"><img loading=\"lazy\" class=\"alignnone  wp-image-11980 lazyload\" data-src=\"https:\/\/physik.nawi.at\/wp-content\/uploads\/2020\/09\/thumbnail_Gruppenfoto-Das-ERSTE-Tut-300x200.jpg\" alt=\"\" width=\"455\" height=\"303\" data-srcset=\"https:\/\/physik.nawi.at\/wp-content\/uploads\/2020\/09\/thumbnail_Gruppenfoto-Das-ERSTE-Tut-300x200.jpg 300w, https:\/\/physik.nawi.at\/wp-content\/uploads\/2020\/09\/thumbnail_Gruppenfoto-Das-ERSTE-Tut-1024x682.jpg 1024w, https:\/\/physik.nawi.at\/wp-content\/uploads\/2020\/09\/thumbnail_Gruppenfoto-Das-ERSTE-Tut-768x512.jpg 768w, https:\/\/physik.nawi.at\/wp-content\/uploads\/2020\/09\/thumbnail_Gruppenfoto-Das-ERSTE-Tut.jpg 1280w\" data-sizes=\"(max-width: 455px) 100vw, 455px\" src=\"data:image\/gif;base64,R0lGODlhAQABAAAAACH5BAEKAAEALAAAAAABAAEAAAICTAEAOw==\" style=\"--smush-placeholder-width: 455px; --smush-placeholder-aspect-ratio: 455\/303;\" \/><noscript><img loading=\"lazy\" class=\"alignnone  wp-image-11980\" src=\"https:\/\/physik.nawi.at\/wp-content\/uploads\/2020\/09\/thumbnail_Gruppenfoto-Das-ERSTE-Tut-300x200.jpg\" alt=\"\" width=\"455\" height=\"303\" srcset=\"https:\/\/physik.nawi.at\/wp-content\/uploads\/2020\/09\/thumbnail_Gruppenfoto-Das-ERSTE-Tut-300x200.jpg 300w, https:\/\/physik.nawi.at\/wp-content\/uploads\/2020\/09\/thumbnail_Gruppenfoto-Das-ERSTE-Tut-1024x682.jpg 1024w, https:\/\/physik.nawi.at\/wp-content\/uploads\/2020\/09\/thumbnail_Gruppenfoto-Das-ERSTE-Tut-768x512.jpg 768w, https:\/\/physik.nawi.at\/wp-content\/uploads\/2020\/09\/thumbnail_Gruppenfoto-Das-ERSTE-Tut.jpg 1280w\" sizes=\"(max-width: 455px) 100vw, 455px\" \/><\/noscript><\/a><\/p>\r\n\r\n\r\n\r\n<h1 style=\"font-size: 30px;\"><strong>Dienstag<\/strong><\/h1>\r\n\r\n\r\n\r\n<div class=\"wp-block-group\">\r\n<div class=\"wp-block-group__inner-container\">\r\n<h3>Endstationen Erstitut<\/h3>\r\n<p style=\"font-size: 20px;\"><strong>Di., 18:00<\/strong><\/p>\r\n<p>Mit uns f\u00e4hrst du zwar an das Ende der Stadt, aber das ist sicher nicht das Ende deines Studiums!<br \/>Jede Woche erkunden wir gemeinsam das Gr\u00e4tzel rund um verschiedene U-Bahn, Bus, Bim und S-Bahn Endstationen. Dabei besuchen wir lokale Highlights, lernen lustige Fun Facts, spielen spa\u00dfige Spiele, kriegen bemerkenswerte Bimpressionen mit und erkunden die lebenswerte Stadt namens Wien.<br \/>Nebenbei begleiten wir, konsonantische KT (Lehramt), leiwander Ludwig (Physik &amp; Meteorologie) und magischer Maxl (Bachelor), dich durch das Studium und stehen mit Rat und Tat zur Seite.<\/p>\r\n<p>PS: Ein Semesterticket ist von Vorteil<br \/>PPS: Zur Vorbereitung <a href=\"https:\/\/youtu.be\/j7C_7AytaWk\">hier ein Link<\/a><\/p>\r\n<p>Hier geht&#8217;s zum <a href=\"https:\/\/physik.nawi.at\/wp-content\/uploads\/2020\/09\/Endstation.mp4\">Video<\/a>.<\/p>\r\n<p><a href=\"https:\/\/physik.nawi.at\/wp-content\/uploads\/2020\/09\/DSCF6714-scaled.jpg\"><img loading=\"lazy\" class=\"alignnone  wp-image-11951 lazyload\" data-src=\"https:\/\/physik.nawi.at\/wp-content\/uploads\/2020\/09\/DSCF6714-300x200.jpg\" alt=\"\" width=\"451\" height=\"300\" data-srcset=\"https:\/\/physik.nawi.at\/wp-content\/uploads\/2020\/09\/DSCF6714-300x200.jpg 300w, https:\/\/physik.nawi.at\/wp-content\/uploads\/2020\/09\/DSCF6714-1024x684.jpg 1024w, https:\/\/physik.nawi.at\/wp-content\/uploads\/2020\/09\/DSCF6714-768x513.jpg 768w, https:\/\/physik.nawi.at\/wp-content\/uploads\/2020\/09\/DSCF6714-1536x1026.jpg 1536w, https:\/\/physik.nawi.at\/wp-content\/uploads\/2020\/09\/DSCF6714-2048x1368.jpg 2048w\" data-sizes=\"(max-width: 451px) 100vw, 451px\" src=\"data:image\/gif;base64,R0lGODlhAQABAAAAACH5BAEKAAEALAAAAAABAAEAAAICTAEAOw==\" style=\"--smush-placeholder-width: 451px; --smush-placeholder-aspect-ratio: 451\/300;\" \/><noscript><img loading=\"lazy\" class=\"alignnone  wp-image-11951\" src=\"https:\/\/physik.nawi.at\/wp-content\/uploads\/2020\/09\/DSCF6714-300x200.jpg\" alt=\"\" width=\"451\" height=\"300\" srcset=\"https:\/\/physik.nawi.at\/wp-content\/uploads\/2020\/09\/DSCF6714-300x200.jpg 300w, https:\/\/physik.nawi.at\/wp-content\/uploads\/2020\/09\/DSCF6714-1024x684.jpg 1024w, https:\/\/physik.nawi.at\/wp-content\/uploads\/2020\/09\/DSCF6714-768x513.jpg 768w, https:\/\/physik.nawi.at\/wp-content\/uploads\/2020\/09\/DSCF6714-1536x1026.jpg 1536w, https:\/\/physik.nawi.at\/wp-content\/uploads\/2020\/09\/DSCF6714-2048x1368.jpg 2048w\" sizes=\"(max-width: 451px) 100vw, 451px\" \/><\/noscript><\/a><\/p>\r\n<\/div>\r\n<\/div>\r\n\r\n\r\n\r\n<h3>Astrosocken<\/h3>\r\n<p style=\"font-size: 20px;\"><strong>Di., 18:00<\/strong><\/p>\r\n<p>A Moment of Science, please!<br \/>Bunte Socken sind zwar nicht obligatorisch f\u00fcr ein gutes Studium, helfen aber, finden wir. Au\u00dferdem klingt \u201eSocken\u201c \u00e4hnlich wie \u201ezocken\u201c, und da sind wir schon beim wichtigsten Punkt f\u00fcr ein erfolgreiches Studium: Gleichgewicht zwischen Uni und Freizeit.<br class=\"\" \/>Wir m\u00f6chten euch dabei unterst\u00fctzen herauszufinden, wie ihr euer Studentenleben (gerade auch in Corona-Zeiten) gestalten k\u00f6nnt damit ihr alles bestm\u00f6glichst unter einen Hut kriegt \ud83d\ude42<br class=\"\" \/>Neben Unternehmungen, um die Stadt und die Umgebung um die Institute kennenzulernen, wollen wir gerne unser Wissen um preiswerte Aktivit\u00e4ten in Wien und die besten studentenfreundlichen Caf\u00e9s (Stichwort: Fr\u00fchst\u00fcckskarte bis Abends) mit euch teilen.<br class=\"\" \/>Wenn es die Regeln zur Corona-Pr\u00e4vention oder das Wetter nicht zulassen, werden wir uns online auf dem Erstitut Discord-Server treffen, um zu quatschen, Fragen zu beantworten oder zu spielen (zum Beispiel Among Us,\u00a0<a id=\"LPlnk351756\" class=\"\" href=\"http:\/\/skribbl.io\/\" target=\"_blank\" rel=\"noopener noreferrer\" data-auth=\"NotApplicable\">skribbl.io<\/a>, Minecraft oder was euch sonst noch Spa\u00df macht)<br class=\"\" \/><br class=\"\" \/>Wir freuen uns auf euch \ud83d\ude42<br class=\"\" \/>Olli, Marie-Christine, Anton<\/p>\r\n<p>Hier geht&#8217;s zum <a href=\"https:\/\/physik.nawi.at\/wp-content\/uploads\/2020\/09\/Astrosocken_Datenrate_verringert.mp4\">Video<\/a>.<\/p>\r\n<p><a href=\"https:\/\/physik.nawi.at\/wp-content\/uploads\/2020\/09\/Astrosocken.jpg\"><img loading=\"lazy\" class=\"alignnone  wp-image-11979 lazyload\" data-src=\"https:\/\/physik.nawi.at\/wp-content\/uploads\/2020\/09\/Astrosocken-300x200.jpg\" alt=\"\" width=\"432\" height=\"288\" data-srcset=\"https:\/\/physik.nawi.at\/wp-content\/uploads\/2020\/09\/Astrosocken-300x200.jpg 300w, https:\/\/physik.nawi.at\/wp-content\/uploads\/2020\/09\/Astrosocken-1024x683.jpg 1024w, https:\/\/physik.nawi.at\/wp-content\/uploads\/2020\/09\/Astrosocken-768x512.jpg 768w, https:\/\/physik.nawi.at\/wp-content\/uploads\/2020\/09\/Astrosocken.jpg 1280w\" data-sizes=\"(max-width: 432px) 100vw, 432px\" src=\"data:image\/gif;base64,R0lGODlhAQABAAAAACH5BAEKAAEALAAAAAABAAEAAAICTAEAOw==\" style=\"--smush-placeholder-width: 432px; --smush-placeholder-aspect-ratio: 432\/288;\" \/><noscript><img loading=\"lazy\" class=\"alignnone  wp-image-11979\" src=\"https:\/\/physik.nawi.at\/wp-content\/uploads\/2020\/09\/Astrosocken-300x200.jpg\" alt=\"\" width=\"432\" height=\"288\" srcset=\"https:\/\/physik.nawi.at\/wp-content\/uploads\/2020\/09\/Astrosocken-300x200.jpg 300w, https:\/\/physik.nawi.at\/wp-content\/uploads\/2020\/09\/Astrosocken-1024x683.jpg 1024w, https:\/\/physik.nawi.at\/wp-content\/uploads\/2020\/09\/Astrosocken-768x512.jpg 768w, https:\/\/physik.nawi.at\/wp-content\/uploads\/2020\/09\/Astrosocken.jpg 1280w\" sizes=\"(max-width: 432px) 100vw, 432px\" \/><\/noscript><\/a><\/p>\r\n<h1 style=\"font-size: 30px;\"><strong>Mittwoch<\/strong><\/h1>\r\n\r\n\r\n\r\n<h3>Fresstitut<\/h3>\r\n<p style=\"font-size: 20px;\"><strong>Mi., 17:00<\/strong><\/p>\r\n<p>Wer fressen will muss kochen und genau das haben wir mit euch vor. Wir zaubern euch in unserer Haubenk\u00fcche im Studicenter herzhafte Kost f\u00fcr jedermann. Bei entspannender musikalischer Untermalung wird in rustikalem Ambiente gemeinsam diniert. Und nat\u00fcrlich wird nach dem Futtern gemeinsam gechillt und verschiedenes rund um die Uni unternommen. Also wenn ihr g\u00fcnstiges Essen und gute Gesellschaft wollt, freuen wir uns auf euch. In diesem Sinne:<br \/>Im Namen des Topfes, des Sch\u00f6pfers und des heiligen Nudelwassers<br \/>Ramen<\/p>\r\n<p>Hier das Video<\/p>\r\n<!--[if lt IE 9]><script>document.createElement('video');<\/script><![endif]-->\n\t<div class=\"wp-playlist wp-video-playlist wp-playlist-light\">\n\t\t<video controls=\"controls\" preload=\"none\" width=\"628\"\n\t\t height=\"353\"\t><\/video>\n\t<div class=\"wp-playlist-next\"><\/div>\n\t<div class=\"wp-playlist-prev\"><\/div>\n\t<noscript>\n\t<ol>\n\t\t<li><a href='https:\/\/physik.nawi.at\/wp-content\/uploads\/2020\/09\/Fresstitut_Datenrate_verringert.mp4'>Fresstitut_(klein)<\/a><\/li>\t<\/ol>\n\t<\/noscript>\n\t<script type=\"application\/json\" class=\"wp-playlist-script\">{\"type\":\"video\",\"tracklist\":true,\"tracknumbers\":true,\"images\":true,\"artists\":true,\"tracks\":[{\"src\":\"https:\\\/\\\/physik.nawi.at\\\/wp-content\\\/uploads\\\/2020\\\/09\\\/Fresstitut_Datenrate_verringert.mp4\",\"type\":\"video\\\/mp4\",\"title\":\"Fresstitut_(klein)\",\"caption\":\"\",\"description\":\"\",\"meta\":{\"length_formatted\":\"1:33\"},\"dimensions\":{\"original\":{\"width\":1920,\"height\":1080},\"resized\":{\"width\":628,\"height\":353}},\"image\":{\"src\":\"https:\\\/\\\/physik.nawi.at\\\/wp-includes\\\/images\\\/media\\\/video.png\",\"width\":48,\"height\":64},\"thumb\":{\"src\":\"https:\\\/\\\/physik.nawi.at\\\/wp-includes\\\/images\\\/media\\\/video.png\",\"width\":48,\"height\":64}}]}<\/script>\n<\/div>\n\t\r\n<p>&nbsp;<\/p>\r\n<h3>Minestitut<\/h3>\r\n<p style=\"font-size: 20px;\"><strong>Mi., 19:00<\/strong><\/p>\r\n<p class=\"p1\">Willst du deinen inneren Nerd ausleben? Willst du Spieleabende, Wien erkunden, coole Leute kennenlernen und Minecraft spielen? Dann bist du bei uns im Minestitut genau richtig!<\/p>\r\n<p class=\"p1\">Jeden Mittwoch ab 19:00 gibt es bei uns Programm, mit dem wir eure Abende vers\u00fc\u00dfen und euch euren Semesterstart erleichtern wollen. Wenn es die Situation zul\u00e4sst gerne face-to-face mit Sachen wie Brett- und Kartenspielen, einer Schnitzeljagd, Lasertag, Smash-Turnieren und \u00e4hnlichem.<br \/>Aber auch online haben wir einiges vor:<br \/>Vom Minestituts-eigenen Minecraft Server \u00fcber D&amp;D via roll20 bis zu Magic Arena und noch vielen anderen lustigen Spielen.<br \/>Egal, ob ihr schon Erfahrung habt oder noch totale Neulinge seid, ihr seid bei uns alle herzlich Willkommen!<\/p>\r\n<p class=\"p1\">It\u2019s dangerous to go alone and never dig straight down!<br \/>Hannah, Marlene, Svenja und Xaver<\/p>\r\n<p>Hier geht&#8217;s zum <a href=\"https:\/\/physik.nawi.at\/wp-content\/uploads\/2020\/09\/Minsitut.mp4\">Video<\/a>.<\/p>\r\n<p><a href=\"https:\/\/physik.nawi.at\/wp-content\/uploads\/2020\/09\/minestitut.jpg\"><img loading=\"lazy\" class=\"alignnone  wp-image-11978 lazyload\" data-src=\"https:\/\/physik.nawi.at\/wp-content\/uploads\/2020\/09\/minestitut-300x146.jpg\" alt=\"\" width=\"448\" height=\"218\" data-srcset=\"https:\/\/physik.nawi.at\/wp-content\/uploads\/2020\/09\/minestitut-300x146.jpg 300w, https:\/\/physik.nawi.at\/wp-content\/uploads\/2020\/09\/minestitut-1024x498.jpg 1024w, https:\/\/physik.nawi.at\/wp-content\/uploads\/2020\/09\/minestitut-768x374.jpg 768w, https:\/\/physik.nawi.at\/wp-content\/uploads\/2020\/09\/minestitut.jpg 1280w\" data-sizes=\"(max-width: 448px) 100vw, 448px\" src=\"data:image\/gif;base64,R0lGODlhAQABAAAAACH5BAEKAAEALAAAAAABAAEAAAICTAEAOw==\" style=\"--smush-placeholder-width: 448px; --smush-placeholder-aspect-ratio: 448\/218;\" \/><noscript><img loading=\"lazy\" class=\"alignnone  wp-image-11978\" src=\"https:\/\/physik.nawi.at\/wp-content\/uploads\/2020\/09\/minestitut-300x146.jpg\" alt=\"\" width=\"448\" height=\"218\" srcset=\"https:\/\/physik.nawi.at\/wp-content\/uploads\/2020\/09\/minestitut-300x146.jpg 300w, https:\/\/physik.nawi.at\/wp-content\/uploads\/2020\/09\/minestitut-1024x498.jpg 1024w, https:\/\/physik.nawi.at\/wp-content\/uploads\/2020\/09\/minestitut-768x374.jpg 768w, https:\/\/physik.nawi.at\/wp-content\/uploads\/2020\/09\/minestitut.jpg 1280w\" sizes=\"(max-width: 448px) 100vw, 448px\" \/><\/noscript><\/a><\/p>\r\n<h3>Das ERSTE Tut<\/h3>\r\n<p style=\"font-size: 20px;\"><strong>Mi., 19:00<\/strong><\/p>\r\n<p>siehe Montag<\/p>\r\n\r\n\r\n\r\n<h1 style=\"font-size: 30px;\"><strong>Donnerstag<\/strong><\/h1>\r\n<h3>Hypa Hypa Bolicus<\/h3>\r\n<p style=\"font-size: 20px;\"><strong>Do., 18:00<\/strong><\/p>\r\n<p>Hey ho &amp; hallo! <br \/>Wir sind hypa hypa bolicus, 4 hocherfahrene Tutoren namens Matze, Tom, Sophie &amp; Andrea, die euch den Einstieg ins Physik\/Astro\/Meteo-Studium erleichtern m\u00f6chten. Wir werden Essen kochen, Getr\u00e4nke trinken, Spiele spielen sowie die Uni erforschen, aber auch verlassen. Jeden Donnerstag um 18:00 k\u00f6nnts ihr dabei sein, also lassts uns nicht allein sein!<\/p>\r\n<p>Hier geht&#8217;s zum <a href=\"https:\/\/physik.nawi.at\/wp-content\/uploads\/2020\/09\/HypaHypaBolicus.mp4\">Video<\/a>.<\/p>\r\n<p><a href=\"https:\/\/physik.nawi.at\/wp-content\/uploads\/2020\/09\/HypaHypaBild-1.jpg\"><img loading=\"lazy\" class=\"alignnone  wp-image-11963 lazyload\" data-src=\"https:\/\/physik.nawi.at\/wp-content\/uploads\/2020\/09\/HypaHypaBild-1-1024x767.jpg\" alt=\"\" width=\"435\" height=\"326\" data-srcset=\"https:\/\/physik.nawi.at\/wp-content\/uploads\/2020\/09\/HypaHypaBild-1-1024x767.jpg 1024w, https:\/\/physik.nawi.at\/wp-content\/uploads\/2020\/09\/HypaHypaBild-1-300x225.jpg 300w, https:\/\/physik.nawi.at\/wp-content\/uploads\/2020\/09\/HypaHypaBild-1-768x575.jpg 768w, https:\/\/physik.nawi.at\/wp-content\/uploads\/2020\/09\/HypaHypaBild-1.jpg 1274w\" data-sizes=\"(max-width: 435px) 100vw, 435px\" src=\"data:image\/gif;base64,R0lGODlhAQABAAAAACH5BAEKAAEALAAAAAABAAEAAAICTAEAOw==\" style=\"--smush-placeholder-width: 435px; --smush-placeholder-aspect-ratio: 435\/326;\" \/><noscript><img loading=\"lazy\" class=\"alignnone  wp-image-11963\" src=\"https:\/\/physik.nawi.at\/wp-content\/uploads\/2020\/09\/HypaHypaBild-1-1024x767.jpg\" alt=\"\" width=\"435\" height=\"326\" srcset=\"https:\/\/physik.nawi.at\/wp-content\/uploads\/2020\/09\/HypaHypaBild-1-1024x767.jpg 1024w, https:\/\/physik.nawi.at\/wp-content\/uploads\/2020\/09\/HypaHypaBild-1-300x225.jpg 300w, https:\/\/physik.nawi.at\/wp-content\/uploads\/2020\/09\/HypaHypaBild-1-768x575.jpg 768w, https:\/\/physik.nawi.at\/wp-content\/uploads\/2020\/09\/HypaHypaBild-1.jpg 1274w\" sizes=\"(max-width: 435px) 100vw, 435px\" \/><\/noscript><\/a><\/p>\r\n\r\n\r\n\r\n<h3>Antonia Polster und die Schlafs\u00e4cke<\/h3>\r\n<p style=\"font-size: 20px;\"><strong>Do., 18:00<\/strong><\/p>\r\n<p>F steht f\u00fcr Freunde, die was unternehmen. U steht f\u00fcr uns &#8211; dich und mich. C steht f\u00fcr Corona &#8211; FucK.<\/p>\r\n<p>Wir sind Antonia Polster (keine Relation zu Toni Polster) und die Schlafs\u00e4cke und freuen uns auf ein unternehmungsreiches Erstitut, ob wir nun von Maske zu Maske kommunizieren m\u00fcssen oder Bildschirm zu Bildschirm.<br \/>Zum Fu\u00dfball spielen wird es eh auch langsam zu kalt, deshalb gehen wir lieber Bouldern, Billiard spielen oder verbringen die Abende an anderen beheizten Ecken Wiens. Von Schnitzeljagden durch die Stadt bis hin zu Online-Kochabenden haben wir Einiges geplant und freuen uns auch auf eure Vorschl\u00e4ge!<\/p>\r\n<p>Lasst euch nicht stressen und werdet zum Faultier mit:<br \/>Florian, Luci, Theo und Chrissi<\/p>\r\n<p>Hier geht&#8217;s zum <a href=\"https:\/\/physik.nawi.at\/wp-content\/uploads\/2020\/10\/Chillstitut_V3.mp4\">Video<\/a>.<\/p>\r\n<p><a href=\"https:\/\/physik.nawi.at\/wp-content\/uploads\/2020\/09\/AntoniaPolster.jpg\"><img loading=\"lazy\" class=\"alignnone  wp-image-11986 lazyload\" data-src=\"https:\/\/physik.nawi.at\/wp-content\/uploads\/2020\/09\/AntoniaPolster-300x212.jpg\" alt=\"\" width=\"430\" height=\"304\" data-srcset=\"https:\/\/physik.nawi.at\/wp-content\/uploads\/2020\/09\/AntoniaPolster-300x212.jpg 300w, https:\/\/physik.nawi.at\/wp-content\/uploads\/2020\/09\/AntoniaPolster-1024x724.jpg 1024w, https:\/\/physik.nawi.at\/wp-content\/uploads\/2020\/09\/AntoniaPolster-768x543.jpg 768w, https:\/\/physik.nawi.at\/wp-content\/uploads\/2020\/09\/AntoniaPolster.jpg 1200w\" data-sizes=\"(max-width: 430px) 100vw, 430px\" src=\"data:image\/gif;base64,R0lGODlhAQABAAAAACH5BAEKAAEALAAAAAABAAEAAAICTAEAOw==\" style=\"--smush-placeholder-width: 430px; --smush-placeholder-aspect-ratio: 430\/304;\" \/><noscript><img loading=\"lazy\" class=\"alignnone  wp-image-11986\" src=\"https:\/\/physik.nawi.at\/wp-content\/uploads\/2020\/09\/AntoniaPolster-300x212.jpg\" alt=\"\" width=\"430\" height=\"304\" srcset=\"https:\/\/physik.nawi.at\/wp-content\/uploads\/2020\/09\/AntoniaPolster-300x212.jpg 300w, https:\/\/physik.nawi.at\/wp-content\/uploads\/2020\/09\/AntoniaPolster-1024x724.jpg 1024w, https:\/\/physik.nawi.at\/wp-content\/uploads\/2020\/09\/AntoniaPolster-768x543.jpg 768w, https:\/\/physik.nawi.at\/wp-content\/uploads\/2020\/09\/AntoniaPolster.jpg 1200w\" sizes=\"(max-width: 430px) 100vw, 430px\" \/><\/noscript><\/a><\/p>\r\n<h3>Das TUT gut<\/h3>\r\n<p style=\"font-size: 20px;\"><strong>Do., 19:00<\/strong><\/p>\r\n<p>Willst du was Gutes f\u00fcr dich tun? Neue Leute kennenlernen?\u00a0 Vom Unistress entspannen und gem\u00fctliche Abende verbringen?<br \/>Du tr\u00e4umst von Schnitzeljagden &#8220;Wiener Art&#8221;, Gl\u00fchwein in kalten N\u00e4chten und Online Spielen gegen die Lockdown-Depression?<br \/>Dann komm zu uns! In das Erstitut, das gut tut!<br \/>Weil allein saufen asozial ist.<br \/>Eure guten Tutoren<br \/>Die fr\u00f6hliche Franci<br \/>Der ruhmreiche Richard<br \/>Der super Simon<br \/>Die peppige Patricia<\/p>\r\n<p>Hier geht&#8217;s zum <a href=\"https:\/\/physik.nawi.at\/wp-content\/uploads\/2020\/09\/Das-TUT-gut_Datenrate_verringert.mp4\">Video<\/a>.<\/p>\r\n<p><a href=\"https:\/\/physik.nawi.at\/wp-content\/uploads\/2020\/09\/thumbnail_gruppenfoto_querformat.jpg\"><img loading=\"lazy\" class=\"alignnone  wp-image-11977 lazyload\" data-src=\"https:\/\/physik.nawi.at\/wp-content\/uploads\/2020\/09\/thumbnail_gruppenfoto_querformat-300x225.jpg\" alt=\"\" width=\"424\" height=\"318\" data-srcset=\"https:\/\/physik.nawi.at\/wp-content\/uploads\/2020\/09\/thumbnail_gruppenfoto_querformat-300x225.jpg 300w, https:\/\/physik.nawi.at\/wp-content\/uploads\/2020\/09\/thumbnail_gruppenfoto_querformat-1024x768.jpg 1024w, https:\/\/physik.nawi.at\/wp-content\/uploads\/2020\/09\/thumbnail_gruppenfoto_querformat-768x576.jpg 768w, https:\/\/physik.nawi.at\/wp-content\/uploads\/2020\/09\/thumbnail_gruppenfoto_querformat.jpg 1280w\" data-sizes=\"(max-width: 424px) 100vw, 424px\" src=\"data:image\/gif;base64,R0lGODlhAQABAAAAACH5BAEKAAEALAAAAAABAAEAAAICTAEAOw==\" style=\"--smush-placeholder-width: 424px; --smush-placeholder-aspect-ratio: 424\/318;\" \/><noscript><img loading=\"lazy\" class=\"alignnone  wp-image-11977\" src=\"https:\/\/physik.nawi.at\/wp-content\/uploads\/2020\/09\/thumbnail_gruppenfoto_querformat-300x225.jpg\" alt=\"\" width=\"424\" height=\"318\" srcset=\"https:\/\/physik.nawi.at\/wp-content\/uploads\/2020\/09\/thumbnail_gruppenfoto_querformat-300x225.jpg 300w, https:\/\/physik.nawi.at\/wp-content\/uploads\/2020\/09\/thumbnail_gruppenfoto_querformat-1024x768.jpg 1024w, https:\/\/physik.nawi.at\/wp-content\/uploads\/2020\/09\/thumbnail_gruppenfoto_querformat-768x576.jpg 768w, https:\/\/physik.nawi.at\/wp-content\/uploads\/2020\/09\/thumbnail_gruppenfoto_querformat.jpg 1280w\" sizes=\"(max-width: 424px) 100vw, 424px\" \/><\/noscript><\/a><\/p>\r\n\r\n\r\n\r\n<p>&nbsp;<\/p>\r\n","protected":false},"excerpt":{"rendered":"<p>Da dieses Semester durch Corona vor allem die digitale Welt sehr wichtig, haben wir uns daf\u00fcr entschieden,\u00a0 Discord zu verwenden, um die Erstituts\u00a0 \u00a0organisieren. Weiter unten stellen sich die Erstituts vor \ud83d\ude42 Was ist Discord und warum verwendet ihr gerade das f\u00fcr die Erstituts? Discord ist ein Onlinedienst mit Chat- und Sprachchannels, der urspr\u00fcnglich f\u00fcr [&hellip;]<\/p>\n","protected":false},"author":60,"featured_media":0,"parent":11920,"menu_order":1,"comment_status":"closed","ping_status":"closed","template":"","meta":[],"_links":{"self":[{"href":"https:\/\/physik.nawi.at\/index.php\/wp-json\/wp\/v2\/pages\/11916"}],"collection":[{"href":"https:\/\/physik.nawi.at\/index.php\/wp-json\/wp\/v2\/pages"}],"about":[{"href":"https:\/\/physik.nawi.at\/index.php\/wp-json\/wp\/v2\/types\/page"}],"author":[{"embeddable":true,"href":"https:\/\/physik.nawi.at\/index.php\/wp-json\/wp\/v2\/users\/60"}],"replies":[{"embeddable":true,"href":"https:\/\/physik.nawi.at\/index.php\/wp-json\/wp\/v2\/comments?post=11916"}],"version-history":[{"count":0,"href":"https:\/\/physik.nawi.at\/index.php\/wp-json\/wp\/v2\/pages\/11916\/revisions"}],"up":[{"embeddable":true,"href":"https:\/\/physik.nawi.at\/index.php\/wp-json\/wp\/v2\/pages\/11920"}],"wp:attachment":[{"href":"https:\/\/physik.nawi.at\/index.php\/wp-json\/wp\/v2\/media?parent=11916"}],"curies":[{"name":"wp","href":"https:\/\/api.w.org\/{rel}","templated":true}]}}