{"id":11489,"date":"2019-11-11T16:14:03","date_gmt":"2019-11-11T15:14:03","guid":{"rendered":"https:\/\/physik.nawi.at\/?page_id=11489"},"modified":"2023-08-20T13:18:54","modified_gmt":"2023-08-20T11:18:54","slug":"preis-fur-gute-lehre","status":"publish","type":"page","link":"https:\/\/physik.nawi.at\/index.php\/informationen\/im-studium\/preis-fur-gute-lehre\/","title":{"rendered":"Preis f\u00fcr gute Lehre"},"content":{"rendered":"<div id=\"pl-11489\"  class=\"panel-layout\" ><div id=\"pg-11489-0\"  class=\"panel-grid panel-no-style\" ><div id=\"pgc-11489-0-0\"  class=\"panel-grid-cell\" ><div id=\"panel-11489-0-0-0\" class=\"so-panel widget widget_sow-editor panel-first-child\" data-index=\"0\" ><div\n\t\t\t\n\t\t\tclass=\"so-widget-sow-editor so-widget-sow-editor-base\"\n\t\t\t\n\t\t>\n<div class=\"siteorigin-widget-tinymce textwidget\">\n\t<p><!-- wp:paragraph --><\/p>\n<p>Da wir der Lehre an der Uni einen h\u00f6heren Stellenwert geben wollen, verleihen wir jedes Jahr den Preis f\u00fcr gute Lehre. Dieser ist mit einem Preisgeld von 2000 Euro (vom Dekanat finanziert) dotiert, welches wieder der Lehre gewidmet werden muss.<\/p>\n<p><!-- \/wp:paragraph --><!-- wp:paragraph --><\/p>\n<p>Wir wollen mit diesem Preis aufzeigen, dass die Lehre in der wissenschaftlichen Welt sehr wichtig ist! Nat\u00fcrlich ist eines unserer Ziele, den zust\u00e4ndigen Menschen klarzumachen, wohin mehr Geld flie\u00dfen muss (mehr Tutoriumsstunden, Ausstattung der H\u00f6rs\u00e4le &amp; Hochschulen, mehr Stellen f\u00fcr Lehrende,\u2026) \u2013 dass es kaum Dauerstellen gibt, einen unglaublich hohen Publikations- bzw. Leistungsdruck und viele unbezahlte au\u00dfervertragliche Verpflichtungen ist absolut nicht vertretbar!<br \/>Wir hoffen, dass unser Preis f\u00fcr gute Lehre die Zeit bis zu einer echten Besserung der Bedingungen zumindest ein bisschen besser macht.<\/p>\n<p><!-- \/wp:paragraph --><!-- wp:paragraph --><\/p>\n<p>In der erste Phase, der <strong>Nominierungsphase<\/strong>, werden Lehrende von den Studierenden nominiert, die ihrer Meinung nach den Preis f\u00fcr gute Lehre bekommen sollten. In der anschlie\u00dfenden <strong>Umfragephase <\/strong>k\u00f6nnen alle Studierenden die nominierten Lehrenden anhand von vier Kriterien bewerten:<\/p>\n<p><!-- \/wp:paragraph --><!-- wp:list --><\/p>\n<ul>\n<li>Didaktische F\u00e4higkeiten<\/li>\n<li>Fachliche F\u00e4higkeiten<\/li>\n<li>Fairness &amp; Transparenz<\/li>\n<li>Umgang mit Studierenden<\/li>\n<\/ul>\n<p><!-- \/wp:list --><!-- wp:paragraph --><\/p>\n<p>In der letzten Phase wird die Umfrage ausgewertet. Falls nicht ein*e Gewinner*in klar aus dieser hervorgeht, werden die mit den besten R\u00fcckmeldungen aus der Umfrage aufgeschrieben und bei einem gro\u00dfen Plenum wird der*die endg\u00fcltige Person festgelegt.<\/p>\n<p>Gewonnen haben diesen Preis in den Vergangenen Jahren:<\/p>\n<p><!-- \/wp:paragraph --><\/p>\n<\/div>\n<\/div><\/div><div id=\"panel-11489-0-0-1\" class=\"so-panel widget widget_sow-accordion panel-last-child\" data-index=\"1\" ><div\n\t\t\t\n\t\t\tclass=\"so-widget-sow-accordion so-widget-sow-accordion-default-2b55ed2807e6-11489\"\n\t\t\t\n\t\t><div>\n\t<div class=\"sow-accordion\">\n\t\t\t<div class=\"sow-accordion-panel\n\t\t\t\t\t\"\n\t\t\t\tdata-anchor-id=\"2022-23-thomas-nikolai-kiesel-martin-martschini-juan-carlos-moreno-lopez\">\n\t\t\t\t\t<div class=\"sow-accordion-panel-header-container\" role=\"heading\" aria-level=\"2\">\n\t\t\t\t\t<div class=\"sow-accordion-panel-header\" tabindex=\"0\" role=\"button\" id=\"accordion-label-202223-thomas-nikolai-kiesel-martin-martschini-juan-carlos-moreno-l%c3%b3pez\" aria-controls=\"accordion-content-202223-thomas-nikolai-kiesel-martin-martschini-juan-carlos-moreno-l%c3%b3pez\" aria-expanded=\"false\">\n\t\t\t\t\t\t<div class=\"sow-accordion-title sow-accordion-title-icon-left\">\n\t\t\t\t\t\t\t\t\t\t\t\t\t\t2022\/23 - Thomas Nikolai Kiesel, Martin Martschini, Juan Carlos Moreno L\u00f3pez\t\t\t\t\t\t\t\t\t\t\t\t\t<\/div>\n\t\t\t\t\t\t<div class=\"sow-accordion-open-close-button\">\n\t\t\t\t\t\t\t<div class=\"sow-accordion-open-button\">\n\t\t\t\t\t\t\t\t<span class=\"sow-icon-ionicons\" data-sow-icon=\"&#xf218;\"\n\t\t \n\t\taria-hidden=\"true\"><\/span>\t\t\t\t\t\t\t<\/div>\n\t\t\t\t\t\t\t<div class=\"sow-accordion-close-button\">\n\t\t\t\t\t\t\t\t<span class=\"sow-icon-ionicons\" data-sow-icon=\"&#xf209;\"\n\t\t \n\t\taria-hidden=\"true\"><\/span>\t\t\t\t\t\t\t<\/div>\n\t\t\t\t\t\t<\/div>\n\t\t\t\t\t<\/div>\n\t\t\t\t<\/div>\n\n\t\t\t<div\n\t\t\t\tclass=\"sow-accordion-panel-content\"\n\t\t\t\trole=\"region\"\n\t\t\t\taria-labelledby=\"accordion-label-202223-thomas-nikolai-kiesel-martin-martschini-juan-carlos-moreno-l%c3%b3pez\"\n\t\t\t\tid=\"accordion-content-202223-thomas-nikolai-kiesel-martin-martschini-juan-carlos-moreno-l%c3%b3pez\"\n\t\t\t\tstyle=\"display: none;\"\t\t\t>\n\t\t\t\t<div class=\"sow-accordion-panel-border\">\n\t\t\t\t\t<p>Wir gratulieren Herzlich:\u200b\u200b\u200b\u200b\u200b\u200b\u200b<\/p>\n<p>Thomas Nikolai Kiesel f\u00fcr gute Lehre in einer nicht-pr\u00fcfungsimmanenten Lehrveranstaltung (VO) sowie Martin Martschini und Juan Carlos Moreno L\u00f3pez f\u00fcr gute Lehre in pr\u00fcfungsimmanenten Lehrveranstaltungen (PUE, SE, etc.).<\/p>\n<p>Dotiert war der Preis dieses Jahr mit 1.500 \u20ac und einer kleinen Erinnerungstroph\u00e4e aus Zwetschkenholz!<\/p>\n\t\t\t\t<\/div>\n\t\t\t<\/div>\n\t\t<\/div>\n\t\t\t<div class=\"sow-accordion-panel\n\t\t\t\t\t\"\n\t\t\t\tdata-anchor-id=\"2021-22-l-glaser\">\n\t\t\t\t\t<div class=\"sow-accordion-panel-header-container\" role=\"heading\" aria-level=\"2\">\n\t\t\t\t\t<div class=\"sow-accordion-panel-header\" tabindex=\"0\" role=\"button\" id=\"accordion-label-202122-l-glaser\" aria-controls=\"accordion-content-202122-l-glaser\" aria-expanded=\"false\">\n\t\t\t\t\t\t<div class=\"sow-accordion-title sow-accordion-title-icon-left\">\n\t\t\t\t\t\t\t\t\t\t\t\t\t\t2021\/22 - L Glaser\t\t\t\t\t\t\t\t\t\t\t\t\t<\/div>\n\t\t\t\t\t\t<div class=\"sow-accordion-open-close-button\">\n\t\t\t\t\t\t\t<div class=\"sow-accordion-open-button\">\n\t\t\t\t\t\t\t\t<span class=\"sow-icon-ionicons\" data-sow-icon=\"&#xf218;\"\n\t\t \n\t\taria-hidden=\"true\"><\/span>\t\t\t\t\t\t\t<\/div>\n\t\t\t\t\t\t\t<div class=\"sow-accordion-close-button\">\n\t\t\t\t\t\t\t\t<span class=\"sow-icon-ionicons\" data-sow-icon=\"&#xf209;\"\n\t\t \n\t\taria-hidden=\"true\"><\/span>\t\t\t\t\t\t\t<\/div>\n\t\t\t\t\t\t<\/div>\n\t\t\t\t\t<\/div>\n\t\t\t\t<\/div>\n\n\t\t\t<div\n\t\t\t\tclass=\"sow-accordion-panel-content\"\n\t\t\t\trole=\"region\"\n\t\t\t\taria-labelledby=\"accordion-label-202122-l-glaser\"\n\t\t\t\tid=\"accordion-content-202122-l-glaser\"\n\t\t\t\tstyle=\"display: none;\"\t\t\t>\n\t\t\t\t<div class=\"sow-accordion-panel-border\">\n\t\t\t\t\t<p>Wir gratulieren L Glaser zum Preis f\u00fcr Gute Lehre!<\/p>\n\t\t\t\t<\/div>\n\t\t\t<\/div>\n\t\t<\/div>\n\t\t\t<div class=\"sow-accordion-panel\n\t\t\t\t\t\"\n\t\t\t\tdata-anchor-id=\"2020-21-claas-abert-egon-tschurtschenthaler-thomas-plotz\">\n\t\t\t\t\t<div class=\"sow-accordion-panel-header-container\" role=\"heading\" aria-level=\"2\">\n\t\t\t\t\t<div class=\"sow-accordion-panel-header\" tabindex=\"0\" role=\"button\" id=\"accordion-label-202021-claas-abert-egon-tschurtschenthaler-thomas-plotz\" aria-controls=\"accordion-content-202021-claas-abert-egon-tschurtschenthaler-thomas-plotz\" aria-expanded=\"false\">\n\t\t\t\t\t\t<div class=\"sow-accordion-title sow-accordion-title-icon-left\">\n\t\t\t\t\t\t\t\t\t\t\t\t\t\t2020\/21 -  Claas Abert, Egon Tschurtschenthaler, Thomas Plotz\t\t\t\t\t\t\t\t\t\t\t\t\t<\/div>\n\t\t\t\t\t\t<div class=\"sow-accordion-open-close-button\">\n\t\t\t\t\t\t\t<div class=\"sow-accordion-open-button\">\n\t\t\t\t\t\t\t\t<span class=\"sow-icon-ionicons\" data-sow-icon=\"&#xf218;\"\n\t\t \n\t\taria-hidden=\"true\"><\/span>\t\t\t\t\t\t\t<\/div>\n\t\t\t\t\t\t\t<div class=\"sow-accordion-close-button\">\n\t\t\t\t\t\t\t\t<span class=\"sow-icon-ionicons\" data-sow-icon=\"&#xf209;\"\n\t\t \n\t\taria-hidden=\"true\"><\/span>\t\t\t\t\t\t\t<\/div>\n\t\t\t\t\t\t<\/div>\n\t\t\t\t\t<\/div>\n\t\t\t\t<\/div>\n\n\t\t\t<div\n\t\t\t\tclass=\"sow-accordion-panel-content\"\n\t\t\t\trole=\"region\"\n\t\t\t\taria-labelledby=\"accordion-label-202021-claas-abert-egon-tschurtschenthaler-thomas-plotz\"\n\t\t\t\tid=\"accordion-content-202021-claas-abert-egon-tschurtschenthaler-thomas-plotz\"\n\t\t\t\tstyle=\"display: none;\"\t\t\t>\n\t\t\t\t<div class=\"sow-accordion-panel-border\">\n\t\t\t\t\t<p><a href=\"https:\/\/physik.nawi.at\/index.php\/gewinner-preis-fur-gute-lehre-2020\/website-post-pfgl\/\" rel=\"attachment wp-att-12322\"><img class=\"aligncenter size-medium wp-image-12322 lazyload\" data-src=\"https:\/\/physik.nawi.at\/wp-content\/uploads\/2021\/01\/Website-Post-PfgL-300x120.png\" alt=\"\" width=\"300\" height=\"120\" src=\"data:image\/gif;base64,R0lGODlhAQABAAAAACH5BAEKAAEALAAAAAABAAEAAAICTAEAOw==\" style=\"--smush-placeholder-width: 300px; --smush-placeholder-aspect-ratio: 300\/120;\" \/><noscript><img class=\"aligncenter size-medium wp-image-12322\" src=\"https:\/\/physik.nawi.at\/wp-content\/uploads\/2021\/01\/Website-Post-PfgL-300x120.png\" alt=\"\" width=\"300\" height=\"120\" \/><\/noscript><\/a>Wir freuen uns die Gewinner des Preises f\u00fcr gute Lehre ver\u00f6ffentlichen zu d\u00fcrfen!<\/p>\n<p>Der Gewinner der Kategorie Vorlesung ist Claas Abert und die Gewinner der Kategorie Pr\u00fcfungsimmanente LV sind Egon Tschurtschenthaler und Thomas Plotz.<\/p>\n<p>Wir gratulieren den Gewinnern sehr herzlich!<\/p>\n\t\t\t\t<\/div>\n\t\t\t<\/div>\n\t\t<\/div>\n\t\t\t<div class=\"sow-accordion-panel\n\t\t\t\t\t\"\n\t\t\t\tdata-anchor-id=\"2019-20-paola-lopez\">\n\t\t\t\t\t<div class=\"sow-accordion-panel-header-container\" role=\"heading\" aria-level=\"2\">\n\t\t\t\t\t<div class=\"sow-accordion-panel-header\" tabindex=\"0\" role=\"button\" id=\"accordion-label-201920-paola-lopez\" aria-controls=\"accordion-content-201920-paola-lopez\" aria-expanded=\"false\">\n\t\t\t\t\t\t<div class=\"sow-accordion-title sow-accordion-title-icon-left\">\n\t\t\t\t\t\t\t\t\t\t\t\t\t\t2019\/20 - Paola Lopez\t\t\t\t\t\t\t\t\t\t\t\t\t<\/div>\n\t\t\t\t\t\t<div class=\"sow-accordion-open-close-button\">\n\t\t\t\t\t\t\t<div class=\"sow-accordion-open-button\">\n\t\t\t\t\t\t\t\t<span class=\"sow-icon-ionicons\" data-sow-icon=\"&#xf218;\"\n\t\t \n\t\taria-hidden=\"true\"><\/span>\t\t\t\t\t\t\t<\/div>\n\t\t\t\t\t\t\t<div class=\"sow-accordion-close-button\">\n\t\t\t\t\t\t\t\t<span class=\"sow-icon-ionicons\" data-sow-icon=\"&#xf209;\"\n\t\t \n\t\taria-hidden=\"true\"><\/span>\t\t\t\t\t\t\t<\/div>\n\t\t\t\t\t\t<\/div>\n\t\t\t\t\t<\/div>\n\t\t\t\t<\/div>\n\n\t\t\t<div\n\t\t\t\tclass=\"sow-accordion-panel-content\"\n\t\t\t\trole=\"region\"\n\t\t\t\taria-labelledby=\"accordion-label-201920-paola-lopez\"\n\t\t\t\tid=\"accordion-content-201920-paola-lopez\"\n\t\t\t\tstyle=\"display: none;\"\t\t\t>\n\t\t\t\t<div class=\"sow-accordion-panel-border\">\n\t\t\t\t\t<p><a href=\"https:\/\/physik.nawi.at\/index.php\/preis-fur-gute-lehre-19-20\/paola_lopez_pfgl19_20\/\" rel=\"attachment wp-att-11663\"><img class=\"aligncenter size-medium wp-image-11663 lazyload\" data-src=\"https:\/\/physik.nawi.at\/wp-content\/uploads\/2020\/01\/Paola_Lopez_Pfgl19_20-e1579716579202-225x300.jpg\" alt=\"\" width=\"225\" height=\"300\" src=\"data:image\/gif;base64,R0lGODlhAQABAAAAACH5BAEKAAEALAAAAAABAAEAAAICTAEAOw==\" style=\"--smush-placeholder-width: 225px; --smush-placeholder-aspect-ratio: 225\/300;\" \/><noscript><img class=\"aligncenter size-medium wp-image-11663\" src=\"https:\/\/physik.nawi.at\/wp-content\/uploads\/2020\/01\/Paola_Lopez_Pfgl19_20-e1579716579202-225x300.jpg\" alt=\"\" width=\"225\" height=\"300\" \/><\/noscript><\/a><\/p>\n\t\t\t\t<\/div>\n\t\t\t<\/div>\n\t\t<\/div>\n\t\t\t<div class=\"sow-accordion-panel\n\t\t\t\t\t\"\n\t\t\t\tdata-anchor-id=\"2018-19-jan-rosseel\">\n\t\t\t\t\t<div class=\"sow-accordion-panel-header-container\" role=\"heading\" aria-level=\"2\">\n\t\t\t\t\t<div class=\"sow-accordion-panel-header\" tabindex=\"0\" role=\"button\" id=\"accordion-label-201819-jan-rosseel\" aria-controls=\"accordion-content-201819-jan-rosseel\" aria-expanded=\"false\">\n\t\t\t\t\t\t<div class=\"sow-accordion-title sow-accordion-title-icon-left\">\n\t\t\t\t\t\t\t\t\t\t\t\t\t\t2018\/19 - Jan Rosseel\t\t\t\t\t\t\t\t\t\t\t\t\t<\/div>\n\t\t\t\t\t\t<div class=\"sow-accordion-open-close-button\">\n\t\t\t\t\t\t\t<div class=\"sow-accordion-open-button\">\n\t\t\t\t\t\t\t\t<span class=\"sow-icon-ionicons\" data-sow-icon=\"&#xf218;\"\n\t\t \n\t\taria-hidden=\"true\"><\/span>\t\t\t\t\t\t\t<\/div>\n\t\t\t\t\t\t\t<div class=\"sow-accordion-close-button\">\n\t\t\t\t\t\t\t\t<span class=\"sow-icon-ionicons\" data-sow-icon=\"&#xf209;\"\n\t\t \n\t\taria-hidden=\"true\"><\/span>\t\t\t\t\t\t\t<\/div>\n\t\t\t\t\t\t<\/div>\n\t\t\t\t\t<\/div>\n\t\t\t\t<\/div>\n\n\t\t\t<div\n\t\t\t\tclass=\"sow-accordion-panel-content\"\n\t\t\t\trole=\"region\"\n\t\t\t\taria-labelledby=\"accordion-label-201819-jan-rosseel\"\n\t\t\t\tid=\"accordion-content-201819-jan-rosseel\"\n\t\t\t\tstyle=\"display: none;\"\t\t\t>\n\t\t\t\t<div class=\"sow-accordion-panel-border\">\n\t\t\t\t\t<p><a href=\"https:\/\/physik.nawi.at\/index.php\/preis-fur-gute-lehre-18-19\/jan_rosseel\/\" rel=\"attachment wp-att-9171\"><img class=\"aligncenter size-medium wp-image-9171 lazyload\" data-src=\"https:\/\/physik.nawi.at\/wp-content\/uploads\/2018\/12\/jan_rosseel-225x300.jpg\" alt=\"\" width=\"225\" height=\"300\" src=\"data:image\/gif;base64,R0lGODlhAQABAAAAACH5BAEKAAEALAAAAAABAAEAAAICTAEAOw==\" style=\"--smush-placeholder-width: 225px; --smush-placeholder-aspect-ratio: 225\/300;\" \/><noscript><img class=\"aligncenter size-medium wp-image-9171\" src=\"https:\/\/physik.nawi.at\/wp-content\/uploads\/2018\/12\/jan_rosseel-225x300.jpg\" alt=\"\" width=\"225\" height=\"300\" \/><\/noscript><\/a><\/p>\n\t\t\t\t<\/div>\n\t\t\t<\/div>\n\t\t<\/div>\n\t\t\t<div class=\"sow-accordion-panel\n\t\t\t\t\t\"\n\t\t\t\tdata-anchor-id=\"2017-18-olaf-kruger\">\n\t\t\t\t\t<div class=\"sow-accordion-panel-header-container\" role=\"heading\" aria-level=\"2\">\n\t\t\t\t\t<div class=\"sow-accordion-panel-header\" tabindex=\"0\" role=\"button\" id=\"accordion-label-201718-olaf-kr%c3%bcger\" aria-controls=\"accordion-content-201718-olaf-kr%c3%bcger\" aria-expanded=\"false\">\n\t\t\t\t\t\t<div class=\"sow-accordion-title sow-accordion-title-icon-left\">\n\t\t\t\t\t\t\t\t\t\t\t\t\t\t2017\/18 - Olaf Kr\u00fcger\t\t\t\t\t\t\t\t\t\t\t\t\t<\/div>\n\t\t\t\t\t\t<div class=\"sow-accordion-open-close-button\">\n\t\t\t\t\t\t\t<div class=\"sow-accordion-open-button\">\n\t\t\t\t\t\t\t\t<span class=\"sow-icon-ionicons\" data-sow-icon=\"&#xf218;\"\n\t\t \n\t\taria-hidden=\"true\"><\/span>\t\t\t\t\t\t\t<\/div>\n\t\t\t\t\t\t\t<div class=\"sow-accordion-close-button\">\n\t\t\t\t\t\t\t\t<span class=\"sow-icon-ionicons\" data-sow-icon=\"&#xf209;\"\n\t\t \n\t\taria-hidden=\"true\"><\/span>\t\t\t\t\t\t\t<\/div>\n\t\t\t\t\t\t<\/div>\n\t\t\t\t\t<\/div>\n\t\t\t\t<\/div>\n\n\t\t\t<div\n\t\t\t\tclass=\"sow-accordion-panel-content\"\n\t\t\t\trole=\"region\"\n\t\t\t\taria-labelledby=\"accordion-label-201718-olaf-kr%c3%bcger\"\n\t\t\t\tid=\"accordion-content-201718-olaf-kr%c3%bcger\"\n\t\t\t\tstyle=\"display: none;\"\t\t\t>\n\t\t\t\t<div class=\"sow-accordion-panel-border\">\n\t\t\t\t\t<p><a href=\"https:\/\/physik.nawi.at\/index.php\/preis-fur-gute-lehre-17-18\/img_20180108_104702\/\" rel=\"attachment wp-att-7571\"><img class=\"aligncenter size-medium wp-image-7571 lazyload\" data-src=\"https:\/\/physik.nawi.at\/wp-content\/uploads\/2018\/01\/IMG_20180108_104702-169x300.jpg\" alt=\"\" width=\"169\" height=\"300\" src=\"data:image\/gif;base64,R0lGODlhAQABAAAAACH5BAEKAAEALAAAAAABAAEAAAICTAEAOw==\" style=\"--smush-placeholder-width: 169px; --smush-placeholder-aspect-ratio: 169\/300;\" \/><noscript><img class=\"aligncenter size-medium wp-image-7571\" src=\"https:\/\/physik.nawi.at\/wp-content\/uploads\/2018\/01\/IMG_20180108_104702-169x300.jpg\" alt=\"\" width=\"169\" height=\"300\" \/><\/noscript><\/a><\/p>\n\t\t\t\t<\/div>\n\t\t\t<\/div>\n\t\t<\/div>\n\t\t\t<div class=\"sow-accordion-panel\n\t\t\t\t\t\"\n\t\t\t\tdata-anchor-id=\"2016-17-jeremie-joudioux\">\n\t\t\t\t\t<div class=\"sow-accordion-panel-header-container\" role=\"heading\" aria-level=\"2\">\n\t\t\t\t\t<div class=\"sow-accordion-panel-header\" tabindex=\"0\" role=\"button\" id=\"accordion-label-201617-j%c3%a9r%c3%a9mie-joudioux\" aria-controls=\"accordion-content-201617-j%c3%a9r%c3%a9mie-joudioux\" aria-expanded=\"false\">\n\t\t\t\t\t\t<div class=\"sow-accordion-title sow-accordion-title-icon-left\">\n\t\t\t\t\t\t\t\t\t\t\t\t\t\t2016\/17 - J\u00e9r\u00e9mie Joudioux\t\t\t\t\t\t\t\t\t\t\t\t\t<\/div>\n\t\t\t\t\t\t<div class=\"sow-accordion-open-close-button\">\n\t\t\t\t\t\t\t<div class=\"sow-accordion-open-button\">\n\t\t\t\t\t\t\t\t<span class=\"sow-icon-ionicons\" data-sow-icon=\"&#xf218;\"\n\t\t \n\t\taria-hidden=\"true\"><\/span>\t\t\t\t\t\t\t<\/div>\n\t\t\t\t\t\t\t<div class=\"sow-accordion-close-button\">\n\t\t\t\t\t\t\t\t<span class=\"sow-icon-ionicons\" data-sow-icon=\"&#xf209;\"\n\t\t \n\t\taria-hidden=\"true\"><\/span>\t\t\t\t\t\t\t<\/div>\n\t\t\t\t\t\t<\/div>\n\t\t\t\t\t<\/div>\n\t\t\t\t<\/div>\n\n\t\t\t<div\n\t\t\t\tclass=\"sow-accordion-panel-content\"\n\t\t\t\trole=\"region\"\n\t\t\t\taria-labelledby=\"accordion-label-201617-j%c3%a9r%c3%a9mie-joudioux\"\n\t\t\t\tid=\"accordion-content-201617-j%c3%a9r%c3%a9mie-joudioux\"\n\t\t\t\tstyle=\"display: none;\"\t\t\t>\n\t\t\t\t<div class=\"sow-accordion-panel-border\">\n\t\t\t\t\t<p><a href=\"https:\/\/physik.nawi.at\/index.php\/preis-fur-gute-lehre-1718\/csm_joudioux-prix_5338b83e6d\/\" rel=\"attachment wp-att-7142\"><img class=\"aligncenter size-medium wp-image-7142 lazyload\" data-src=\"https:\/\/physik.nawi.at\/wp-content\/uploads\/2017\/10\/csm_joudioux-prix_5338b83e6d-300x225.jpg\" alt=\"\" width=\"300\" height=\"225\" src=\"data:image\/gif;base64,R0lGODlhAQABAAAAACH5BAEKAAEALAAAAAABAAEAAAICTAEAOw==\" style=\"--smush-placeholder-width: 300px; --smush-placeholder-aspect-ratio: 300\/225;\" \/><noscript><img class=\"aligncenter size-medium wp-image-7142\" src=\"https:\/\/physik.nawi.at\/wp-content\/uploads\/2017\/10\/csm_joudioux-prix_5338b83e6d-300x225.jpg\" alt=\"\" width=\"300\" height=\"225\" \/><\/noscript><\/a><\/p>\n\t\t\t\t<\/div>\n\t\t\t<\/div>\n\t\t<\/div>\n\t\t<\/div>\n<\/div>\n<\/div><\/div><\/div><\/div><\/div>","protected":false},"excerpt":{"rendered":"<p>Da wir der Lehre an der Uni einen h\u00f6heren Stellenwert geben wollen, verleihen wir jedes Jahr den Preis f\u00fcr gute Lehre. Dieser ist mit einem Preisgeld von 2000 Euro (vom Dekanat finanziert) dotiert, welches wieder der Lehre gewidmet werden muss. Wir wollen mit diesem Preis aufzeigen, dass die Lehre in der wissenschaftlichen Welt sehr wichtig [&hellip;]<\/p>\n","protected":false},"author":60,"featured_media":0,"parent":6773,"menu_order":0,"comment_status":"closed","ping_status":"closed","template":"","meta":[],"_links":{"self":[{"href":"https:\/\/physik.nawi.at\/index.php\/wp-json\/wp\/v2\/pages\/11489"}],"collection":[{"href":"https:\/\/physik.nawi.at\/index.php\/wp-json\/wp\/v2\/pages"}],"about":[{"href":"https:\/\/physik.nawi.at\/index.php\/wp-json\/wp\/v2\/types\/page"}],"author":[{"embeddable":true,"href":"https:\/\/physik.nawi.at\/index.php\/wp-json\/wp\/v2\/users\/60"}],"replies":[{"embeddable":true,"href":"https:\/\/physik.nawi.at\/index.php\/wp-json\/wp\/v2\/comments?post=11489"}],"version-history":[{"count":0,"href":"https:\/\/physik.nawi.at\/index.php\/wp-json\/wp\/v2\/pages\/11489\/revisions"}],"up":[{"embeddable":true,"href":"https:\/\/physik.nawi.at\/index.php\/wp-json\/wp\/v2\/pages\/6773"}],"wp:attachment":[{"href":"https:\/\/physik.nawi.at\/index.php\/wp-json\/wp\/v2\/media?parent=11489"}],"curies":[{"name":"wp","href":"https:\/\/api.w.org\/{rel}","templated":true}]}}